{"id":14460,"date":"2015-02-02T12:07:24","date_gmt":"2015-02-02T12:07:24","guid":{"rendered":"https:\/\/irishpubcompany.com\/fakten-zahlen-irische-pubs-und-bars\/"},"modified":"2015-02-02T12:07:24","modified_gmt":"2015-02-02T12:07:24","slug":"fakten-zahlen-irische-pubs-und-bars","status":"publish","type":"page","link":"https:\/\/irishpubcompany.com\/de\/fakten-zahlen-irische-pubs-und-bars\/","title":{"rendered":"Fakten &amp; Zahlen: Irische Pubs und Bars"},"content":{"rendered":"<p><a href=\"http:\/\/irishpubcompany.com\" rel=\"http:\/\/plus.google.com\/114548325852759416630?rel=publisher\"><img loading=\"lazy\" decoding=\"async\" class=\"aligncenter wp-image-3558 size-large\" src=\"http:\/\/irishpubcompany.com\/wp-content\/uploads\/2015\/02\/best-pub-design-irish-pub-company-1024x400.jpg\" alt=\"Irische Pubs &amp; Bars\" width=\"604\" height=\"236\"><\/a><\/p>\n<p><strong>Ein authentischer irischer Pub ist eine bemerkenswerte Gesch\u00e4ftsm\u00f6glichkeit<\/strong><\/p>\n<p>Basierend auf einer Studie von <strong>Diageo Guinness<\/strong> beim Vergleich der besten irischen Pub-Designs f\u00fcr Pubs und Bars mit Casual-Dining-Restaurants:<\/p>\n<ul>\n<li>6 % der irischen Pubs &amp; Bars weisen ein deutlich h\u00f6heres Verh\u00e4ltnis von Getr\u00e4nken zu Speisen auf<\/li>\n<li>Die Umsatzkosten sind in irischen Pubs und Bars zwischen 0,8 % und 5,1 % niedriger<\/li>\n<li>Die Personalkosten sind in irischen Pubs und Bars um bis zu 4,0 % niedriger<\/li>\n<li>4 % der irischen Pubs und Bars haben einen durchschnittlichen Umsatz von mehr als 21 $, w\u00e4hrend 42,1 % der irischen Pubs und Bars einen durchschnittlichen Getr\u00e4nkeumsatz von mehr als 11 $ aufweisen. Beide Zahlen \u00fcbertreffen den Branchendurchschnitt <\/li>\n<\/ul>\n<p>Vergleicht man die finanzielle Performance eines authentischen, designorientierten irischen Pubs mit der eines Casual-Dining-Restaurants, die beide j\u00e4hrliche Ums\u00e4tze von 2 Mio. $ erzielen, w\u00fcrden die Ergebnisse stark darauf hindeuten, dass ein authentischer irischer Pub einen zus\u00e4tzlichen Gewinn vor Steuern zwischen 100.000 $ und 200.000 $ erzielen w\u00fcrde<\/p>\n<p>Quelle: <a title=\"Guinness Irish Pub Konzept \" href=\"http:\/\/irishpubconcept.com\/\" target=\"_blank\" rel=\"noopener noreferrer\">Guinness Irish Pub Konzept<\/a><\/p>\n","protected":false},"excerpt":{"rendered":"<p>Ein authentischer irischer Pub ist eine bemerkenswerte Gesch\u00e4ftsm\u00f6glichkeit Basierend auf einer Studie von Diageo Guinness beim Vergleich der besten irischen Pub-Designs f\u00fcr Pubs und Bars mit Casual-Dining-Restaurants: 6 % der irischen Pubs &amp; Bars weisen ein deutlich h\u00f6heres Verh\u00e4ltnis von Getr\u00e4nken zu Speisen auf Die Umsatzkosten sind in irischen Pubs und Bars zwischen 0,8 % [&hellip;]<\/p>\n","protected":false},"author":1,"featured_media":0,"parent":0,"menu_order":0,"comment_status":"closed","ping_status":"closed","template":"","meta":{"_et_pb_use_builder":"","_et_pb_old_content":"","_et_gb_content_width":"","_uag_custom_page_level_css":"","footnotes":""},"class_list":["post-14460","page","type-page","status-publish","hentry"],"uagb_featured_image_src":{"full":false,"thumbnail":false,"medium":false,"medium_large":false,"large":false,"1536x1536":false,"2048x2048":false,"et-pb-post-main-image":false,"et-pb-post-main-image-fullwidth":false,"et-pb-portfolio-image":false,"et-pb-portfolio-module-image":false,"et-pb-portfolio-image-single":false,"et-pb-gallery-module-image-portrait":false,"et-pb-post-main-image-fullwidth-large":false,"et-pb-image--responsive--desktop":false,"et-pb-image--responsive--tablet":false,"et-pb-image--responsive--phone":false},"uagb_author_info":{"display_name":"dn_admin","author_link":"https:\/\/irishpubcompany.com\/de\/author\/dn_admin\/"},"uagb_comment_info":0,"uagb_excerpt":"Ein authentischer irischer Pub ist eine bemerkenswerte Gesch\u00e4ftsm\u00f6glichkeit Basierend auf einer Studie von Diageo Guinness beim Vergleich der besten irischen Pub-Designs f\u00fcr Pubs und Bars mit Casual-Dining-Restaurants: 6 % der irischen Pubs &amp; Bars weisen ein deutlich h\u00f6heres Verh\u00e4ltnis von Getr\u00e4nken zu Speisen auf Die Umsatzkosten sind in irischen Pubs und Bars zwischen 0,8 %&hellip;","_links":{"self":[{"href":"https:\/\/irishpubcompany.com\/de\/wp-json\/wp\/v2\/pages\/14460","targetHints":{"allow":["GET"]}}],"collection":[{"href":"https:\/\/irishpubcompany.com\/de\/wp-json\/wp\/v2\/pages"}],"about":[{"href":"https:\/\/irishpubcompany.com\/de\/wp-json\/wp\/v2\/types\/page"}],"author":[{"embeddable":true,"href":"https:\/\/irishpubcompany.com\/de\/wp-json\/wp\/v2\/users\/1"}],"replies":[{"embeddable":true,"href":"https:\/\/irishpubcompany.com\/de\/wp-json\/wp\/v2\/comments?post=14460"}],"version-history":[{"count":0,"href":"https:\/\/irishpubcompany.com\/de\/wp-json\/wp\/v2\/pages\/14460\/revisions"}],"wp:attachment":[{"href":"https:\/\/irishpubcompany.com\/de\/wp-json\/wp\/v2\/media?parent=14460"}],"curies":[{"name":"wp","href":"https:\/\/api.w.org\/{rel}","templated":true}]}}