{"id":14466,"date":"2015-04-20T11:53:07","date_gmt":"2015-04-20T10:53:07","guid":{"rendered":"https:\/\/irishpubcompany.com\/das-irische-pub-whiskey-bar-konzept\/"},"modified":"2015-04-20T11:53:07","modified_gmt":"2015-04-20T10:53:07","slug":"das-irische-pub-whiskey-bar-konzept","status":"publish","type":"page","link":"https:\/\/irishpubcompany.com\/de\/das-irische-pub-whiskey-bar-konzept\/","title":{"rendered":"Das irische Pub-Whiskey-Bar-Konzept"},"content":{"rendered":"<p>Der Aufstieg des gebildeten, versierten Kunden wirkt sich in den letzten Jahren auf die Bar- und Pubgestaltung aus.<\/p>\n<p>~ Kunden fragen nicht mehr nur nach einem \u201eBier\u201c oder einem \u201eWhiskey\u201c.<br \/>\n~ Kunden sind nicht mehr damit zufrieden, bedient zu werden, sie wollen einbezogen werden und sie wollen gebildet werden.<br \/>\n~ Das Irish Pub Company Whiskey Bar Concept wird Kunden begeistern, gebildete Kunden ansprechen und Kunden anziehen.<\/p>\n<p>Die Erg\u00e4nzung einer Whiskey-Verkostungsbar in Ihrem Pub steigert den Wert und belebt Ihr Gesch\u00e4ft neu. Nehmen Sie eine bestehende irische Bar und verwandeln Sie sie, indem Sie eine beeindruckende Spirituosenbar hinzuf\u00fcgen. Mit unterschiedlichen Bereichen f\u00fcr Versammlungs- und Besprechungsr\u00e4ume, die durch das Hinzuf\u00fcgen und Gestalten eines zeitgem\u00e4\u00dfen Ambientes rund um eine geborgene irische Bar geschaffen werden.  <\/p>\n<p><a href=\"http:\/\/irishpubcompany.com\/wp-content\/uploads\/2015\/04\/whiskey-concept-pic1.jpg\"><img loading=\"lazy\" decoding=\"async\" class=\" size-medium wp-image-4040 aligncenter\" src=\"http:\/\/irishpubcompany.com\/wp-content\/uploads\/2015\/04\/whiskey-concept-pic1-300x224.jpg\" alt=\"Whiskey-Konzeptbild\" width=\"300\" height=\"224\"><\/a><\/p>\n<p>Durch die Verwendung von handgefertigten Materialien und irischen H\u00f6lzern wird das Irish Pub Company Whiskey Bar Concept selbst den erfahrensten Whiskey-Trinker beeindrucken und diejenigen begeistern, die gerade erst ihre Whiskey-Reise beginnen.<\/p>\n<p>Komfort in Raumbereichen, die sich in Stil und Gr\u00f6\u00dfe unterscheiden, wird den Kunden begeistern und immer wieder begeistern. Mit rustikalem, historischem Interieur, das durch modernes Design und Technologie hervorgehoben wird, und dem Whiskey-Erlebnisangebot wird das Irish Pub Company Whiskey-Konzept jeden Ort aufwerten. <\/p>\n<p>Dieses Konzept wurde f\u00fcr Gruppen und Veranstaltungen entwickelt und macht Ihr Unternehmen zu einem beliebten Ziel, in dem Kunden Whiskey in all seiner Pracht in einer stilvollen Verkostungsbar mit einem ausgebildeten Barkeeper erleben k\u00f6nnen.<\/p>\n<p>Ende 2014 entwarf die Irish Pub Company das <span><br \/>\n  <a style=\"color: #ffcc00;\" title=\"Irish Whiskey Museum\" href=\"http:\/\/www.irishwhiskeymuseum.ie\/\" target=\"_blank\" rel=\"noopener noreferrer\">Irish Whiskey Museum<\/a><br \/>\n<\/span> in Dublin 2. Dieses innovative Design war das erste seiner Art in Irland \u2013 das erste Irish Whiskey Museum der Welt. <span><a style=\"color: #ffcc00;\" title=\"Irisches Pub-Company-Design des irischen Whiskey-Museums\" href=\"http:\/\/irishpubcompany.com\/portfolio-view\/irish-whiskey-museum\/\" target=\"_blank\" rel=\"noopener noreferrer\"> Sehen Sie hier das Irish Pub Company Design des Irish Whiskey Museums.<\/a><\/span><\/p>\n<p><a title=\"Kontaktieren Sie die Irish Pub Company\" href=\"http:\/\/irishpubcompany.com\/contact\/\" target=\"_blank\" rel=\"noopener noreferrer\"><span>Kontaktieren Sie uns, um mehr \u00fcber dieses Designkonzept zu erfahren.  <\/span><\/a><\/p>\n<p style=\"text-align: center;\"><strong><span style=\"color: #ff0000;\">ACHTUNG!<\/span><\/strong><br \/>\n<strong><span style=\"color: #ff0000;\"> Urheberrechtshinweis!<\/span><\/strong><br \/>\n<strong><span style=\"color: #ff0000;\"> Diese Konzeptdesigns sind geistiges Eigentum der Irish Pub Company.<\/span><\/strong><\/p>\n<p style=\"text-align: center;\"><a title=\"Newsletter-Anmeldung\" href=\"http:\/\/irishpubcompany.com\/newsletter-signup\/\"><span>Melden Sie sich f\u00fcr unseren Newsletter an, um Neuigkeiten und Meinungen zu erhalten.<\/span><\/a><\/p>\n","protected":false},"excerpt":{"rendered":"<p>Der Aufstieg des gebildeten, versierten Kunden wirkt sich in den letzten Jahren auf die Bar- und Pubgestaltung aus. ~ Kunden fragen nicht mehr nur nach einem \u201eBier\u201c oder einem \u201eWhiskey\u201c. ~ Kunden sind nicht mehr damit zufrieden, bedient zu werden, sie wollen einbezogen werden und sie wollen gebildet werden. ~ Das Irish Pub Company Whiskey [&hellip;]<\/p>\n","protected":false},"author":1,"featured_media":0,"parent":0,"menu_order":0,"comment_status":"closed","ping_status":"closed","template":"","meta":{"_et_pb_use_builder":"","_et_pb_old_content":"","_et_gb_content_width":"","_uag_custom_page_level_css":"","footnotes":""},"class_list":["post-14466","page","type-page","status-publish","hentry"],"uagb_featured_image_src":{"full":false,"thumbnail":false,"medium":false,"medium_large":false,"large":false,"1536x1536":false,"2048x2048":false,"et-pb-post-main-image":false,"et-pb-post-main-image-fullwidth":false,"et-pb-portfolio-image":false,"et-pb-portfolio-module-image":false,"et-pb-portfolio-image-single":false,"et-pb-gallery-module-image-portrait":false,"et-pb-post-main-image-fullwidth-large":false,"et-pb-image--responsive--desktop":false,"et-pb-image--responsive--tablet":false,"et-pb-image--responsive--phone":false},"uagb_author_info":{"display_name":"dn_admin","author_link":"https:\/\/irishpubcompany.com\/de\/author\/dn_admin\/"},"uagb_comment_info":0,"uagb_excerpt":"Der Aufstieg des gebildeten, versierten Kunden wirkt sich in den letzten Jahren auf die Bar- und Pubgestaltung aus. ~ Kunden fragen nicht mehr nur nach einem \u201eBier\u201c oder einem \u201eWhiskey\u201c. ~ Kunden sind nicht mehr damit zufrieden, bedient zu werden, sie wollen einbezogen werden und sie wollen gebildet werden. ~ Das Irish Pub Company Whiskey&hellip;","_links":{"self":[{"href":"https:\/\/irishpubcompany.com\/de\/wp-json\/wp\/v2\/pages\/14466","targetHints":{"allow":["GET"]}}],"collection":[{"href":"https:\/\/irishpubcompany.com\/de\/wp-json\/wp\/v2\/pages"}],"about":[{"href":"https:\/\/irishpubcompany.com\/de\/wp-json\/wp\/v2\/types\/page"}],"author":[{"embeddable":true,"href":"https:\/\/irishpubcompany.com\/de\/wp-json\/wp\/v2\/users\/1"}],"replies":[{"embeddable":true,"href":"https:\/\/irishpubcompany.com\/de\/wp-json\/wp\/v2\/comments?post=14466"}],"version-history":[{"count":0,"href":"https:\/\/irishpubcompany.com\/de\/wp-json\/wp\/v2\/pages\/14466\/revisions"}],"wp:attachment":[{"href":"https:\/\/irishpubcompany.com\/de\/wp-json\/wp\/v2\/media?parent=14466"}],"curies":[{"name":"wp","href":"https:\/\/api.w.org\/{rel}","templated":true}]}}