{"id":14467,"date":"2015-04-16T11:19:34","date_gmt":"2015-04-16T10:19:34","guid":{"rendered":"https:\/\/irishpubcompany.com\/zeitgenoessisches-trifft-auf-katalanisches-erbe\/"},"modified":"2015-04-16T11:19:34","modified_gmt":"2015-04-16T10:19:34","slug":"zeitgenoessisches-trifft-auf-katalanisches-erbe","status":"publish","type":"page","link":"https:\/\/irishpubcompany.com\/de\/zeitgenoessisches-trifft-auf-katalanisches-erbe\/","title":{"rendered":"Zeitgen\u00f6ssisches trifft auf katalanisches Erbe"},"content":{"rendered":"<h3>Zeitgen\u00f6ssisches trifft auf katalanisches Erbe<\/h3>\n<p>Dieses Konzept ist eine Verschmelzung zweier Zeitrahmen mit Designinspirationen aus dem zeitgen\u00f6ssischen Barcelona und seiner kulturellen Vergangenheit.<\/p>\n<p><a href=\"http:\/\/irishpubcompany.com\/wp-content\/uploads\/2015\/04\/Catalonian-Pic.jpg\" rel=\"http:\/\/plus.google.com\/114548325852759416630?rel=publisher\"><img loading=\"lazy\" decoding=\"async\" class=\"aligncenter wp-image-3948 size-medium\" src=\"http:\/\/irishpubcompany.com\/wp-content\/uploads\/2015\/04\/Catalonian-Pic-300x225.jpg\" alt=\"Katalanisches Bild\" width=\"300\" height=\"225\"><\/a><\/p>\n<p><strong><em>Das Gesamtkonzept ist eine Verschmelzung zweier Zeitrahmen, ein Design, das von der zeitgen\u00f6ssischen Barcelona und ihrer kulturellen Vergangenheit inspiriert ist.<\/em><\/strong><\/p>\n<p>Charakteristische Designelemente pr\u00e4gen dieses Konzept, die das katalanische Erbe auf zeitgem\u00e4\u00dfe Weise zum Ausdruck bringen:<\/p>\n<p>~ Lichtkaskaden<br \/>\n~ Dramatische R\u00fcckwandbar<br \/>\n~ Spirituosenpr\u00e4sentationen<br \/>\n~ Barcelonische Fliesen<br \/>\n~ Antike Spiegel<br \/>\n~ H\u00e4ngende Tische<br \/>\n~ Kupferw\u00e4nde mit gepr\u00e4gter katalanischer Schrift<\/p>\n<p><strong>Zu den Designmerkmalen dieses Konzepts geh\u00f6ren:<\/strong><\/p>\n<p>Sitzgelegenheiten in Loungebereichen sollten bequem und einladend sein und Tische mit metallischen Kurven aufweisen, die an von Gehry inspirierte Arbeiten erinnern.<br \/>\n<strong><em>Der Sitzbereich um den unteren Loungebereich ist komfortabel und einladend, mit Tischen mit metallischen Kurven, wiederum inspiriert von GEHRYs Werk.<\/em><\/strong><\/p>\n<p>Geborgene Elemente verschmelzen mit klassischen Merkmalen, um das katalanische Erbe dem Verbraucher auf eine Weise n\u00e4herzubringen, die den Vorlieben und Einfl\u00fcssen der heutigen Verbraucher entspricht.<\/p>\n<p>Fenster w\u00fcrden subtile Musterungen aufweisen, die eine Reflexion katalanischer Fliesen andeuten und ein Gef\u00fchl der Privatsph\u00e4re schaffen, w\u00e4hrend das Licht hereinstr\u00f6men kann.<br \/>\n<strong><em>Die gesamte Zwischendecke ist in Silber und warmem Gold gehalten, sanft reflektierend, wo sie durch die Beleuchtung der organischen Luftskulptur verst\u00e4rkt wird.<\/em><\/strong><\/p>\n<p>Dieses Design verspricht, Kunden anzuziehen und zu begeistern, dem Betreiber einen Mehrwert zu bieten und das katalanische Erbe sowie kulturelle Einfl\u00fcsse durchweg widerzuspiegeln.<\/p>\n<p style=\"text-align: center;\"><a title=\"Kontaktieren Sie das Team der Irish Pub Company per E-Mail\" href=\"mailto:info@irishpubcompany.com\"><span><strong>Ist dies das richtige Design f\u00fcr Sie? Kontaktieren Sie uns noch heute, um mehr zu erfahren.  <\/strong><\/span><\/a><\/p>\n<p style=\"text-align: center;\"><a title=\"Kontaktieren Sie das Team der Irish Pub Company per E-Mail\" href=\"mailto:info@irishpubcompany.com\"><span><strong> Ist dies das Design f\u00fcr Sie? Kontaktieren Sie uns noch heute, um zu erfahren, wie wir dieses Designkonzept f\u00fcr Sie umsetzen k\u00f6nnen. <\/strong><\/span><\/a><\/p>\n<p style=\"text-align: center;\"><span style=\"color: #ff0000;\">ACHTUNG!<\/span><br \/>\n<span style=\"color: #ff0000;\"> Urheberrechtshinweis!<\/span><\/p>\n<p style=\"text-align: center;\"><span style=\"color: #ff0000;\">Diese Konzeptentw\u00fcrfe sind geistiges Eigentum der Irish Pub Company.<\/span><\/p>\n<p style=\"text-align: center;\"><a title=\"Newsletter-Anmeldung\" href=\"http:\/\/irishpubcompany.com\/newsletter-signup\/\"><span>Melden Sie sich f\u00fcr unseren Newsletter an, um Neuigkeiten und Meinungen zu erhalten. <\/span><\/a><\/p>\n<p style=\"text-align: center;\"><span style=\"color: #ffffff;\"><a style=\"color: #ffffff;\" title=\"Newsletter-Anmeldung \" href=\"http:\/\/irishpubcompany.com\/newsletter-signup\/\">Melden Sie sich f\u00fcr unseren Newsletter an, um Neuigkeiten und Meinungen zu erhalten. <\/a><\/span><\/p>\n","protected":false},"excerpt":{"rendered":"<p>Zeitgen\u00f6ssisches trifft auf katalanisches Erbe Dieses Konzept ist eine Verschmelzung zweier Zeitrahmen mit Designinspirationen aus dem zeitgen\u00f6ssischen Barcelona und seiner kulturellen Vergangenheit. Das Gesamtkonzept ist eine Verschmelzung zweier Zeitrahmen, ein Design, das von der zeitgen\u00f6ssischen Barcelona und ihrer kulturellen Vergangenheit inspiriert ist. Charakteristische Designelemente pr\u00e4gen dieses Konzept, die das katalanische Erbe auf zeitgem\u00e4\u00dfe Weise zum [&hellip;]<\/p>\n","protected":false},"author":1,"featured_media":0,"parent":0,"menu_order":0,"comment_status":"closed","ping_status":"closed","template":"","meta":{"_et_pb_use_builder":"","_et_pb_old_content":"","_et_gb_content_width":"","_uag_custom_page_level_css":"","footnotes":""},"class_list":["post-14467","page","type-page","status-publish","hentry"],"uagb_featured_image_src":{"full":false,"thumbnail":false,"medium":false,"medium_large":false,"large":false,"1536x1536":false,"2048x2048":false,"et-pb-post-main-image":false,"et-pb-post-main-image-fullwidth":false,"et-pb-portfolio-image":false,"et-pb-portfolio-module-image":false,"et-pb-portfolio-image-single":false,"et-pb-gallery-module-image-portrait":false,"et-pb-post-main-image-fullwidth-large":false,"et-pb-image--responsive--desktop":false,"et-pb-image--responsive--tablet":false,"et-pb-image--responsive--phone":false},"uagb_author_info":{"display_name":"dn_admin","author_link":"https:\/\/irishpubcompany.com\/de\/author\/dn_admin\/"},"uagb_comment_info":0,"uagb_excerpt":"Zeitgen\u00f6ssisches trifft auf katalanisches Erbe Dieses Konzept ist eine Verschmelzung zweier Zeitrahmen mit Designinspirationen aus dem zeitgen\u00f6ssischen Barcelona und seiner kulturellen Vergangenheit. Das Gesamtkonzept ist eine Verschmelzung zweier Zeitrahmen, ein Design, das von der zeitgen\u00f6ssischen Barcelona und ihrer kulturellen Vergangenheit inspiriert ist. Charakteristische Designelemente pr\u00e4gen dieses Konzept, die das katalanische Erbe auf zeitgem\u00e4\u00dfe Weise zum&hellip;","_links":{"self":[{"href":"https:\/\/irishpubcompany.com\/de\/wp-json\/wp\/v2\/pages\/14467","targetHints":{"allow":["GET"]}}],"collection":[{"href":"https:\/\/irishpubcompany.com\/de\/wp-json\/wp\/v2\/pages"}],"about":[{"href":"https:\/\/irishpubcompany.com\/de\/wp-json\/wp\/v2\/types\/page"}],"author":[{"embeddable":true,"href":"https:\/\/irishpubcompany.com\/de\/wp-json\/wp\/v2\/users\/1"}],"replies":[{"embeddable":true,"href":"https:\/\/irishpubcompany.com\/de\/wp-json\/wp\/v2\/comments?post=14467"}],"version-history":[{"count":0,"href":"https:\/\/irishpubcompany.com\/de\/wp-json\/wp\/v2\/pages\/14467\/revisions"}],"wp:attachment":[{"href":"https:\/\/irishpubcompany.com\/de\/wp-json\/wp\/v2\/media?parent=14467"}],"curies":[{"name":"wp","href":"https:\/\/api.w.org\/{rel}","templated":true}]}}