{"id":14468,"date":"2015-04-16T10:59:28","date_gmt":"2015-04-16T09:59:28","guid":{"rendered":"https:\/\/irishpubcompany.com\/hier-kommt-der-richter\/"},"modified":"2015-04-16T10:59:28","modified_gmt":"2015-04-16T09:59:28","slug":"hier-kommt-der-richter","status":"publish","type":"page","link":"https:\/\/irishpubcompany.com\/de\/hier-kommt-der-richter\/","title":{"rendered":"Hier kommt der Richter"},"content":{"rendered":"<h3>Hier kommt der Richter \u2013 ein neues Designkonzept der Irish Pub Company<\/h3>\n<p>Ein Teil unserer Designinspiration hier bei der Irish Pub Company stammt von Sammlerst\u00fccken und geborgenen Gegenst\u00e4nden. Stellen Sie sich den \u201eCourthouse Pub\u201c oder \u201eClub\u201c vor. <\/p>\n<p><a href=\"http:\/\/irishpubcompany.com\/wp-content\/uploads\/2015\/04\/Courthouse-Picture.jpg\" rel=\"http:\/\/plus.google.com\/114548325852759416630?rel=publisher\"><img loading=\"lazy\" decoding=\"async\" class=\"aligncenter wp-image-3946 size-medium\" src=\"http:\/\/irishpubcompany.com\/wp-content\/uploads\/2015\/04\/Courthouse-Picture-300x225.jpg\" alt=\"Bild des Irish Pub Konzeptes \u201eCourthouse\u201c\" width=\"300\" height=\"225\"><\/a><\/p>\n<p>Nehmen Sie ein bestehendes Gerichtsgeb\u00e4ude und verwandeln Sie es in eine dramatische Spirituosenbar. Mit verschiedenen Bereichen f\u00fcr Versammlungen und Besprechungsr\u00e4ume, die durch das Hinzuf\u00fcgen und Gestalten eines zeitgen\u00f6ssischen Flairs in diesem bestehenden Gerichtsgeb\u00e4ude geschaffen werden. Komfort in Nischenbereichen, die sich in Stil und Gr\u00f6\u00dfe unterscheiden, wird den Kunden begeistern und immer wieder aufs Neue faszinieren. Mit rustikalem, historischem Interieur, das durch modernes Design und Technologie hervorgehoben wird, bietet das \u201eCourthouse\u201c allen Altersgruppen, was sie an einem Ort w\u00fcnschen.   <\/p>\n<p>Heutige Pubs, Clubs und Bars m\u00fcssen den interessierten und neugierigen Kunden zu einem loyalen Kunden machen. Ob Kunden angeklagt werden, in der Grand Jury sitzen, das Schlusspl\u00e4doyer halten oder bei einem Drink \u00fcber die Beweise nachdenken \u2013 das \u201eCourthouse\u201c bietet eine spannende Gelegenheit f\u00fcr Investoren und Betreiber. <\/p>\n<p>Das \u201eCourthouse\u201c eignet sich f\u00fcr ein Designkonzept, das alle Anforderungen an ein Design des 21. Jahrhunderts erf\u00fcllt:<br \/>\n~ Ein Ort der Faszination<br \/>\n~ Ein Ort mit echten Ausdrucksformen von Menschen und Kultur<br \/>\n~ Ein Ort des Eskapismus<br \/>\n~ Und vor allem Orte f\u00fcr gesellige Zusammenk\u00fcnfte und Unterhaltung f\u00fcr alle Gelegenheiten.<\/p>\n<p>Das \u201eCourthouse\u201c bietet ein neues, aufregendes Designkonzept; durch das Layout, den Fluss und den Gespr\u00e4chsstoff des \u201eCourthouse\u201c wird dieses Design dem Betreiber einen Mehrwert bieten und den Kunden wirklich begeistern.<\/p>\n<p style=\"text-align: center;\"><strong>Sind Sie der Kunde, der sich dem Richter stellt und das Gerichtsgeb\u00e4ude betritt?<\/strong><\/p>\n<p style=\"text-align: center;\"><a title=\"Senden Sie eine E-Mail an das Team der Irish Pub Company\" href=\"mailto:info@irishpubcompany.com\"><strong>Kontaktieren Sie das Team der Irish Pub Company noch heute f\u00fcr weitere Informationen zu diesem und anderen Designkonzepten, die Ihrem Unternehmen einen Mehrwert bieten.<\/strong><\/a><\/p>\n<p>&nbsp;<\/p>\n<p style=\"text-align: center;\"><strong><span style=\"color: #ff0000;\">ACHTUNG!<\/span><\/strong><br \/>\n<strong><span style=\"color: #ff0000;\"> Urheberrechtshinweis!<\/span><\/strong><\/p>\n<p style=\"text-align: center;\"><strong><span style=\"color: #ff0000;\">Diese Konzeptdesigns sind geistiges Eigentum der Irish Pub Company.<\/span><\/strong><\/p>\n","protected":false},"excerpt":{"rendered":"<p>Hier kommt der Richter \u2013 ein neues Designkonzept der Irish Pub Company Ein Teil unserer Designinspiration hier bei der Irish Pub Company stammt von Sammlerst\u00fccken und geborgenen Gegenst\u00e4nden. Stellen Sie sich den \u201eCourthouse Pub\u201c oder \u201eClub\u201c vor. Nehmen Sie ein bestehendes Gerichtsgeb\u00e4ude und verwandeln Sie es in eine dramatische Spirituosenbar. Mit verschiedenen Bereichen f\u00fcr Versammlungen [&hellip;]<\/p>\n","protected":false},"author":1,"featured_media":0,"parent":0,"menu_order":0,"comment_status":"closed","ping_status":"closed","template":"","meta":{"_et_pb_use_builder":"","_et_pb_old_content":"","_et_gb_content_width":"","_uag_custom_page_level_css":"","footnotes":""},"class_list":["post-14468","page","type-page","status-publish","hentry"],"uagb_featured_image_src":{"full":false,"thumbnail":false,"medium":false,"medium_large":false,"large":false,"1536x1536":false,"2048x2048":false,"et-pb-post-main-image":false,"et-pb-post-main-image-fullwidth":false,"et-pb-portfolio-image":false,"et-pb-portfolio-module-image":false,"et-pb-portfolio-image-single":false,"et-pb-gallery-module-image-portrait":false,"et-pb-post-main-image-fullwidth-large":false,"et-pb-image--responsive--desktop":false,"et-pb-image--responsive--tablet":false,"et-pb-image--responsive--phone":false},"uagb_author_info":{"display_name":"dn_admin","author_link":"https:\/\/irishpubcompany.com\/de\/author\/dn_admin\/"},"uagb_comment_info":0,"uagb_excerpt":"Hier kommt der Richter \u2013 ein neues Designkonzept der Irish Pub Company Ein Teil unserer Designinspiration hier bei der Irish Pub Company stammt von Sammlerst\u00fccken und geborgenen Gegenst\u00e4nden. Stellen Sie sich den \u201eCourthouse Pub\u201c oder \u201eClub\u201c vor. Nehmen Sie ein bestehendes Gerichtsgeb\u00e4ude und verwandeln Sie es in eine dramatische Spirituosenbar. Mit verschiedenen Bereichen f\u00fcr Versammlungen&hellip;","_links":{"self":[{"href":"https:\/\/irishpubcompany.com\/de\/wp-json\/wp\/v2\/pages\/14468","targetHints":{"allow":["GET"]}}],"collection":[{"href":"https:\/\/irishpubcompany.com\/de\/wp-json\/wp\/v2\/pages"}],"about":[{"href":"https:\/\/irishpubcompany.com\/de\/wp-json\/wp\/v2\/types\/page"}],"author":[{"embeddable":true,"href":"https:\/\/irishpubcompany.com\/de\/wp-json\/wp\/v2\/users\/1"}],"replies":[{"embeddable":true,"href":"https:\/\/irishpubcompany.com\/de\/wp-json\/wp\/v2\/comments?post=14468"}],"version-history":[{"count":0,"href":"https:\/\/irishpubcompany.com\/de\/wp-json\/wp\/v2\/pages\/14468\/revisions"}],"wp:attachment":[{"href":"https:\/\/irishpubcompany.com\/de\/wp-json\/wp\/v2\/media?parent=14468"}],"curies":[{"name":"wp","href":"https:\/\/api.w.org\/{rel}","templated":true}]}}