{"id":14639,"date":"2025-02-21T12:12:16","date_gmt":"2025-02-21T12:12:16","guid":{"rendered":"https:\/\/irishpubcompany.com\/irisches-pub-und-kuechendesign-kalifornien\/"},"modified":"2025-10-13T09:59:27","modified_gmt":"2025-10-13T08:59:27","slug":"irisches-pub-und-kuechendesign-kalifornien","status":"publish","type":"page","link":"https:\/\/irishpubcompany.com\/de\/irisches-pub-und-kuechendesign-kalifornien\/","title":{"rendered":"Irisches Pub- und K\u00fcchendesign Kalifornien"},"content":{"rendered":"\n[et_pb_section fb_built=&#8220;1&#8243; fullwidth=&#8220;on&#8220; _builder_version=&#8220;4.16&#8243; global_colors_info=&#8220;{}&#8220;][et_pb_fullwidth_image src=&#8220;https:\/\/irishpubcompany.com\/wp-content\/uploads\/2025\/02\/The-Burren-House.jpg&#8220; alt=&#8220;Irische Pub-Ladenfront von der Irish Pub Company&#8220; title_text=&#8220;Das Burren Haus&#8220; _builder_version=&#8220;4.27.4&#8243; max_height=&#8220;577px&#8220; global_colors_info=&#8220;{}&#8220;][\/et_pb_fullwidth_image][\/et_pb_section][et_pb_section fb_built=&#8220;1&#8243; fullwidth=&#8220;on&#8220; _builder_version=&#8220;4.16&#8243; custom_margin=&#8220;0px||0px&#8220; custom_padding=&#8220;0px||0px&#8220; global_colors_info=&#8220;{}&#8220;][et_pb_fullwidth_header title=&#8220;Das Burren House, irischer Pub und K\u00fcche&#8220; subhead=&#8220;Irisches Pub- und K\u00fcchendesign Kalifornien&#8220; text_orientation=&#8220;center&#8220; _builder_version=&#8220;4.27.4&#8243; title_font=&#8220;||||||||&#8220; title_line_height=&#8220;2em&#8220; content_font=&#8220;||||||||&#8220; background_color=&#8220;#212121&#8243; custom_margin=&#8220;0px||0px&#8220; custom_padding=&#8220;0px||0px&#8220; hover_enabled=&#8220;0&#8243; global_colors_info=&#8220;{}&#8220; sticky_enabled=&#8220;0&#8243;][\/et_pb_fullwidth_header][\/et_pb_section][et_pb_section fb_built=&#8220;1&#8243; _builder_version=&#8220;4.16&#8243; global_colors_info=&#8220;{}&#8220;][et_pb_row column_structure=&#8220;3_5,2_5&#8243; _builder_version=&#8220;4.16&#8243; global_colors_info=&#8220;{}&#8220;][et_pb_column type=&#8220;3_5&#8243; _builder_version=&#8220;4.16&#8243; global_colors_info=&#8220;{}&#8220;][et_pb_image src=&#8220;https:\/\/irishpubcompany.com\/wp-content\/uploads\/2025\/02\/The-Burren-2025-16.jpg&#8220; alt=&#8220;Gem\u00fctliches Design von der Irish Pub Company&#8220; title_text=&#8220;Das Burren 2025 (16)&#8220; _builder_version=&#8220;4.27.4&#8243; global_colors_info=&#8220;{}&#8220;][\/et_pb_image][\/et_pb_column][et_pb_column type=&#8220;2_5&#8243; _builder_version=&#8220;4.16&#8243; global_colors_info=&#8220;{}&#8220;][et_pb_image src=&#8220;https:\/\/irishpubcompany.com\/wp-content\/uploads\/2025\/02\/logo-text.png&#8220; title_text=&#8220;Logo-Text&#8220; align=&#8220;center&#8220; _builder_version=&#8220;4.27.4&#8243; width=&#8220;80%&#8220; global_colors_info=&#8220;{}&#8220;][\/et_pb_image][et_pb_text _builder_version=&#8220;4.27.4&#8243; global_colors_info=&#8220;{}&#8220;]<h4 style=\"text-align: center;\"><b>Das Burren House, San Rafael, Kalifornien<\/b><\/h4>\n<p><b><\/b><\/p>\n<p><b><\/b>Dieser irische Pub ist zutiefst pers\u00f6nlich und spiegelt die Geschichte und das Leben seines Besitzers wider. Jedes Detail, vom Design bis zur Aufteilung, erz\u00e4hlt eine Geschichte \u2013 sowohl subtil als auch offen. Der Veranstaltungsort bietet eine Mischung aus sozialen Bereichen, von intimen Tischen bis hin zu einer langen, zentral sichtbaren Bar, die die lebhafte Atmosph\u00e4re verst\u00e4rkt.  <\/p>\n<p>Die G\u00e4ste betreten durch handgefertigte T\u00fcren eine authentische irische Umgebung mit einem einladenden Meet-and-Greet-Bereich. Im Inneren reichen die Sitzm\u00f6glichkeiten von Fensterb\u00e4nken bis hin zu flexiblen Sammeltischen, die allen ein warmes und einladendes Erlebnis garantieren. Es gibt sogar einen Bootsitz in diesem Pub, der sich auf die Galway Hooker-Boote des Westens bezieht.  <\/p>\n<ul><\/ul>[\/et_pb_text][et_pb_text ul_item_indent=&#8220;20px&#8220; _builder_version=&#8220;4.27.4&#8243; text_font=&#8220;||||||||&#8220; text_text_color=&#8220;#000000&#8243; ul_font=&#8220;||||||||&#8220; ul_font_size=&#8220;15px&#8220; ul_line_height=&#8220;2em&#8220; global_colors_info=&#8220;{}&#8220;]<h3><strong>Projektumfang<\/strong><\/h3>\n<ul>\n<li>Konzept- &amp; Markenentwicklung<\/li>\n<li>Innenarchitektur<\/li>\n<li>Handgefertigte Tischlerarbeiten und Innenausbau<\/li>\n<li>Lichtdesign<\/li>\n<li>M\u00f6beldesign<\/li>\n<li>Individuelle Bodenbel\u00e4ge<\/li>\n<li>Ma\u00dfgefertigtes Glas &amp; Beschilderung<\/li>\n<li>Sonderanfertigungen, Ausstattung &amp; Einbauten<\/li>\n<li>Projektmanagement<\/li>\n<li>Einrichtung vor Ort<\/li>\n<\/ul>[\/et_pb_text][\/et_pb_column][\/et_pb_row][\/et_pb_section][et_pb_section fb_built=&#8220;1&#8243; _builder_version=&#8220;4.16&#8243; background_color=&#8220;#947d51&#8243; global_colors_info=&#8220;{}&#8220;][et_pb_row column_structure=&#8220;1_2,1_2&#8243; _builder_version=&#8220;4.16&#8243; global_colors_info=&#8220;{}&#8220;][et_pb_column type=&#8220;1_2&#8243; _builder_version=&#8220;4.16&#8243; global_colors_info=&#8220;{}&#8220;][et_pb_image src=&#8220;https:\/\/irishpubcompany.com\/wp-content\/uploads\/2025\/02\/The-Burren-Ceiling.jpg&#8220; alt=&#8220;Irischer Pub-Schrank USA&#8220; title_text=&#8220;Die Burren-Decke&#8220; _builder_version=&#8220;4.27.4&#8243; _module_preset=&#8220;default&#8220; global_colors_info=&#8220;{}&#8220;][\/et_pb_image][\/et_pb_column][et_pb_column type=&#8220;1_2&#8243; _builder_version=&#8220;4.16&#8243; global_colors_info=&#8220;{}&#8220;][et_pb_testimonial author=&#8220;A. Hynes, Inhaber, The Burren House&#8220; portrait_url=&#8220;https:\/\/irishpubcompany.com\/wp-content\/uploads\/2025\/02\/The-Burren-2025-70.jpg&#8220; _builder_version=&#8220;4.27.4&#8243; _module_preset=&#8220;default&#8220; global_colors_info=&#8220;{}&#8220;]<p><span><\/span><\/p>\n<p><span>Es war mir ein absolutes Vergn\u00fcgen, mit Darren Fagan und der Irish Pub Company zusammenzuarbeiten, w\u00e4hrend ich meinen Pub in San Rafael, Kalifornien, namens The Burren House entworfen und gebaut habe. <\/span><\/p>\n<p><span>Ich gab Darren den Namen des Pubs und erz\u00e4hlte ihm einige Merkmale, die ich im Inneren haben wollte, und sie schufen mit ihrem Design eine Geschichte, die meine Erwartungen weit \u00fcbertraf. <\/span><\/p>\n<p><span>Die Qualit\u00e4t der Tischlerarbeiten und der Einrichtung ist erstklassig und ich bin sehr zufrieden mit dem Endprodukt.<\/span><\/p>[\/et_pb_testimonial][\/et_pb_column][\/et_pb_row][\/et_pb_section][et_pb_section fb_built=&#8220;1&#8243; specialty=&#8220;on&#8220; _builder_version=&#8220;4.16&#8243; global_colors_info=&#8220;{}&#8220;][et_pb_column type=&#8220;1_2&#8243; specialty_columns=&#8220;2&#8243; _builder_version=&#8220;4.16&#8243; custom_padding=&#8220;|||&#8220; global_colors_info=&#8220;{}&#8220; custom_padding__hover=&#8220;|||&#8220;][et_pb_row_inner _builder_version=&#8220;4.16&#8243; global_colors_info=&#8220;{}&#8220;][et_pb_column_inner saved_specialty_column_type=&#8220;1_2&#8243; _builder_version=&#8220;4.16&#8243; global_colors_info=&#8220;{}&#8220;][et_pb_image src=&#8220;https:\/\/irishpubcompany.com\/wp-content\/uploads\/2025\/02\/The-Burren-Perspective.jpg&#8220; title_text=&#8220;Die Burren-Perspektive&#8220; _builder_version=&#8220;4.27.4&#8243; global_colors_info=&#8220;{}&#8220;][\/et_pb_image][\/et_pb_column_inner][\/et_pb_row_inner][\/et_pb_column][et_pb_column type=&#8220;1_2&#8243; _builder_version=&#8220;4.16&#8243; custom_padding=&#8220;|||&#8220; global_colors_info=&#8220;{}&#8220; custom_padding__hover=&#8220;|||&#8220;][et_pb_text _builder_version=&#8220;4.27.4&#8243; global_colors_info=&#8220;{}&#8220;]<h3>Was die Irish Pub Company mitbringt<\/h3>\n<p>&nbsp;<\/p>\n<p>Komplettes Design und Herstellung:<\/p>\n<p>Handgefertigte Tischlerei und Holzbearbeitung<br>Ma\u00dfgefertigte M\u00f6bel<br>Spezialgefertigte Beleuchtung<br>Wand- und Deckengestaltung<br>Spezialgefertigtes Glas<br>Ma\u00dfgefertigte Spiegel &amp; Beschilderung<br>Spezialgefertigte Fu\u00dfb\u00f6den<br>Spezielle Kunstwerke<br>Metallarbeiten<br>Bric a Brac<\/p>\n<p>Jahrzehntelange Erfahrung und ein nahtloser Prozess von Anfang bis Ende<\/p>[\/et_pb_text][\/et_pb_column][\/et_pb_section][et_pb_section fb_built=&#8220;1&#8243; _builder_version=&#8220;4.16&#8243; global_colors_info=&#8220;{}&#8220;][et_pb_row column_structure=&#8220;1_3,1_3,1_3&#8243; _builder_version=&#8220;4.16&#8243; global_colors_info=&#8220;{}&#8220;][et_pb_column type=&#8220;1_3&#8243; _builder_version=&#8220;4.16&#8243; global_colors_info=&#8220;{}&#8220;][et_pb_image src=&#8220;https:\/\/irishpubcompany.com\/wp-content\/uploads\/2025\/02\/The-Burren-2025-11.jpg&#8220; alt=&#8220;Das irische Pub-Konzept in den USA &#8220; title_text=&#8220;Das Burren 2025 (11)&#8220; _builder_version=&#8220;4.27.4&#8243; global_colors_info=&#8220;{}&#8220;][\/et_pb_image][\/et_pb_column][et_pb_column type=&#8220;1_3&#8243; _builder_version=&#8220;4.16&#8243; global_colors_info=&#8220;{}&#8220;][et_pb_image src=&#8220;https:\/\/irishpubcompany.com\/wp-content\/uploads\/2025\/02\/The-Burren-2025-69.jpg&#8220; alt=&#8220;Thekendesign und Beschilderung Irish Pub Company&#8220; title_text=&#8220;Das Burren 2025 (69)&#8220; _builder_version=&#8220;4.27.4&#8243; global_colors_info=&#8220;{}&#8220;][\/et_pb_image][\/et_pb_column][et_pb_column type=&#8220;1_3&#8243; _builder_version=&#8220;4.16&#8243; global_colors_info=&#8220;{}&#8220;][et_pb_image src=&#8220;https:\/\/irishpubcompany.com\/wp-content\/uploads\/2025\/02\/The-Burren-2025-17.jpg&#8220; alt=&#8220;Das irische Pub-Konzept in den USA &#8220; title_text=&#8220;Das Burren 2025 (17)&#8220; _builder_version=&#8220;4.27.4&#8243; global_colors_info=&#8220;{}&#8220;][\/et_pb_image][\/et_pb_column][\/et_pb_row][et_pb_row column_structure=&#8220;1_2,1_2&#8243; _builder_version=&#8220;4.16&#8243; global_colors_info=&#8220;{}&#8220;][et_pb_column type=&#8220;1_2&#8243; _builder_version=&#8220;4.16&#8243; global_colors_info=&#8220;{}&#8220;][et_pb_image src=&#8220;https:\/\/irishpubcompany.com\/wp-content\/uploads\/2025\/02\/The-Burren-2025-112.jpg&#8220; alt=&#8220;Bartheken mit Buntglas der Irish Pub Company&#8220; title_text=&#8220;Das Burren 2025 (112)&#8220; _builder_version=&#8220;4.27.4&#8243; global_colors_info=&#8220;{}&#8220;][\/et_pb_image][\/et_pb_column][et_pb_column type=&#8220;1_2&#8243; _builder_version=&#8220;4.16&#8243; global_colors_info=&#8220;{}&#8220;][et_pb_image src=&#8220;https:\/\/irishpubcompany.com\/wp-content\/uploads\/2025\/02\/The-Burren-2025-62.jpg&#8220; alt=&#8220;Bartheken mit Buntglas der Irish Pub Company&#8220; title_text=&#8220;Das Burren 2025 (62)&#8220; _builder_version=&#8220;4.27.4&#8243; global_colors_info=&#8220;{}&#8220;][\/et_pb_image][\/et_pb_column][\/et_pb_row][et_pb_row column_structure=&#8220;1_2,1_2&#8243; _builder_version=&#8220;4.16&#8243; global_colors_info=&#8220;{}&#8220;][et_pb_column type=&#8220;1_2&#8243; _builder_version=&#8220;4.16&#8243; global_colors_info=&#8220;{}&#8220;][et_pb_image src=&#8220;https:\/\/irishpubcompany.com\/wp-content\/uploads\/2025\/02\/The-Burren-2025-48.jpg&#8220; alt=&#8220;Ma\u00dfgefertigte Barhocker Irisches Pub-Konzept USA&#8220; title_text=&#8220;Das Burren 2025 (48)&#8220; _builder_version=&#8220;4.27.4&#8243; global_colors_info=&#8220;{}&#8220;][\/et_pb_image][\/et_pb_column][et_pb_column type=&#8220;1_2&#8243; _builder_version=&#8220;4.16&#8243; global_colors_info=&#8220;{}&#8220;][et_pb_image src=&#8220;https:\/\/irishpubcompany.com\/wp-content\/uploads\/2025\/02\/The-Burren-2025-67.jpg&#8220; alt=&#8220;Ma\u00dfgefertigte Wandpaneele Irisches Pub-Konzept USA&#8220; title_text=&#8220;Das Burren 2025 (67)&#8220; _builder_version=&#8220;4.27.4&#8243; global_colors_info=&#8220;{}&#8220;][\/et_pb_image][\/et_pb_column][\/et_pb_row][et_pb_row column_structure=&#8220;1_2,1_2&#8243; _builder_version=&#8220;4.16&#8243; global_colors_info=&#8220;{}&#8220;][et_pb_column type=&#8220;1_2&#8243; _builder_version=&#8220;4.16&#8243; global_colors_info=&#8220;{}&#8220;][et_pb_image src=&#8220;https:\/\/irishpubcompany.com\/wp-content\/uploads\/2025\/02\/The-Burren-2025-101.jpg&#8220; alt=&#8220;Sitzbank Irischer Pub&#8220; title_text=&#8220;Das Burren 2025 (101)&#8220; _builder_version=&#8220;4.27.4&#8243; global_colors_info=&#8220;{}&#8220;][\/et_pb_image][\/et_pb_column][et_pb_column type=&#8220;1_2&#8243; _builder_version=&#8220;4.16&#8243; global_colors_info=&#8220;{}&#8220;][et_pb_image src=&#8220;https:\/\/irishpubcompany.com\/wp-content\/uploads\/2025\/02\/The-Burren-2025-12.jpg&#8220; alt=&#8220;Gem\u00fctliche Sitzgelegenheiten Irish Pub Company&#8220; title_text=&#8220;Das Burren 2025 (12)&#8220; _builder_version=&#8220;4.27.4&#8243; global_colors_info=&#8220;{}&#8220;][\/et_pb_image][\/et_pb_column][\/et_pb_row][\/et_pb_section][et_pb_section fb_built=&#8220;1&#8243; admin_label=&#8220;Call to Action&#8220; _builder_version=&#8220;4.22.2&#8243; _module_preset=&#8220;default&#8220; use_background_color_gradient=&#8220;on&#8220; background_color_gradient_type=&#8220;circular&#8220; background_color_gradient_stops=&#8220;rgba(0,0,0,0.6) 0%|#000000 100%&#8220; background_color_gradient_overlays_image=&#8220;on&#8220; background_image=&#8220;https:\/\/irishpubcompany.com\/wp-content\/uploads\/2021\/11\/Trinity-Vienna-42.jpg&#8220; custom_padding=&#8220;5%|3%|5%|3%|false|true&#8220; saved_tabs=&#8220;all&#8220; locked=&#8220;off&#8220; collapsed=&#8220;on&#8220; global_colors_info=&#8220;{%22gcid-524b06de-81a6-4fd5-87ee-8119434e22e8%22:%91%22background_color%22%93}&#8220;][et_pb_row _builder_version=&#8220;4.24.1&#8243; _module_preset=&#8220;default&#8220; width_tablet=&#8220;&#8220; width_phone=&#8220;100%&#8220; width_last_edited=&#8220;on|phone&#8220; global_colors_info=&#8220;{}&#8220;][et_pb_column type=&#8220;4_4&#8243; _builder_version=&#8220;4.24.1&#8243; _module_preset=&#8220;default&#8220; global_colors_info=&#8220;{}&#8220;][et_pb_text _builder_version=&#8220;4.22.2&#8243; _module_preset=&#8220;65051e6d-14a1-405c-8299-2f6c100c1773&#8243; header_text_color=&#8220;#FFFFFF&#8220; header_2_font=&#8220;Frank Ruhl Libre|300|||||||&#8220; header_2_text_color=&#8220;#FFFFFF&#8220; header_2_font_size=&#8220;60px&#8220; text_orientation=&#8220;center&#8220; custom_padding=&#8220;30px||30px||true|false&#8220; header_2_font_size_tablet=&#8220;35px&#8220; header_2_font_size_phone=&#8220;35px&#8220; global_colors_info=&#8220;{}&#8220;]<h2>Nehmen Sie Kontakt auf<\/h2>[\/et_pb_text][et_pb_button button_url=&#8220;https:\/\/irishpubcompany.com\/contact-us\/&#8220; button_text=&#8220;Kontaktieren Sie uns&#8220; button_alignment=&#8220;center&#8220; _builder_version=&#8220;4.22.2&#8243; _module_preset=&#8220;5f614e53-0cc7-4218-ac1c-9f5beb54014b&#8220; button_text_size=&#8220;22px&#8220; button_bg_color=&#8220;#97845e&#8220; button_border_color=&#8220;RGBA(255,255,255,0)&#8220; button_border_radius=&#8220;5px&#8220; button_font=&#8220;Montserrat||||||||&#8220; custom_padding=&#8220;20px|50px|20px|50px|true|true&#8220; button_text_size_tablet=&#8220;16px&#8220; button_text_size_phone=&#8220;16px&#8220; button_text_size_last_edited=&#8220;on|phone&#8220; box_shadow_style=&#8220;none&#8220; global_colors_info=&#8220;{}&#8220;][\/et_pb_button][\/et_pb_column][\/et_pb_row][\/et_pb_section][et_pb_section fb_built=&#8220;1&#8243; _builder_version=&#8220;4.22.2&#8243; background_color=&#8220;#000000&#8243; width=&#8220;100%&#8220; width_tablet=&#8220;100%&#8220; width_phone=&#8220;100%&#8220; width_last_edited=&#8220;on|phone&#8220; custom_padding=&#8220;30px|3%|0|3%|false|true&#8220; border_width_top=&#8220;1px&#8220; global_module=&#8220;113&#8243; saved_tabs=&#8220;all&#8220; locked=&#8220;off&#8220; global_colors_info=&#8220;{}&#8220;][et_pb_row column_structure=&#8220;1_4,1_4,1_4,1_4&#8243; module_class=&#8220; et_pb_row_fullwidth&#8220; _builder_version=&#8220;4.22.2&#8243; width_tablet=&#8220;&#8220; width_phone=&#8220;100%&#8220; width_last_edited=&#8220;on|phone&#8220; custom_margin=&#8220;-18px|auto||auto||&#8220; make_fullwidth=&#8220;on&#8220; global_colors_info=&#8220;{}&#8220;][et_pb_column type=&#8220;1_4&#8243; _builder_version=&#8220;4.16&#8243; custom_padding=&#8220;|||&#8220; global_colors_info=&#8220;{}&#8220; custom_padding__hover=&#8220;|||&#8220;][et_pb_image src=&#8220;https:\/\/irishpubcompany.com\/wp-content\/uploads\/2019\/06\/irish-pub-company-logo.png&#8220; align_tablet=&#8220;center&#8220; align_phone=&#8220;&#8220; align_last_edited=&#8220;on|desktop&#8220; _builder_version=&#8220;4.16&#8243; global_colors_info=&#8220;{}&#8220;][\/et_pb_image][et_pb_text _builder_version=&#8220;4.16&#8243; text_font=&#8220;Georgia||||||||&#8220; text_text_color=&#8220;#ffffff&#8220; global_colors_info=&#8220;{}&#8220;]<p style=\"text-align: center;\">Entwicklung von weltweit au\u00dfergew\u00f6hnlichen Gastronomiekonzepte seit 1979<\/p>[\/et_pb_text][et_pb_social_media_follow _builder_version=&#8220;4.16&#8243; text_orientation=&#8220;center&#8220; global_colors_info=&#8220;{}&#8220;][et_pb_social_media_follow_network social_network=&#8220;facebook&#8220; url=&#8220;https:\/\/www.facebook.com\/irishpubcompany\/&#8220; _builder_version=&#8220;4.16&#8243; background_color=&#8220;#3b5998&#8243; global_colors_info=&#8220;{}&#8220; follow_button=&#8220;off&#8220; url_new_window=&#8220;on&#8220;]facebook[\/et_pb_social_media_follow_network][et_pb_social_media_follow_network social_network=&#8220;instagram&#8220; url=&#8220;https:\/\/www.instagram.com\/irishpubcompany\/&#8220; _builder_version=&#8220;4.16&#8243; background_color=&#8220;#ea2c59&#8243; global_colors_info=&#8220;{}&#8220; follow_button=&#8220;off&#8220; url_new_window=&#8220;on&#8220;]instagram[\/et_pb_social_media_follow_network][et_pb_social_media_follow_network social_network=&#8220;twitter&#8220; url=&#8220;https:\/\/twitter.com\/IrishPubCompany&#8220; _builder_version=&#8220;4.22.2&#8243; background_color=&#8220;#000000&#8243; global_colors_info=&#8220;{}&#8220; follow_button=&#8220;off&#8220; url_new_window=&#8220;on&#8220;]twitter[\/et_pb_social_media_follow_network][et_pb_social_media_follow_network social_network=&#8220;linkedin&#8220; url=&#8220;https:\/\/ie.linkedin.com\/company\/irish-pub-company&#8220; _builder_version=&#8220;4.16&#8243; background_color=&#8220;#007bb6&#8243; global_colors_info=&#8220;{}&#8220; follow_button=&#8220;off&#8220; url_new_window=&#8220;on&#8220;]linkedin[\/et_pb_social_media_follow_network][et_pb_social_media_follow_network social_network=&#8220;youtube&#8220; url=&#8220;https:\/\/www.youtube.com\/channel\/UCkP7pqed0Bb0ZF0FtwVuVdA&#8220; _builder_version=&#8220;4.16&#8243; background_color=&#8220;#a82400&#8243; global_colors_info=&#8220;{}&#8220; follow_button=&#8220;off&#8220; url_new_window=&#8220;on&#8220;]youtube[\/et_pb_social_media_follow_network][\/et_pb_social_media_follow][\/et_pb_column][et_pb_column type=&#8220;1_4&#8243; _builder_version=&#8220;4.16&#8243; custom_padding=&#8220;|||&#8220; global_colors_info=&#8220;{}&#8220; custom_padding__hover=&#8220;|||&#8220;][et_pb_text _builder_version=&#8220;4.25.0&#8243; text_font=&#8220;Georgia||||||||&#8220; text_text_color=&#8220;#ffffff&#8220; link_font=&#8220;Georgia||||||||&#8220; link_text_color=&#8220;#ffffff&#8220; link_font_size=&#8220;14px&#8220; link_line_height=&#8220;2.1em&#8220; header_font=&#8220;||||||||&#8220; header_3_font=&#8220;||||||||&#8220; header_3_line_height=&#8220;1.7em&#8220; background_layout=&#8220;dark&#8220; global_colors_info=&#8220;{}&#8220;]<h3 style=\"text-align: left;\">Kontakt<br>\n  <a href=\"tel:+35312934300\">+353 (0)1 293 4300<\/a>\n<\/h3>\n<p style=\"text-align: left;\"><a href=\"mailto:info@irishpubcompany.com\">info@irishpubcompany.com<\/a><\/p>\n<p style=\"text-align: left;\">WHATS APP: 00353 85 775 3567<\/p>\n<p style=\"text-align: left;\">[\/et_pb_text][\/et_pb_column][et_pb_column type=&#8220;1_4&#8243; _builder_version=&#8220;4.16&#8243; custom_padding=&#8220;|||&#8220; global_colors_info=&#8220;{}&#8220; custom_padding__hover=&#8220;|||&#8220;][et_pb_text _builder_version=&#8220;4.16&#8243; text_font=&#8220;Georgia||||||||&#8220; text_text_color=&#8220;#ffffff&#8220; link_font=&#8220;Georgia||||||||&#8220; link_text_color=&#8220;#ffffff&#8220; link_font_size=&#8220;14px&#8220; link_line_height=&#8220;2.1em&#8220; header_font=&#8220;||||||||&#8220; header_3_font=&#8220;||||||||&#8220; header_3_line_height=&#8220;1.7em&#8220; background_layout=&#8220;dark&#8220; global_colors_info=&#8220;{}&#8220;]<h3>Standort<\/h3>\n<p>1. Stock, The Courtyard,<\/p>\n<p>Carmanhall Road,<\/p>\n<p>Sandyford Business Park,<\/p>\n<p>Dublin, Irland<\/p>[\/et_pb_text][\/et_pb_column][et_pb_column type=&#8220;1_4&#8243; _builder_version=&#8220;4.16&#8243; custom_padding=&#8220;|||&#8220; global_colors_info=&#8220;{}&#8220; custom_padding__hover=&#8220;|||&#8220;][et_pb_image src=&#8220;https:\/\/irishpubcompany.com\/wp-content\/uploads\/2019\/08\/mdi_logo.png&#8220; url=&#8220;http:\/\/www.mcnallydesign.com&#8220; _builder_version=&#8220;4.16&#8243; max_width=&#8220;60px&#8220; custom_margin=&#8220;|2px||&#8220; custom_css_main_element=&#8220;display: inline-block;&#8220; global_colors_info=&#8220;{}&#8220;][\/et_pb_image][et_pb_image src=&#8220;https:\/\/irishpubcompany.com\/wp-content\/uploads\/2019\/08\/mj_architecture_logo.png&#8220; url=&#8220;http:\/\/www.mjarchitectureanddesign.ie&#8220; _builder_version=&#8220;4.16&#8243; max_width=&#8220;60px&#8220; custom_margin=&#8220;|2px||&#8220; custom_css_main_element=&#8220;display: inline-block;&#8220; global_colors_info=&#8220;{}&#8220;][\/et_pb_image][et_pb_image src=&#8220;https:\/\/irishpubcompany.com\/wp-content\/uploads\/2019\/08\/riai_logo.png&#8220; url=&#8220;https:\/\/www.riai.ie&#8220; _builder_version=&#8220;4.22.2&#8243; max_width=&#8220;60px&#8220; custom_css_main_element=&#8220;display: inline-block;&#8220; global_colors_info=&#8220;{}&#8220;][\/et_pb_image][\/et_pb_column][\/et_pb_row][et_pb_row _builder_version=&#8220;4.22.2&#8243; width_tablet=&#8220;&#8220; width_phone=&#8220;100%&#8220; width_last_edited=&#8220;on|phone&#8220; global_colors_info=&#8220;{}&#8220;][et_pb_column type=&#8220;4_4&#8243; _builder_version=&#8220;4.16&#8243; global_colors_info=&#8220;{}&#8220;][et_pb_text _builder_version=&#8220;4.22.2&#8243; text_font=&#8220;||||||||&#8220; text_text_color=&#8220;#ffffff&#8220; link_font=&#8220;||||on||||&#8220; link_text_color=&#8220;#ffffff&#8220; text_orientation=&#8220;center&#8220; text_text_align=&#8220;center&#8220; global_colors_info=&#8220;{}&#8220;]<p>\u00a9 The Irish Pub Company 2024. Alle Rechte vorbehalten. <a href=\"#\">Datenschutz<\/a>. <a href=\"#\">Sitemap<\/a>. <\/p>[\/et_pb_text][\/et_pb_column][\/et_pb_row][\/et_pb_section]\n","protected":false},"excerpt":{"rendered":"<p>Das Burren House, San Rafael, Kalifornien Dieser irische Pub ist zutiefst pers\u00f6nlich und spiegelt die Geschichte und das Leben seines Besitzers wider. Jedes Detail, vom Design bis zur Aufteilung, erz\u00e4hlt eine Geschichte \u2013 sowohl subtil als auch offen. Der Veranstaltungsort bietet eine Mischung aus sozialen Bereichen, von intimen Tischen bis hin zu einer langen, zentral [&hellip;]<\/p>\n","protected":false},"author":2,"featured_media":13648,"parent":0,"menu_order":0,"comment_status":"closed","ping_status":"closed","template":"","meta":{"_et_pb_use_builder":"on","_et_pb_old_content":"","_et_gb_content_width":"","_uag_custom_page_level_css":"","footnotes":""},"class_list":["post-14639","page","type-page","status-publish","has-post-thumbnail","hentry"],"uagb_featured_image_src":{"full":["https:\/\/irishpubcompany.com\/wp-content\/uploads\/2025\/02\/The-Burren-2025-62.jpg",2400,1600,false],"thumbnail":["https:\/\/irishpubcompany.com\/wp-content\/uploads\/2025\/02\/The-Burren-2025-62.jpg",150,100,false],"medium":["https:\/\/irishpubcompany.com\/wp-content\/uploads\/2025\/02\/The-Burren-2025-62.jpg",300,200,false],"medium_large":["https:\/\/irishpubcompany.com\/wp-content\/uploads\/2025\/02\/The-Burren-2025-62.jpg",768,512,false],"large":["https:\/\/irishpubcompany.com\/wp-content\/uploads\/2025\/02\/The-Burren-2025-62.jpg",1024,683,false],"1536x1536":["https:\/\/irishpubcompany.com\/wp-content\/uploads\/2025\/02\/The-Burren-2025-62.jpg",1536,1024,false],"2048x2048":["https:\/\/irishpubcompany.com\/wp-content\/uploads\/2025\/02\/The-Burren-2025-62.jpg",2048,1365,false],"et-pb-post-main-image":["https:\/\/irishpubcompany.com\/wp-content\/uploads\/2025\/02\/The-Burren-2025-62.jpg",375,250,false],"et-pb-post-main-image-fullwidth":["https:\/\/irishpubcompany.com\/wp-content\/uploads\/2025\/02\/The-Burren-2025-62.jpg",1013,675,false],"et-pb-portfolio-image":["https:\/\/irishpubcompany.com\/wp-content\/uploads\/2025\/02\/The-Burren-2025-62.jpg",400,267,false],"et-pb-portfolio-module-image":["https:\/\/irishpubcompany.com\/wp-content\/uploads\/2025\/02\/The-Burren-2025-62.jpg",510,340,false],"et-pb-portfolio-image-single":["https:\/\/irishpubcompany.com\/wp-content\/uploads\/2025\/02\/The-Burren-2025-62.jpg",1080,720,false],"et-pb-gallery-module-image-portrait":["https:\/\/irishpubcompany.com\/wp-content\/uploads\/2025\/02\/The-Burren-2025-62.jpg",400,267,false],"et-pb-post-main-image-fullwidth-large":["https:\/\/irishpubcompany.com\/wp-content\/uploads\/2025\/02\/The-Burren-2025-62.jpg",2400,1600,false],"et-pb-image--responsive--desktop":["https:\/\/irishpubcompany.com\/wp-content\/uploads\/2025\/02\/The-Burren-2025-62.jpg",1080,720,false],"et-pb-image--responsive--tablet":["https:\/\/irishpubcompany.com\/wp-content\/uploads\/2025\/02\/The-Burren-2025-62.jpg",827,551,false],"et-pb-image--responsive--phone":["https:\/\/irishpubcompany.com\/wp-content\/uploads\/2025\/02\/The-Burren-2025-62.jpg",405,270,false]},"uagb_author_info":{"display_name":"Irish Pub Company","author_link":"https:\/\/irishpubcompany.com\/de\/author\/irishpubco\/"},"uagb_comment_info":0,"uagb_excerpt":"Das Burren House, San Rafael, Kalifornien Dieser irische Pub ist zutiefst pers\u00f6nlich und spiegelt die Geschichte und das Leben seines Besitzers wider. Jedes Detail, vom Design bis zur Aufteilung, erz\u00e4hlt eine Geschichte \u2013 sowohl subtil als auch offen. Der Veranstaltungsort bietet eine Mischung aus sozialen Bereichen, von intimen Tischen bis hin zu einer langen, zentral&hellip;","_links":{"self":[{"href":"https:\/\/irishpubcompany.com\/de\/wp-json\/wp\/v2\/pages\/14639","targetHints":{"allow":["GET"]}}],"collection":[{"href":"https:\/\/irishpubcompany.com\/de\/wp-json\/wp\/v2\/pages"}],"about":[{"href":"https:\/\/irishpubcompany.com\/de\/wp-json\/wp\/v2\/types\/page"}],"author":[{"embeddable":true,"href":"https:\/\/irishpubcompany.com\/de\/wp-json\/wp\/v2\/users\/2"}],"replies":[{"embeddable":true,"href":"https:\/\/irishpubcompany.com\/de\/wp-json\/wp\/v2\/comments?post=14639"}],"version-history":[{"count":1,"href":"https:\/\/irishpubcompany.com\/de\/wp-json\/wp\/v2\/pages\/14639\/revisions"}],"predecessor-version":[{"id":14641,"href":"https:\/\/irishpubcompany.com\/de\/wp-json\/wp\/v2\/pages\/14639\/revisions\/14641"}],"wp:featuredmedia":[{"embeddable":true,"href":"https:\/\/irishpubcompany.com\/de\/wp-json\/wp\/v2\/media\/13648"}],"wp:attachment":[{"href":"https:\/\/irishpubcompany.com\/de\/wp-json\/wp\/v2\/media?parent=14639"}],"curies":[{"name":"wp","href":"https:\/\/api.w.org\/{rel}","templated":true}]}}