{"id":14649,"date":"2019-08-29T12:32:41","date_gmt":"2019-08-29T11:32:41","guid":{"rendered":"https:\/\/irishpubcompany.com\/simon-mcnally\/"},"modified":"2025-10-13T09:59:42","modified_gmt":"2025-10-13T08:59:42","slug":"simon-mcnally","status":"publish","type":"page","link":"https:\/\/irishpubcompany.com\/de\/simon-mcnally\/","title":{"rendered":"Simon McNally"},"content":{"rendered":"<p>[et_pb_section fb_built=&#8220;1&#8243; _builder_version=&#8220;4.16&#8243; global_colors_info=&#8220;{}&#8220;][et_pb_row _builder_version=&#8220;4.16&#8243; global_colors_info=&#8220;{}&#8220;][et_pb_column type=&#8220;4_4&#8243; _builder_version=&#8220;4.16&#8243; global_colors_info=&#8220;{}&#8220;][et_pb_blurb title=&#8220;Simon McNally&#8220; url=&#8220;https:\/\/irishpubcompany.com\/de\/simon-mcnally\/&#8220; image=&#8220;https:\/\/irishpubcompany.com\/wp-content\/uploads\/2019\/08\/simon.jpg&#8220; _builder_version=&#8220;4.22.2&#8243; header_font=&#8220;Frank Ruhl Libre||||||||&#8220; header_font_size=&#8220;22px&#8220; body_font=&#8220;Montserrat||||||||&#8220; body_font_size=&#8220;12px&#8220; text_orientation=&#8220;center&#8220; animation=&#8220;off&#8220; link_option_url=&#8220;https:\/\/irishpubcompany.com\/de\/simon-mcnally\/&#8220; border_radii_image=&#8220;on|100px|100px|100px|100px&#8220; global_colors_info=&#8220;{}&#8220; locked=&#8220;off&#8220;]<\/p>\n<p><a href=\"https:\/\/irishpubcompany.com\/de\/simon-mcnally\/\" title=\"Simon McNally\">Gesch\u00e4ftsf\u00fchrer VAE<\/a><\/p>\n<p>[\/et_pb_blurb][et_pb_text _builder_version=&#8220;4.16&#8243; text_font=&#8220;||||||||&#8220; text_font_size=&#8220;16px&#8220; text_line_height=&#8220;2em&#8220; custom_padding=&#8220;0px||0px&#8220; global_colors_info=&#8220;{}&#8220;]<\/p>\n<p><strong>Simon Mc Nally<\/strong><br \/> <strong>Gesch\u00e4ftsf\u00fchrer VAE<\/strong><\/p>\n<p><strong>Simon ist Gr\u00fcnder von McNally Design International VAE und aktiver Direktor der Irish Pub Company. <\/strong><\/p>\n<p>Simon teilt seine Zeit zwischen Dubai und Dublin auf, wo er als Kundenbetreuer f\u00fcr viele internationale Kunden und Hotelgruppen t\u00e4tig ist. Er reist weltweit zu verschiedenen M\u00e4rkten, pflegt den Kontakt zu Kunden, stellt ihnen sein relevantes Gesch\u00e4ftsnetzwerk vor und hilft ihnen, erfolgreiche Unternehmen aufzubauen. <\/p>\n<p>In den letzten 16 Jahren hat er ein gro\u00dfes Netzwerk von Gesch\u00e4ftspartnern aufgebaut, mit denen er t\u00e4glich zusammenarbeitet. Simon ist Ausschussmitglied bei RPM Saudi und einer gro\u00dfen Entwicklungsgesellschaft in Afrika. <\/p>\n<p>Simon und sein Team betreiben ihr international renommiertes Architektur- und Innenarchitekturb\u00fcro, McNally Design International, von ihrem Hauptsitz in Dubai aus und entwickeln Konzepte und Veranstaltungsorte in den Hotel- und Freizeitsektoren weltweit.<\/p>\n<p><a href=\"mailto:simon@mcnallydesignme.com\" title=\"Simon eine E-Mail senden\">Simon eine E-Mail senden<\/a><\/p>\n<p>[\/et_pb_text][\/et_pb_column][\/et_pb_row][\/et_pb_section][et_pb_section fb_built=&#8220;1&#8243; admin_label=&#8220;Call to Action&#8220; _builder_version=&#8220;4.22.2&#8243; _module_preset=&#8220;default&#8220; use_background_color_gradient=&#8220;on&#8220; background_color_gradient_type=&#8220;circular&#8220; background_color_gradient_stops=&#8220;rgba(0,0,0,0.6) 0%|#000000 100%&#8220; background_color_gradient_overlays_image=&#8220;on&#8220; background_image=&#8220;https:\/\/irishpubcompany.com\/wp-content\/uploads\/2021\/11\/Trinity-Vienna-42.jpg&#8220; custom_padding=&#8220;5%|3%|5%|3%|false|true&#8220; saved_tabs=&#8220;all&#8220; locked=&#8220;off&#8220; collapsed=&#8220;on&#8220; global_colors_info=&#8220;{%22gcid-524b06de-81a6-4fd5-87ee-8119434e22e8%22:%91%22background_color%22%93}&#8220;][et_pb_row _builder_version=&#8220;4.24.1&#8243; _module_preset=&#8220;default&#8220; width_tablet=&#8220;&#8220; width_phone=&#8220;100%&#8220; width_last_edited=&#8220;on|phone&#8220; global_colors_info=&#8220;{}&#8220;][et_pb_column type=&#8220;4_4&#8243; _builder_version=&#8220;4.24.1&#8243; _module_preset=&#8220;default&#8220; global_colors_info=&#8220;{}&#8220;][et_pb_text _builder_version=&#8220;4.22.2&#8243; _module_preset=&#8220;65051e6d-14a1-405c-8299-2f6c100c1773&#8243; header_text_color=&#8220;#FFFFFF&#8220; header_2_font=&#8220;Frank Ruhl Libre|300|||||||&#8220; header_2_text_color=&#8220;#FFFFFF&#8220; header_2_font_size=&#8220;60px&#8220; text_orientation=&#8220;center&#8220; custom_padding=&#8220;30px||30px||true|false&#8220; header_2_font_size_tablet=&#8220;35px&#8220; header_2_font_size_phone=&#8220;35px&#8220; global_colors_info=&#8220;{}&#8220;]<\/p>\n<h2>Nehmen Sie Kontakt auf<\/h2>\n<p>[\/et_pb_text][et_pb_button button_url=&#8220;https:\/\/irishpubcompany.com\/contact-us\/&#8220; button_text=&#8220;Kontaktieren Sie uns&#8220; button_alignment=&#8220;center&#8220; _builder_version=&#8220;4.22.2&#8243; _module_preset=&#8220;5f614e53-0cc7-4218-ac1c-9f5beb54014b&#8220; button_text_size=&#8220;22px&#8220; button_bg_color=&#8220;#97845e&#8220; button_border_color=&#8220;RGBA(255,255,255,0)&#8220; button_border_radius=&#8220;5px&#8220; button_font=&#8220;Montserrat||||||||&#8220; custom_padding=&#8220;20px|50px|20px|50px|true|true&#8220; button_text_size_tablet=&#8220;16px&#8220; button_text_size_phone=&#8220;16px&#8220; button_text_size_last_edited=&#8220;on|phone&#8220; box_shadow_style=&#8220;none&#8220; global_colors_info=&#8220;{}&#8220;][\/et_pb_button][\/et_pb_column][\/et_pb_row][\/et_pb_section][et_pb_section fb_built=&#8220;1&#8243; _builder_version=&#8220;4.22.2&#8243; background_color=&#8220;#000000&#8243; width=&#8220;100%&#8220; width_tablet=&#8220;100%&#8220; width_phone=&#8220;100%&#8220; width_last_edited=&#8220;on|phone&#8220; custom_padding=&#8220;30px|3%|0|3%|false|true&#8220; border_width_top=&#8220;1px&#8220; global_module=&#8220;113&#8243; saved_tabs=&#8220;all&#8220; locked=&#8220;off&#8220; global_colors_info=&#8220;{}&#8220;][et_pb_row column_structure=&#8220;1_5,1_5,1_5,1_5,1_5&#8243; module_class=&#8220; et_pb_row_fullwidth&#8220; _builder_version=&#8220;4.22.2&#8243; width_tablet=&#8220;&#8220; width_phone=&#8220;100%&#8220; width_last_edited=&#8220;on|phone&#8220; custom_margin=&#8220;-18px|auto||auto||&#8220; make_fullwidth=&#8220;on&#8220; global_colors_info=&#8220;{}&#8220;][et_pb_column type=&#8220;1_5&#8243; _builder_version=&#8220;4.16&#8243; custom_padding=&#8220;|||&#8220; global_colors_info=&#8220;{}&#8220; custom_padding__hover=&#8220;|||&#8220;][et_pb_image src=&#8220;https:\/\/irishpubcompany.com\/wp-content\/uploads\/2019\/06\/irish-pub-company-logo.png&#8220; align_tablet=&#8220;center&#8220; align_phone=&#8220;&#8220; align_last_edited=&#8220;on|desktop&#8220; _builder_version=&#8220;4.16&#8243; global_colors_info=&#8220;{}&#8220;][\/et_pb_image][et_pb_text _builder_version=&#8220;4.16&#8243; text_font=&#8220;Georgia||||||||&#8220; text_text_color=&#8220;#ffffff&#8220; global_colors_info=&#8220;{}&#8220;]<\/p>\n<p style=\"text-align: center;\">Entwicklung von weltweit au\u00dfergew\u00f6hnlichen Gastronomiekonzepte seit 1979<\/p>\n<p>[\/et_pb_text][et_pb_social_media_follow _builder_version=&#8220;4.16&#8243; text_orientation=&#8220;center&#8220; global_colors_info=&#8220;{}&#8220;][et_pb_social_media_follow_network social_network=&#8220;facebook&#8220; url=&#8220;https:\/\/www.facebook.com\/irishpubcompany\/&#8220; _builder_version=&#8220;4.16&#8243; background_color=&#8220;#3b5998&#8243; global_colors_info=&#8220;{}&#8220; follow_button=&#8220;off&#8220; url_new_window=&#8220;on&#8220;]facebook[\/et_pb_social_media_follow_network][et_pb_social_media_follow_network social_network=&#8220;instagram&#8220; url=&#8220;https:\/\/www.instagram.com\/irishpubcompany\/&#8220; _builder_version=&#8220;4.16&#8243; background_color=&#8220;#ea2c59&#8243; global_colors_info=&#8220;{}&#8220; follow_button=&#8220;off&#8220; url_new_window=&#8220;on&#8220;]instagram[\/et_pb_social_media_follow_network][et_pb_social_media_follow_network social_network=&#8220;twitter&#8220; url=&#8220;https:\/\/twitter.com\/IrishPubCompany&#8220; _builder_version=&#8220;4.22.2&#8243; background_color=&#8220;#000000&#8243; global_colors_info=&#8220;{}&#8220; follow_button=&#8220;off&#8220; url_new_window=&#8220;on&#8220;]twitter[\/et_pb_social_media_follow_network][et_pb_social_media_follow_network social_network=&#8220;linkedin&#8220; url=&#8220;https:\/\/ie.linkedin.com\/company\/irish-pub-company&#8220; _builder_version=&#8220;4.16&#8243; background_color=&#8220;#007bb6&#8243; global_colors_info=&#8220;{}&#8220; follow_button=&#8220;off&#8220; url_new_window=&#8220;on&#8220;]linkedin[\/et_pb_social_media_follow_network][et_pb_social_media_follow_network social_network=&#8220;youtube&#8220; url=&#8220;https:\/\/www.youtube.com\/channel\/UCkP7pqed0Bb0ZF0FtwVuVdA&#8220; _builder_version=&#8220;4.16&#8243; background_color=&#8220;#a82400&#8243; global_colors_info=&#8220;{}&#8220; follow_button=&#8220;off&#8220; url_new_window=&#8220;on&#8220;]youtube[\/et_pb_social_media_follow_network][\/et_pb_social_media_follow][\/et_pb_column][et_pb_column type=&#8220;1_5&#8243; _builder_version=&#8220;4.16&#8243; custom_padding=&#8220;|||&#8220; global_colors_info=&#8220;{}&#8220; custom_padding__hover=&#8220;|||&#8220;][et_pb_text _builder_version=&#8220;4.22.2&#8243; text_font=&#8220;Georgia||||||||&#8220; text_text_color=&#8220;#ffffff&#8220; link_font=&#8220;Georgia||||||||&#8220; link_text_color=&#8220;#ffffff&#8220; link_font_size=&#8220;14px&#8220; link_line_height=&#8220;2.1em&#8220; header_font=&#8220;||||||||&#8220; header_3_font=&#8220;||||||||&#8220; header_3_line_height=&#8220;1.7em&#8220; background_layout=&#8220;dark&#8220; global_colors_info=&#8220;{}&#8220;]<\/p>\n<h3 style=\"text-align: left;\">Kontakt<br \/>\n  <a href=\"tel:+35312934300\">+353 (0)1 293 4300<\/a><br \/>\n<\/h3>\n<p style=\"text-align: left;\"><a href=\"mailto:info@irishpubcompany.com\">info@irishpubcompany.com<\/a><\/p>\n<p style=\"text-align: left;\">WHATSAPP: 00353.86.042.3642<\/p>\n<p style=\"text-align: left;\">[\/et_pb_text][\/et_pb_column][et_pb_column type=&#8220;1_5&#8243; _builder_version=&#8220;4.16&#8243; custom_padding=&#8220;|||&#8220; global_colors_info=&#8220;{}&#8220; custom_padding__hover=&#8220;|||&#8220;][et_pb_text _builder_version=&#8220;4.16&#8243; text_font=&#8220;Georgia||||||||&#8220; text_text_color=&#8220;#ffffff&#8220; link_font=&#8220;Georgia||||||||&#8220; link_text_color=&#8220;#ffffff&#8220; link_font_size=&#8220;14px&#8220; link_line_height=&#8220;2.1em&#8220; header_font=&#8220;||||||||&#8220; header_3_font=&#8220;||||||||&#8220; header_3_line_height=&#8220;1.7em&#8220; background_layout=&#8220;dark&#8220; global_colors_info=&#8220;{}&#8220;]<\/p>\n<h3>Standort<\/h3>\n<p>1. Stock, The Courtyard,<\/p>\n<p>Carmanhall Road,<\/p>\n<p>Sandyford Business Park,<\/p>\n<p>Dublin, Irland<\/p>\n<p>[\/et_pb_text][\/et_pb_column][et_pb_column type=&#8220;1_5&#8243; _builder_version=&#8220;4.16&#8243; custom_padding=&#8220;|||&#8220; global_colors_info=&#8220;{}&#8220; custom_padding__hover=&#8220;|||&#8220;][et_pb_text _builder_version=&#8220;4.16&#8243; text_font=&#8220;||||||||&#8220; text_text_color=&#8220;#ffffff&#8220; link_font=&#8220;||||||||&#8220; link_text_color=&#8220;#ffffff&#8220; global_colors_info=&#8220;{}&#8220;]<\/p>\n<p><b>Region \u00e4ndern<\/b><\/p>\n<p>\n\t<a href=\"\/?r=en-ie\">[svg-flags flag=&#8220;ie&#8220; size=&#8220;1&#8243; inline=&#8220;true&#8220;] Irland<\/a><\/p>\n<p>\t<a href=\"\/?r=en-gb\">[svg-flags flag=&#8220;gb&#8220; size=&#8220;1&#8243; inline=&#8220;true&#8220;] Vereinigtes K\u00f6nigreich <\/a><\/p>\n<p>\t<a href=\"\/?r=en-us\">[svg-flags flag=&#8220;us&#8220; size=&#8220;1&#8243; inline=&#8220;true&#8220;] Vereinigte Staaten<\/a><\/p>\n<p>\t<a href=\"\/irish-pub-company-france\/\">[svg-flags flag=&#8220;fr&#8220; size=&#8220;1&#8243; inline=&#8220;true&#8220;] Fran\u00e7ais<\/a><\/p>\n<p>\t<a href=\"\/irish-pub-company-germany\/\">[svg-flags flag=&#8220;de&#8220; size=&#8220;1&#8243; inline=&#8220;true&#8220;] Deutsch <\/a><\/p>\n<p>\t<a href=\"\/irish-pub-company-malta\/\">[svg-flags flag=&#8220;mt&#8220; size=&#8220;1&#8243; inline=&#8220;true&#8220;] Malti <\/a><\/p>\n<p>\t<a href=\"\/irish-pub-company-russia\/\">[svg-flags flag=&#8220;ru&#8220; size=&#8220;1&#8243; inline=&#8220;true&#8220;] P\u0443\u0441\u0441\u043a\u0438\u0439 <\/a><\/p>\n<p>\t<a href=\"\/irish-pub-company-serbia\/\">[svg-flags flag=&#8220;rs&#8220; size=&#8220;1&#8243; inline=&#8220;true&#8220;] \u0421\u0440\u043f\u0441\u043a\u0438 <\/a><\/p>\n<p>[\/et_pb_text][\/et_pb_column][et_pb_column type=&#8220;1_5&#8243; _builder_version=&#8220;4.22.2&#8243; custom_padding=&#8220;|||&#8220; global_colors_info=&#8220;{}&#8220; custom_padding__hover=&#8220;|||&#8220;][et_pb_image src=&#8220;https:\/\/irishpubcompany.com\/wp-content\/uploads\/2019\/08\/mdi_logo.png&#8220; url=&#8220;http:\/\/www.mcnallydesign.com&#8220; _builder_version=&#8220;4.16&#8243; max_width=&#8220;60px&#8220; custom_margin=&#8220;|2px||&#8220; custom_css_main_element=&#8220;display: inline-block;&#8220; global_colors_info=&#8220;{}&#8220;][\/et_pb_image][et_pb_image src=&#8220;https:\/\/irishpubcompany.com\/wp-content\/uploads\/2019\/08\/mj_architecture_logo.png&#8220; url=&#8220;http:\/\/www.mjarchitectureanddesign.ie&#8220; _builder_version=&#8220;4.16&#8243; max_width=&#8220;60px&#8220; custom_margin=&#8220;|2px||&#8220; custom_css_main_element=&#8220;display: inline-block;&#8220; global_colors_info=&#8220;{}&#8220;][\/et_pb_image][et_pb_image src=&#8220;https:\/\/irishpubcompany.com\/wp-content\/uploads\/2019\/08\/riai_logo.png&#8220; url=&#8220;https:\/\/www.riai.ie&#8220; _builder_version=&#8220;4.22.2&#8243; max_width=&#8220;60px&#8220; custom_css_main_element=&#8220;display: inline-block;&#8220; global_colors_info=&#8220;{}&#8220;][\/et_pb_image][\/et_pb_column][\/et_pb_row][et_pb_row _builder_version=&#8220;4.22.2&#8243; width_tablet=&#8220;&#8220; width_phone=&#8220;100%&#8220; width_last_edited=&#8220;on|phone&#8220; global_colors_info=&#8220;{}&#8220;][et_pb_column type=&#8220;4_4&#8243; _builder_version=&#8220;4.16&#8243; global_colors_info=&#8220;{}&#8220;][et_pb_text _builder_version=&#8220;4.22.2&#8243; text_font=&#8220;||||||||&#8220; text_text_color=&#8220;#ffffff&#8220; link_font=&#8220;||||on||||&#8220; link_text_color=&#8220;#ffffff&#8220; text_orientation=&#8220;center&#8220; text_text_align=&#8220;center&#8220; global_colors_info=&#8220;{}&#8220;]<\/p>\n<p>\u00a9 The Irish Pub Company 2024. Alle Rechte vorbehalten. <a href=\"#\">Datenschutz<\/a>. <a href=\"#\">Sitemap<\/a>. <\/p>\n<p>[\/et_pb_text][\/et_pb_column][\/et_pb_row][\/et_pb_section]<\/p>\n","protected":false},"excerpt":{"rendered":"<p>Gesch\u00e4ftsf\u00fchrer VAESimon Mc Nally Gesch\u00e4ftsf\u00fchrer VAE Simon ist Gr\u00fcnder von McNally Design International VAE und aktiver Direktor der Irish Pub Company. Simon teilt seine Zeit zwischen Dubai und Dublin auf, wo er als Kundenbetreuer f\u00fcr viele internationale Kunden und Hotelgruppen t\u00e4tig ist. Er reist weltweit zu verschiedenen M\u00e4rkten, pflegt den Kontakt zu Kunden, stellt ihnen [&hellip;]<\/p>\n","protected":false},"author":2,"featured_media":13245,"parent":0,"menu_order":0,"comment_status":"closed","ping_status":"closed","template":"","meta":{"_et_pb_use_builder":"on","_et_pb_old_content":"","_et_gb_content_width":"","_uag_custom_page_level_css":"","footnotes":""},"class_list":["post-14649","page","type-page","status-publish","has-post-thumbnail","hentry"],"uagb_featured_image_src":{"full":["https:\/\/irishpubcompany.com\/wp-content\/uploads\/2019\/08\/simon.jpg",175,240,false],"thumbnail":["https:\/\/irishpubcompany.com\/wp-content\/uploads\/2019\/08\/simon-150x150.jpg",150,150,true],"medium":["https:\/\/irishpubcompany.com\/wp-content\/uploads\/2019\/08\/simon.jpg",175,240,false],"medium_large":["https:\/\/irishpubcompany.com\/wp-content\/uploads\/2019\/08\/simon.jpg",175,240,false],"large":["https:\/\/irishpubcompany.com\/wp-content\/uploads\/2019\/08\/simon.jpg",175,240,false],"1536x1536":["https:\/\/irishpubcompany.com\/wp-content\/uploads\/2019\/08\/simon.jpg",175,240,false],"2048x2048":["https:\/\/irishpubcompany.com\/wp-content\/uploads\/2019\/08\/simon.jpg",175,240,false],"et-pb-post-main-image":["https:\/\/irishpubcompany.com\/wp-content\/uploads\/2019\/08\/simon.jpg",175,240,false],"et-pb-post-main-image-fullwidth":["https:\/\/irishpubcompany.com\/wp-content\/uploads\/2019\/08\/simon.jpg",175,240,false],"et-pb-portfolio-image":["https:\/\/irishpubcompany.com\/wp-content\/uploads\/2019\/08\/simon.jpg",175,240,false],"et-pb-portfolio-module-image":["https:\/\/irishpubcompany.com\/wp-content\/uploads\/2019\/08\/simon.jpg",175,240,false],"et-pb-portfolio-image-single":["https:\/\/irishpubcompany.com\/wp-content\/uploads\/2019\/08\/simon.jpg",175,240,false],"et-pb-gallery-module-image-portrait":["https:\/\/irishpubcompany.com\/wp-content\/uploads\/2019\/08\/simon.jpg",175,240,false],"et-pb-post-main-image-fullwidth-large":["https:\/\/irishpubcompany.com\/wp-content\/uploads\/2019\/08\/simon.jpg",175,240,false],"et-pb-image--responsive--desktop":["https:\/\/irishpubcompany.com\/wp-content\/uploads\/2019\/08\/simon.jpg",175,240,false],"et-pb-image--responsive--tablet":["https:\/\/irishpubcompany.com\/wp-content\/uploads\/2019\/08\/simon.jpg",175,240,false],"et-pb-image--responsive--phone":["https:\/\/irishpubcompany.com\/wp-content\/uploads\/2019\/08\/simon.jpg",175,240,false]},"uagb_author_info":{"display_name":"Irish Pub Company","author_link":"https:\/\/irishpubcompany.com\/de\/author\/irishpubco\/"},"uagb_comment_info":0,"uagb_excerpt":"Gesch\u00e4ftsf\u00fchrer VAESimon Mc Nally Gesch\u00e4ftsf\u00fchrer VAE Simon ist Gr\u00fcnder von McNally Design International VAE und aktiver Direktor der Irish Pub Company. Simon teilt seine Zeit zwischen Dubai und Dublin auf, wo er als Kundenbetreuer f\u00fcr viele internationale Kunden und Hotelgruppen t\u00e4tig ist. Er reist weltweit zu verschiedenen M\u00e4rkten, pflegt den Kontakt zu Kunden, stellt ihnen&hellip;","_links":{"self":[{"href":"https:\/\/irishpubcompany.com\/de\/wp-json\/wp\/v2\/pages\/14649","targetHints":{"allow":["GET"]}}],"collection":[{"href":"https:\/\/irishpubcompany.com\/de\/wp-json\/wp\/v2\/pages"}],"about":[{"href":"https:\/\/irishpubcompany.com\/de\/wp-json\/wp\/v2\/types\/page"}],"author":[{"embeddable":true,"href":"https:\/\/irishpubcompany.com\/de\/wp-json\/wp\/v2\/users\/2"}],"replies":[{"embeddable":true,"href":"https:\/\/irishpubcompany.com\/de\/wp-json\/wp\/v2\/comments?post=14649"}],"version-history":[{"count":1,"href":"https:\/\/irishpubcompany.com\/de\/wp-json\/wp\/v2\/pages\/14649\/revisions"}],"predecessor-version":[{"id":14651,"href":"https:\/\/irishpubcompany.com\/de\/wp-json\/wp\/v2\/pages\/14649\/revisions\/14651"}],"wp:featuredmedia":[{"embeddable":true,"href":"https:\/\/irishpubcompany.com\/de\/wp-json\/wp\/v2\/media\/13245"}],"wp:attachment":[{"href":"https:\/\/irishpubcompany.com\/de\/wp-json\/wp\/v2\/media?parent=14649"}],"curies":[{"name":"wp","href":"https:\/\/api.w.org\/{rel}","templated":true}]}}