{"id":14662,"date":"2019-07-05T15:49:22","date_gmt":"2019-07-05T14:49:22","guid":{"rendered":"https:\/\/irishpubcompany.com\/landhausstil\/"},"modified":"2025-10-13T09:59:58","modified_gmt":"2025-10-13T08:59:58","slug":"landhausstil","status":"publish","type":"page","link":"https:\/\/irishpubcompany.com\/de\/landhausstil\/","title":{"rendered":"Landhausstil"},"content":{"rendered":"\n[et_pb_section fb_built=&#8220;1&#8243; _builder_version=&#8220;3.25.4&#8243; custom_padding=&#8220;0px|||||&#8220;][et_pb_row column_structure=&#8220;2_5,3_5&#8243; custom_padding=&#8220;0px|||||&#8220; _builder_version=&#8220;3.25.4&#8243; width=&#8220;100%&#8220; max_width=&#8220;1580px&#8220; min_height=&#8220;704px&#8220;][et_pb_column type=&#8220;2_5&#8243; _builder_version=&#8220;3.25.4&#8243;][et_pb_image src=&#8220;https:\/\/irishpubcompany.com\/wp-content\/uploads\/2019\/07\/yesndfkal-1.jpg&#8220; _builder_version=&#8220;3.25.4&#8243; custom_padding=&#8220;0px|||||&#8220;][\/et_pb_image][\/et_pb_column][et_pb_column type=&#8220;3_5&#8243; _builder_version=&#8220;3.25.4&#8243;][et_pb_text _builder_version=&#8220;3.25.4&#8243; text_font=&#8220;||||||||&#8220; text_font_size=&#8220;15px&#8220; text_line_height=&#8220;2em&#8220; custom_margin=&#8220;|30px||&#8220; custom_padding=&#8220;40px||&#8220;]<h3 style=\"text-align: center;\"><strong><\/strong><\/h3>\n<h3 style=\"text-align: center;\"><strong>Der irische Pub im Landhausstil<\/strong><\/h3>\n<h3 style=\"text-align: center;\"><\/h3>\n<p>&nbsp;<\/p>\n<p style=\"text-align: center;\">Das Design f\u00fcr den irischen Pub im Landhausstil <strong>leitet sich vom traditionellen Steinhaus-Stil eines irischen Landhauses ab<\/strong>, von denen viele so einladend und gastfreundlich waren, dass sie im Laufe der Jahre einfach als \u00f6rtlicher Pub akzeptiert wurden.<\/p>\n<p style=\"text-align: center;\">Urspr\u00fcnglich, um Gastwirt zu werden, brachte der Hausherr ein Schild mit seinem Namen \u00fcber einer <strong>hell gestrichenen Haust\u00fcr<\/strong> an und arrangierte eine verlockende <strong>Getr\u00e4nkeauslage im Schaufenster, um durstige Kunden anzulocken.<\/strong><\/p>\n<p style=\"text-align: center;\">Im Inneren w\u00fcrde eine warme Atmosph\u00e4re durch raue <strong>wei\u00df get\u00fcnchte Putzw\u00e4nde, Holzbalken, Steinb\u00f6den<\/strong> und Anrichten, die mit Kr\u00fcgen und buntem Geschirr gef\u00fcllt waren, geschaffen. Kunden w\u00fcrden auf Holzb\u00e4nken oder in Sesselb\u00e4nken sitzen, und ein <strong>gro\u00dfes offenes Feuer \u2013 komplett mit Rost,<\/strong> Blasebalg und einem h\u00e4ngenden gusseisernen Kessel \u2013 w\u00fcrde einen Mittelpunkt f\u00fcr die <strong>geselligen Gespr\u00e4che des Abends<\/strong> bieten. <\/p>\n[\/et_pb_text][et_pb_text _builder_version=&#8220;3.25.4&#8243; text_font=&#8220;||||||||&#8220; text_text_align=&#8220;center&#8220; text_font_size=&#8220;16px&#8220; text_line_height=&#8220;2em&#8220; header_font=&#8220;||||||||&#8220;]<p><strong>Wenn Sie mehr \u00fcber unseren Pub im Landhausstil erfahren m\u00f6chten<\/strong><br>\n  <strong> kontaktieren Sie uns bitte.<\/strong>\n<\/p>[\/et_pb_text][et_pb_button button_url=&#8220;tel:+35312934300&#8243; button_text=&#8220;Rufen Sie uns an unter +353 (0)1 293 4300&#8243; button_alignment=&#8220;center&#8220; _builder_version=&#8220;3.25.4&#8243; custom_button=&#8220;on&#8220; button_text_size=&#8220;18px&#8220; button_text_color=&#8220;#333333&#8243; button_bg_color=&#8220;#b9debe&#8220; button_border_width=&#8220;0px&#8220; button_border_radius=&#8220;6px&#8220; button_font=&#8220;||||||||&#8220; box_shadow_style=&#8220;preset1&#8243; box_shadow_spread=&#8220;-12px&#8220; box_shadow_color=&#8220;#ffffff&#8220; custom_padding=&#8220;12px|20px|12px|20px|true|true&#8220;][\/et_pb_button][\/et_pb_column][\/et_pb_row][\/et_pb_section][et_pb_section fb_built=&#8220;1&#8243; _builder_version=&#8220;3.25.4&#8243; custom_margin=&#8220;0px|0px|0px|0px&#8220; custom_padding=&#8220;0px|0px|0px|0px&#8220;][et_pb_row _builder_version=&#8220;3.25.4&#8243;][et_pb_column type=&#8220;4_4&#8243; _builder_version=&#8220;3.25.4&#8243;][et_pb_image src=&#8220;https:\/\/irishpubcompany.com\/wp-content\/uploads\/2019\/06\/logo_mark_transparent.png&#8220; align=&#8220;center&#8220; _builder_version=&#8220;3.25.4&#8243; max_height=&#8220;130px&#8220;][\/et_pb_image][et_pb_text _builder_version=&#8220;3.25.4&#8243; text_font=&#8220;||||||||&#8220; header_font=&#8220;||||||||&#8220; header_2_font=&#8220;||||||||&#8220; header_2_text_align=&#8220;center&#8220;]<h2><strong>Ausgew\u00e4hlte Projekte f\u00fcr Design &amp; Ausstattung im Landhausstil<\/strong><\/h2>\n[\/et_pb_text][\/et_pb_column][\/et_pb_row][\/et_pb_section][et_pb_section fb_built=&#8220;1&#8243; _builder_version=&#8220;3.25.4&#8243;][et_pb_row _builder_version=&#8220;3.25.4&#8243;][et_pb_column type=&#8220;4_4&#8243; _builder_version=&#8220;3.25.4&#8243;][et_pb_portfolio fullwidth=&#8220;off&#8220; posts_number=&#8220;4&#8243; include_categories=&#8220;79&#8243; show_categories=&#8220;off&#8220; show_pagination=&#8220;off&#8220; _builder_version=&#8220;3.25.4&#8243;][\/et_pb_portfolio][\/et_pb_column][\/et_pb_row][\/et_pb_section][et_pb_section fb_built=&#8220;1&#8243; _builder_version=&#8220;3.22.4&#8243; background_color=&#8220;#01445c&#8220; custom_padding=&#8220;40px|||||&#8220; animation_style=&#8220;slide&#8220; animation_direction=&#8220;bottom&#8220; animation_speed_curve=&#8220;linear&#8220; global_module=&#8220;6647&#8243; saved_tabs=&#8220;all&#8220;][et_pb_row _builder_version=&#8220;3.25&#8243;][et_pb_column type=&#8220;4_4&#8243; _builder_version=&#8220;3.25&#8243; custom_padding=&#8220;|||&#8220; custom_padding__hover=&#8220;|||&#8220;][et_pb_image _builder_version=&#8220;3.25.4&#8243;][\/et_pb_image][et_pb_text _builder_version=&#8220;3.25.4&#8243; text_font=&#8220;||||||||&#8220; text_text_color=&#8220;#ffffff&#8220; text_font_size=&#8220;16px&#8220; text_line_height=&#8220;2em&#8220; header_font=&#8220;||||||||&#8220; header_text_color=&#8220;#ffffff&#8220; header_2_font=&#8220;||||||||&#8220; header_2_text_align=&#8220;center&#8220; header_2_text_color=&#8220;#ffffff&#8220; header_2_font_size=&#8220;35px&#8220; header_2_line_height=&#8220;2.5em&#8220; text_orientation=&#8220;center&#8220;]<h2 style=\"text-align: center;\">Kontaktieren Sie das Team der Irish Pub Company<\/h2>\n<p style=\"text-align: center;\">[\/et_pb_text][et_pb_button button_url=&#8220;tel:+35312934300&#8243; button_text=&#8220;Rufen Sie uns an +353 (0)1 293 4300&#8243; button_alignment=&#8220;center&#8220; _builder_version=&#8220;3.22.4&#8243; custom_button=&#8220;on&#8220; button_text_size=&#8220;18px&#8220; button_text_color=&#8220;#333333&#8243; button_bg_color=&#8220;#b9debe&#8220; button_border_width=&#8220;0px&#8220; button_border_radius=&#8220;6px&#8220; button_font=&#8220;||||||||&#8220; box_shadow_style=&#8220;preset1&#8243; box_shadow_spread=&#8220;-12px&#8220; box_shadow_color=&#8220;#ffffff&#8220; custom_padding=&#8220;12px|20px|12px|20px|true|true&#8220;][\/et_pb_button][et_pb_text _builder_version=&#8220;3.22.4&#8243; text_font=&#8220;||||||||&#8220; text_line_height=&#8220;2em&#8220; text_orientation=&#8220;center&#8220; background_layout=&#8220;dark&#8220; custom_padding=&#8220;5px||&#8220;]<p>ODER<\/p>[\/et_pb_text][et_pb_button button_url=&#8220;mailto:info@irishpubcompany.com&#8220; button_text=&#8220;E-Mail info@irishpubcompany.com&#8220; button_alignment=&#8220;center&#8220; _builder_version=&#8220;3.25.4&#8243; custom_button=&#8220;on&#8220; button_text_size=&#8220;18px&#8220; button_text_color=&#8220;#333333&#8243; button_bg_color=&#8220;#b9debe&#8220; button_border_width=&#8220;0px&#8220; button_border_radius=&#8220;6px&#8220; button_font=&#8220;||||||||&#8220; box_shadow_style=&#8220;preset1&#8243; box_shadow_spread=&#8220;-12px&#8220; box_shadow_color=&#8220;#ffffff&#8220; custom_padding=&#8220;12px|20px|12px|20px|true|true&#8220;][\/et_pb_button][\/et_pb_column][\/et_pb_row][\/et_pb_section][et_pb_section fb_built=&#8220;1&#8243; _builder_version=&#8220;3.22.4&#8243; background_color=&#8220;#000000&#8243; border_width_top=&#8220;1px&#8220; custom_padding=&#8220;54px|0px|0|0px|false|false&#8220; global_module=&#8220;113&#8243;][et_pb_row column_structure=&#8220;1_5,1_5,1_5,1_5,1_5&#8243; module_class=&#8220; et_pb_row_fullwidth&#8220; _builder_version=&#8220;3.25&#8243; width=&#8220;89%&#8220; width_tablet=&#8220;80%&#8220; width_last_edited=&#8220;on|desktop&#8220; max_width=&#8220;89%&#8220; max_width_tablet=&#8220;80%&#8220; max_width_last_edited=&#8220;on|desktop&#8220; make_fullwidth=&#8220;on&#8220;][et_pb_column type=&#8220;1_5&#8243; _builder_version=&#8220;3.25&#8243; custom_padding=&#8220;|||&#8220; custom_padding__hover=&#8220;|||&#8220;][et_pb_image src=&#8220;https:\/\/irishpubcompany.com\/wp-content\/uploads\/2019\/06\/irish-pub-company-logo.png&#8220; align_tablet=&#8220;center&#8220; align_last_edited=&#8220;on|desktop&#8220; _builder_version=&#8220;3.23&#8243;][\/et_pb_image][et_pb_text _builder_version=&#8220;3.22.4&#8243; text_font=&#8220;Georgia||||||||&#8220; text_text_color=&#8220;#ffffff&#8220;]<p style=\"text-align: center;\">Entwicklung von weltweit au\u00dfergew\u00f6hnlichen Gastronomiekonzepte seit 1979<\/p>[\/et_pb_text][\/et_pb_column][et_pb_column type=&#8220;1_5&#8243; _builder_version=&#8220;3.25&#8243; custom_padding=&#8220;|||&#8220; custom_padding__hover=&#8220;|||&#8220;][et_pb_text _builder_version=&#8220;3.25.4&#8243; text_font=&#8220;Georgia||||||||&#8220; text_text_color=&#8220;#ffffff&#8220; link_font=&#8220;Georgia||||||||&#8220; link_text_color=&#8220;#ffffff&#8220; link_font_size=&#8220;14px&#8220; link_line_height=&#8220;2.1em&#8220; header_font=&#8220;||||||||&#8220; header_3_font=&#8220;||||||||&#8220; header_3_line_height=&#8220;1.7em&#8220; background_layout=&#8220;dark&#8220;]<h3 style=\"text-align: left;\">Kontakt<br>\n  <a href=\"tel:+35312934300\">+353 (0)1 293 4300<\/a>\n<\/h3>\n<p style=\"text-align: left;\"><a href=\"mailto:info@irishpubcompany.com\">info@irishpubcompany.com<\/a><\/p>[\/et_pb_text][et_pb_text _builder_version=&#8220;3.25.4&#8243; text_font=&#8220;Georgia||||||||&#8220; text_text_color=&#8220;#ffffff&#8220; link_font=&#8220;Georgia||||||||&#8220; link_text_color=&#8220;#ffffff&#8220; link_font_size=&#8220;14px&#8220; link_line_height=&#8220;2.1em&#8220; header_font=&#8220;||||||||&#8220; header_3_font=&#8220;||||||||&#8220; header_3_line_height=&#8220;1.7em&#8220; background_layout=&#8220;dark&#8220;]<h3>Standort<\/h3>\n<p>1. Stock, The Courtyard,<\/p>\n<p>Carmanhall Road,<\/p>\n<p>Sandyford Business Park,<\/p>\n<p>Dublin, Irland<\/p>[\/et_pb_text][\/et_pb_column][et_pb_column type=&#8220;1_5&#8243; _builder_version=&#8220;3.25&#8243; custom_padding=&#8220;|||&#8220; custom_padding__hover=&#8220;|||&#8220;][et_pb_text _builder_version=&#8220;3.25.4&#8243; text_font=&#8220;Georgia||||||||&#8220; text_text_color=&#8220;#ffffff&#8220; link_font=&#8220;Georgia||||||||&#8220; link_text_color=&#8220;#ffffff&#8220; link_font_size=&#8220;14px&#8220; link_line_height=&#8220;2.1em&#8220; header_font=&#8220;||||||||&#8220; header_3_font=&#8220;||||||||&#8220; header_3_line_height=&#8220;1.7em&#8220; background_layout=&#8220;dark&#8220; custom_padding=&#8220;|||3px||&#8220;]<h3>The Irish Pub Company<\/h3>\n<p><a href=\"\/the-story-of-the-irish-pub-company\/\">Unsere Geschichte<\/a><a href=\"#\"><br><a href=\"\/our-team\/\">Unser Team<\/a><br><a href=\"#\">In der Presse [DEV]<\/a>[\/et_pb_text][et_pb_text _builder_version=&#8220;3.25.4&#8243; text_font=&#8220;Georgia||||||||&#8220; text_text_color=&#8220;#ffffff&#8220; link_font=&#8220;Georgia||||||||&#8220; link_text_color=&#8220;#ffffff&#8220; link_font_size=&#8220;14px&#8220; link_line_height=&#8220;2.1em&#8220; header_font=&#8220;||||||||&#8220; header_3_font=&#8220;||||||||&#8220; header_3_line_height=&#8220;1.7em&#8220; background_layout=&#8220;dark&#8220;]<h3>Was wir tun<\/h3>\n<p><a href=\"\/services\/design-and-build\/\">Design &amp; Bau<\/a><br><a href=\"\/consultancy-brand-identity\/\">Beratung Markenidentit\u00e4t<\/a><br><a href=\"\/refurbishment\/\">Renovierung<\/a><br><a href=\"\/project-management-and-procurement\/\">Projektmanagement &amp; Beschaffung<\/a><br><a href=\"\/entertainment-hospitality-concepts\/\">Entertainment-Hospitality-Konzepte<\/a><br><a href=\"\/interior-architecture\/\">Innenarchitektur<\/a>[\/et_pb_text][\/et_pb_column][et_pb_column type=&#8220;1_5&#8243; _builder_version=&#8220;3.25&#8243; custom_padding=&#8220;|||&#8220; custom_padding__hover=&#8220;|||&#8220;][et_pb_text _builder_version=&#8220;3.25.4&#8243; text_font=&#8220;Georgia||||||||&#8220; text_text_color=&#8220;#ffffff&#8220; link_font=&#8220;Georgia||||||||&#8220; link_text_color=&#8220;#ffffff&#8220; link_font_size=&#8220;14px&#8220; link_line_height=&#8220;2.1em&#8220; header_font=&#8220;||||||||&#8220; header_3_font=&#8220;||||||||&#8220; header_3_line_height=&#8220;1.7em&#8220; background_layout=&#8220;dark&#8220;]<h3>Unsere Projekte<\/h3>\n<p><a href=\"\/pub-design-case-studies\/\">Pub-Design Fallstudien<\/a><br><a href=\"\/portfolio\/brewery-style\/\">Brauerei-Stil<\/a><br><a href=\"\/portfolio\/celtic-style\/\">Keltischer Stil<\/a><br><a href=\"\/portfolio\/country-style\/\">Landhausstil<\/a><br><a href=\"\/portfolio\/gastro-style\/\">Gastro-Stil<\/a><br><a href=\"\/portfolio\/shop-style\/\">Shop-Stil<\/a><br><a href=\"\/portfolio\/victorian-style\/\">Viktorianischer Stil<\/a>[\/et_pb_text][\/et_pb_column][et_pb_column type=&#8220;1_5&#8243; _builder_version=&#8220;3.25&#8243; custom_padding=&#8220;|||&#8220; custom_padding__hover=&#8220;|||&#8220;][et_pb_text _builder_version=&#8220;3.25.4&#8243; text_font=&#8220;||||||||&#8220; text_text_color=&#8220;#ffffff&#8220; link_font=&#8220;||||||||&#8220; link_text_color=&#8220;#ffffff&#8220;]<p><b>Region \u00e4ndern<\/b><\/p>\n<p><a href=\"http:\/\/irishpubcompany.com\/?page_id=7732&amp;preview=true\">[svg-flags flag=&#8220;gb&#8220;] Englisch<\/a><br> <a href=\"#\">[svg-flags flag=&#8220;fr&#8220;] Franz\u00f6sisch<\/a><br> <a href=\"#\">[svg-flags flag=&#8220;de&#8220;] Deutsch<\/a><br> <a href=\"#\">[svg-flags flag=&#8220;ru&#8220;] Russisch<\/a><br> <a href=\"#\">[svg-flags flag=&#8220;gb&#8220;] Englisch<\/a><br> <a href=\"#\">[svg-flags flag=&#8220;fr&#8220;] Franz\u00f6sisch<\/a><\/p>[\/et_pb_text][\/et_pb_column][\/et_pb_row][et_pb_row column_structure=&#8220;1_2,1_2&#8243; module_id=&#8220;smallprint&#8220; module_class=&#8220; et_pb_row_fullwidth&#8220; _builder_version=&#8220;3.25.4&#8243; width=&#8220;89%&#8220; width_tablet=&#8220;80%&#8220; width_last_edited=&#8220;on|desktop&#8220; max_width=&#8220;89%&#8220; max_width_tablet=&#8220;80%&#8220; max_width_last_edited=&#8220;on|desktop&#8220; make_fullwidth=&#8220;on&#8220;][et_pb_column type=&#8220;1_2&#8243; _builder_version=&#8220;3.25&#8243; custom_padding=&#8220;|||&#8220; custom_padding__hover=&#8220;|||&#8220;][et_pb_text _builder_version=&#8220;3.22.4&#8243; text_font=&#8220;Georgia||||||||&#8220; link_font=&#8220;||||on||||&#8220; link_text_color=&#8220;#ffffff&#8220; background_layout=&#8220;dark&#8220;]<p>\u00a9 The Irish Pub Company 2019. Alle Rechte vorbehalten. <a href=\"#\">Datenschutz<\/a>. <a href=\"#\">Seitenverzeichnis<\/a>. <\/p>[\/et_pb_text][\/et_pb_column][et_pb_column type=&#8220;1_2&#8243; _builder_version=&#8220;3.25&#8243; custom_padding=&#8220;|||&#8220; custom_padding__hover=&#8220;|||&#8220;][et_pb_image src=&#8220;https:\/\/irishpubcompany.com\/wp-content\/uploads\/2019\/08\/riai_logo.png&#8220; _builder_version=&#8220;3.25.4&#8243; custom_css_main_element=&#8220;display: inline-block;&#8220;][\/et_pb_image][et_pb_image src=&#8220;https:\/\/irishpubcompany.com\/wp-content\/uploads\/2019\/08\/mj_architecture_logo.png&#8220; _builder_version=&#8220;3.25.4&#8243; custom_css_main_element=&#8220;display: inline-block;&#8220;][\/et_pb_image][et_pb_image src=&#8220;https:\/\/irishpubcompany.com\/wp-content\/uploads\/2019\/08\/mdi_logo.png&#8220; _builder_version=&#8220;3.25.4&#8243; custom_css_main_element=&#8220;display: inline-block;&#8220;][\/et_pb_image][\/et_pb_column][\/et_pb_row][\/et_pb_section]\n","protected":false},"excerpt":{"rendered":"<p>Der irische Pub im Landhausstil &nbsp; Das Design f\u00fcr den irischen Pub im Landhausstil leitet sich vom traditionellen Steinhaus-Stil eines irischen Landhauses ab, von denen viele so einladend und gastfreundlich waren, dass sie im Laufe der Jahre einfach als \u00f6rtlicher Pub akzeptiert wurden. Urspr\u00fcnglich, um Gastwirt zu werden, brachte der Hausherr ein Schild mit seinem [&hellip;]<\/p>\n","protected":false},"author":1,"featured_media":0,"parent":0,"menu_order":0,"comment_status":"closed","ping_status":"closed","template":"","meta":{"_et_pb_use_builder":"on","_et_pb_old_content":"","_et_gb_content_width":"","_uag_custom_page_level_css":"","footnotes":""},"class_list":["post-14662","page","type-page","status-publish","hentry"],"uagb_featured_image_src":{"full":false,"thumbnail":false,"medium":false,"medium_large":false,"large":false,"1536x1536":false,"2048x2048":false,"et-pb-post-main-image":false,"et-pb-post-main-image-fullwidth":false,"et-pb-portfolio-image":false,"et-pb-portfolio-module-image":false,"et-pb-portfolio-image-single":false,"et-pb-gallery-module-image-portrait":false,"et-pb-post-main-image-fullwidth-large":false,"et-pb-image--responsive--desktop":false,"et-pb-image--responsive--tablet":false,"et-pb-image--responsive--phone":false},"uagb_author_info":{"display_name":"dn_admin","author_link":"https:\/\/irishpubcompany.com\/de\/author\/dn_admin\/"},"uagb_comment_info":0,"uagb_excerpt":"Der irische Pub im Landhausstil &nbsp; Das Design f\u00fcr den irischen Pub im Landhausstil leitet sich vom traditionellen Steinhaus-Stil eines irischen Landhauses ab, von denen viele so einladend und gastfreundlich waren, dass sie im Laufe der Jahre einfach als \u00f6rtlicher Pub akzeptiert wurden. Urspr\u00fcnglich, um Gastwirt zu werden, brachte der Hausherr ein Schild mit seinem&hellip;","_links":{"self":[{"href":"https:\/\/irishpubcompany.com\/de\/wp-json\/wp\/v2\/pages\/14662","targetHints":{"allow":["GET"]}}],"collection":[{"href":"https:\/\/irishpubcompany.com\/de\/wp-json\/wp\/v2\/pages"}],"about":[{"href":"https:\/\/irishpubcompany.com\/de\/wp-json\/wp\/v2\/types\/page"}],"author":[{"embeddable":true,"href":"https:\/\/irishpubcompany.com\/de\/wp-json\/wp\/v2\/users\/1"}],"replies":[{"embeddable":true,"href":"https:\/\/irishpubcompany.com\/de\/wp-json\/wp\/v2\/comments?post=14662"}],"version-history":[{"count":2,"href":"https:\/\/irishpubcompany.com\/de\/wp-json\/wp\/v2\/pages\/14662\/revisions"}],"predecessor-version":[{"id":14683,"href":"https:\/\/irishpubcompany.com\/de\/wp-json\/wp\/v2\/pages\/14662\/revisions\/14683"}],"wp:attachment":[{"href":"https:\/\/irishpubcompany.com\/de\/wp-json\/wp\/v2\/media?parent=14662"}],"curies":[{"name":"wp","href":"https:\/\/api.w.org\/{rel}","templated":true}]}}