{"id":14687,"date":"2015-09-21T10:20:58","date_gmt":"2015-09-21T09:20:58","guid":{"rendered":"https:\/\/irishpubcompany.com\/irish-pub-company-designer-von-irischen-bars-und-pubs\/"},"modified":"2015-09-21T10:20:58","modified_gmt":"2015-09-21T09:20:58","slug":"irish-pub-company-designer-von-irischen-bars-und-pubs","status":"publish","type":"page","link":"https:\/\/irishpubcompany.com\/de\/irish-pub-company-designer-von-irischen-bars-und-pubs\/","title":{"rendered":"Irish Pub Company \u2013 Designer von irischen Bars und Pubs"},"content":{"rendered":"<p>Die Irish Pub Company ist auf das Design, die Herstellung, die Installation und die Modernisierung authentischer irischer Pubs, Bars, Restaurants und Nachtclubs weltweit spezialisiert.<\/p>\n<p>Unser <a href=\"http:\/\/irishpubcompany.com\/portfolio\/portfolio\/\" target=\"_blank\" rel=\"noopener noreferrer\">Design-Portfolio<\/a> ist umfassend und abwechslungsreich. Kein Standort ist zu gro\u00df und kein Projekt zu klein f\u00fcr ein Design-Konzept der Irish Pub Company im Weltklasseformat. <\/p>\n<div id=\"attachment_5035\" style=\"width: 310px\" class=\"wp-caption aligncenter\"><a href=\"http:\/\/irishpubcompany.com\/wp-content\/uploads\/2015\/12\/Capture1.jpg\"><img loading=\"lazy\" decoding=\"async\" aria-describedby=\"caption-attachment-5035\" class=\"size-medium wp-image-5035\" src=\"http:\/\/irishpubcompany.com\/wp-content\/uploads\/2015\/12\/Capture1-300x199.jpg\" alt=\"Kilkenny Irish Pub Berlin, Guinness Irish Pub des Jahres, Irisches Pub-Konzept\" width=\"300\" height=\"199\"><\/a><p id=\"caption-attachment-5035\" class=\"wp-caption-text\">Kilkenny Irish Pub Berlin, Guinness Irish Pub des Jahres, Irisches Pub-Konzept<\/p><\/div>\n<h2 style=\"text-align: center;\"><em><strong>Der Design- und Bauprozess der Irish Pub Company<\/strong><\/em><\/h2>\n<p>Dank der stressfreien Art unserer Design- und Bauleistungen sind wir zum Marktf\u00fchrer f\u00fcr Design und Bau irischer Pubs geworden. Wir bieten einen schl\u00fcsselfertigen Service vom Anfangsgespr\u00e4ch \u00fcber die Entwicklung des Design-Konzepts bis hin zur Anreise an Ihren Standort, wo wir Ihren Pub ausstatten. <\/p>\n<h2 style=\"text-align: center;\"><em><strong>Wir entwerfen authentische irische Pubs, die sich bew\u00e4hren.<\/strong><\/em><\/h2>\n<p>Unsere preisgekr\u00f6nten Designs basieren auf soliden Gesch\u00e4ftsprinzipien, die:<br \/>\n~ einen Mehrwert liefern,<br \/>\n~ die Standards erh\u00f6hen und<br \/>\n~ die Marke eines Projekteigent\u00fcmers und -betreibers verbessern.<\/p>\n<p><a href=\"http:\/\/irishpubcompany.com\/wp-content\/uploads\/2011\/07\/stamps-victorian.jpg\" rel=\"http:\/\/plus.google.com\/114548325852759416630?rel=publisher\"><img loading=\"lazy\" decoding=\"async\" class=\"aligncenter wp-image-3227 size-medium\" title=\"Stamps Landing Canada, Victorian Style Pub Design &amp; Build by the Irish Pub Company\" src=\"http:\/\/irishpubcompany.com\/wp-content\/uploads\/2011\/07\/stamps-victorian-300x200.jpg\" alt=\"Stamps Landing Canada, Victorian Style Pub Design &amp; Build by the Irish Pub Company\" width=\"300\" height=\"200\"><\/a><\/p>\n<h2 style=\"text-align: left;\"><em><strong>Irish Pub Company \u2013 unsere Dienstleistungen:<\/strong><\/em><\/h2>\n<ul>\n<li>Konzeptentwicklung<\/li>\n<li>Innendesign<\/li>\n<li>Ausstattung und Bau<\/li>\n<li>Beleuchtung und M\u00f6bel<\/li>\n<li>Design der Ladenfassade<\/li>\n<li>Modernisierung<\/li>\n<li>Beratung<\/li>\n<li>Markenbildung<\/li>\n<li>Architektur<\/li>\n<li>Projektmanagement und Auftragsvergabe<\/li>\n<\/ul>\n<p style=\"text-align: left;\"><a href=\"http:\/\/irishpubcompany.com\/wp-content\/uploads\/2015\/05\/8311173418_181d79f52a_b.jpg\" rel=\"http:\/\/plus.google.com\/114548325852759416630?rel=publisher\"><img loading=\"lazy\" decoding=\"async\" class=\"aligncenter wp-image-4200 size-medium\" title=\"Fad\u00f3 Pub Seattle, designed &amp; build by the Irish Pub Company\" src=\"http:\/\/irishpubcompany.com\/wp-content\/uploads\/2015\/05\/8311173418_181d79f52a_b-300x200.jpg\" alt=\"Fad\u00f3 Pub Seattle, designed &amp; build by the Irish Pub Company\" width=\"300\" height=\"200\"><\/a><\/p>\n<h2 style=\"text-align: left;\"><strong>Warum sollten Sie sich f\u00fcr die Irish Pub Company entscheiden?<\/strong><\/h2>\n<p style=\"text-align: center;\">~ Wir haben Erfahrung mit der Arbeit in Deutschland<br \/>\n~ Unsere Pubs bew\u00e4hren sich<br \/>\n~ Wir haben einige der erfolgreichsten Pubs weltweit geschaffen<br \/>\n~ Wir erschaffen Pubs jeglicher Stilrichtung<br \/>\n~ Wir sind der EINZIGE offizielle Partner des Guinness Irish Pub Concept<\/p>\n<p style=\"text-align: center;\"><span><em><strong><a href=\"mailto:info@irishpubcompany.com\" target=\"_blank\" rel=\"noopener noreferrer\">Entscheiden Sie sich, Ihren Pub, Club, Ihre Bar oder Ihr Restaurant zu modernisieren und umzugestalten<\/a><\/strong><\/em><\/span><\/p>\n<div id=\"attachment_4181\" style=\"width: 310px\" class=\"wp-caption aligncenter\"><a href=\"http:\/\/irishpubcompany.com\/wp-content\/uploads\/2015\/05\/Victorian-Collage.jpg\" rel=\"http:\/\/plus.google.com\/114548325852759416630?rel=publisher\"><img loading=\"lazy\" decoding=\"async\" aria-describedby=\"caption-attachment-4181\" class=\"wp-image-4181 size-medium\" title=\"Victorian Irish Pub Concept von der Irish Pub Company\" src=\"http:\/\/irishpubcompany.com\/wp-content\/uploads\/2015\/05\/Victorian-Collage-300x209.jpg\" alt=\"Victorian Irish Pub Concept von der Irish Pub Company\" width=\"300\" height=\"209\"><\/a><p id=\"caption-attachment-4181\" class=\"wp-caption-text\">Victorian Irish Pub Concept von der Irish Pub Company<\/p><\/div>\n<h2 style=\"text-align: center;\">Der Design- und Bauprozess der Irish Pub Company<\/h2>\n<p><a href=\"http:\/\/irishpubcompany.com\/wp-content\/uploads\/2015\/07\/three-steps.jpg\" rel=\"http:\/\/plus.google.com\/114548325852759416630?rel=publisher\"><img loading=\"lazy\" decoding=\"async\" class=\"aligncenter wp-image-4331\" src=\"http:\/\/irishpubcompany.com\/wp-content\/uploads\/2015\/07\/three-steps-300x86.jpg\" alt=\"three steps\" width=\"499\" height=\"143\"><\/a><\/p>\n<p style=\"text-align: center;\"><a href=\"emailto:info@irishpubcompany.com\" target=\"_blank\" rel=\"noopener noreferrer\">Kontaktieren Sie das Team der Irish Pub Company<\/a><br \/>\n<a href=\"emailto:info@irishpubcompany.com\" target=\"_blank\" rel=\"noopener noreferrer\">E-Mail: info@irishpubcompany.com<\/a><\/p>\n<p style=\"text-align: center;\"><strong>Wir freuen uns darauf, von Ihnen zu h\u00f6ren!<\/strong><\/p>\n","protected":false},"excerpt":{"rendered":"<p>Die Irish Pub Company ist auf das Design, die Herstellung, die Installation und die Modernisierung authentischer irischer Pubs, Bars, Restaurants und Nachtclubs weltweit spezialisiert. Unser Design-Portfolio ist umfassend und abwechslungsreich. Kein Standort ist zu gro\u00df und kein Projekt zu klein f\u00fcr ein Design-Konzept der Irish Pub Company im Weltklasseformat. Der Design- und Bauprozess der Irish [&hellip;]<\/p>\n","protected":false},"author":1,"featured_media":0,"parent":0,"menu_order":0,"comment_status":"closed","ping_status":"closed","template":"","meta":{"_et_pb_use_builder":"","_et_pb_old_content":"","_et_gb_content_width":"","_uag_custom_page_level_css":"","footnotes":""},"class_list":["post-14687","page","type-page","status-publish","hentry"],"uagb_featured_image_src":{"full":false,"thumbnail":false,"medium":false,"medium_large":false,"large":false,"1536x1536":false,"2048x2048":false,"et-pb-post-main-image":false,"et-pb-post-main-image-fullwidth":false,"et-pb-portfolio-image":false,"et-pb-portfolio-module-image":false,"et-pb-portfolio-image-single":false,"et-pb-gallery-module-image-portrait":false,"et-pb-post-main-image-fullwidth-large":false,"et-pb-image--responsive--desktop":false,"et-pb-image--responsive--tablet":false,"et-pb-image--responsive--phone":false},"uagb_author_info":{"display_name":"dn_admin","author_link":"https:\/\/irishpubcompany.com\/de\/author\/dn_admin\/"},"uagb_comment_info":0,"uagb_excerpt":"Die Irish Pub Company ist auf das Design, die Herstellung, die Installation und die Modernisierung authentischer irischer Pubs, Bars, Restaurants und Nachtclubs weltweit spezialisiert. Unser Design-Portfolio ist umfassend und abwechslungsreich. Kein Standort ist zu gro\u00df und kein Projekt zu klein f\u00fcr ein Design-Konzept der Irish Pub Company im Weltklasseformat. Der Design- und Bauprozess der Irish&hellip;","_links":{"self":[{"href":"https:\/\/irishpubcompany.com\/de\/wp-json\/wp\/v2\/pages\/14687","targetHints":{"allow":["GET"]}}],"collection":[{"href":"https:\/\/irishpubcompany.com\/de\/wp-json\/wp\/v2\/pages"}],"about":[{"href":"https:\/\/irishpubcompany.com\/de\/wp-json\/wp\/v2\/types\/page"}],"author":[{"embeddable":true,"href":"https:\/\/irishpubcompany.com\/de\/wp-json\/wp\/v2\/users\/1"}],"replies":[{"embeddable":true,"href":"https:\/\/irishpubcompany.com\/de\/wp-json\/wp\/v2\/comments?post=14687"}],"version-history":[{"count":0,"href":"https:\/\/irishpubcompany.com\/de\/wp-json\/wp\/v2\/pages\/14687\/revisions"}],"wp:attachment":[{"href":"https:\/\/irishpubcompany.com\/de\/wp-json\/wp\/v2\/media?parent=14687"}],"curies":[{"name":"wp","href":"https:\/\/api.w.org\/{rel}","templated":true}]}}