{"id":14689,"date":"2015-09-10T11:14:17","date_gmt":"2015-09-10T10:14:17","guid":{"rendered":"https:\/\/irishpubcompany.com\/geschichte-der-irischen-pubs\/"},"modified":"2015-09-10T11:14:17","modified_gmt":"2015-09-10T10:14:17","slug":"geschichte-der-irischen-pubs","status":"publish","type":"page","link":"https:\/\/irishpubcompany.com\/de\/geschichte-der-irischen-pubs\/","title":{"rendered":"Geschichte der irischen Pubs"},"content":{"rendered":"<p><img loading=\"lazy\" decoding=\"async\" class=\"alignleft wp-image-2263 size-medium\" src=\"http:\/\/irishpubcompany.com\/wp-content\/uploads\/2014\/08\/Victorian-Image_680x450-300x198.jpg\" alt=\"Nine fine irishmen Las Vegas Irish Pub Design und Bau von der Irish Pub Company\" width=\"300\" height=\"198\"> Ein Irish Pub ist viel mehr als nur ein Ort, um etwas zu trinken. Die Pub-Kultur in Irland hat eine sehr lange Geschichte, doch im Kern steht das Gef\u00fchl von Kameradschaft und Freundschaft. Im letzten Jahrhundert war das irische Gasthaus ein soziales und kommunales Zentrum f\u00fcr die Menschen in Irland. Es dient sowohl als Ort, um Alkohol zu konsumieren, als auch als Treffpunkt f\u00fcr Freunde, Nachbarn und sogar v\u00f6llig Fremde, um sich in entspannter Atmosph\u00e4re zu unterhalten. Im Irish Pub werden Feste gefeiert: Hochzeiten, Beerdigungen, Totenwachen, Taufen, Geburtstage und alle anderen Feierlichkeiten, die man sich vorstellen kann.    <\/p>\n<p>Die Iren haben das, was als \u201ethe local\u201c bezeichnet wird, das ist der Pub, den sie m\u00f6glicherweise t\u00e4glich besuchen. Es besteht im Allgemeinen ein sehr enges und gegenseitiges Verst\u00e4ndnis sowie eine Informalit\u00e4t zwischen dem Gast und dem Barpersonal, und in vielen F\u00e4llen, insbesondere in l\u00e4ndlichen Pubs, kennen sich praktisch alle G\u00e4ste gut. Tats\u00e4chlich w\u00e4re es f\u00fcr einen Barkeeper, einen Stammgast zu fragen, was er trinken m\u00f6chte, so, als w\u00fcrde er ihn nach seinem Namen fragen. Irland hat \u00fcber 10.000 Pubs, sodass Sie nicht weit reisen m\u00fcssen, um etwas trinken zu gehen. Pubs sind die Schmelztiegel sozialer Begegnungen, in denen alle sozialen Schichten zusammenkommen.    <\/p>\n<p><img loading=\"lazy\" decoding=\"async\" class=\"alignleft wp-image-2451 size-medium\" src=\"http:\/\/irishpubcompany.com\/wp-content\/uploads\/2014\/08\/PJ-Gallaghers_Sydney1-300x199.jpg\" alt=\"PJ-Gallagher's_Sydney1\" width=\"300\" height=\"199\">Irland produziert die besten Stouts und Whiskeys der Welt, und die Iren sind f\u00fcr ihre Trinkgewohnheiten bekannt. Guinness ist in der Tat nicht nur das g\u00e4ngigste Bier in Irland, sondern auch so etwas wie ein nationales Symbol. Irischer Whiskey, ob Bushmills, Jameson oder Blackbush, erfreut sich gro\u00dfer Beliebtheit bei Whiskey-Kennern und ist in jeder guten Irish Bar weltweit zu finden.  <\/p>\n<p>Der Irish Pub ist ein wichtiger Bestandteil der irischen Kultur. Der Irish Pub hat viele unserer gro\u00dfen Schriftsteller hervorgebracht. James Joyce, Samuel Beckett, Oscar Wilde und Brendan Behan schrieben alle Geschichten, in denen der Irish Pub im Mittelpunkt stand. Viele der gro\u00dfen Schriftsteller suchten ihre Inspiration in Irish Pubs.   <\/p>\n<p><img loading=\"lazy\" decoding=\"async\" class=\"alignleft wp-image-2452 size-medium\" src=\"http:\/\/irishpubcompany.com\/wp-content\/uploads\/2014\/08\/PJ-Gallaghers_Sydney2-300x199.jpg\" alt=\"PJ-Gallagher's_Sydney2\" width=\"300\" height=\"199\">Ein weiteres Ph\u00e4nomen ist der traditionelle Irish Music Pub, wo Musiker aller Art zu Sessions zusammenkommen, bei denen jeder, der m\u00f6chte, spontan mitmachen kann. Dies ist in der Regel kostenlos, und viele Pub-Besitzer revanchieren sich, indem sie den durstigen Musikern kostenlose Getr\u00e4nke anbieten. Selten kehrt ein Tourist von einer Irlandreise zur\u00fcck, ohne eine unvergessliche Melodie im Herzen zu tragen. Diese traditionellen Musik-Sessions umfassen die gesamte Bandbreite der menschlichen Existenz, und oft singen sie \u00fcber die leidenschaftliche Zuneigung zum Alkohol und seine Folgen.   <\/p>\n<p>Wenn Sie jemand in einen Irish Pub einl\u00e4dt, ist es \u00fcblich, dass diese Person die ersten Getr\u00e4nke bezahlt. Sie sollten jedoch die n\u00e4chste Runde bestellen, bevor andere ihre Getr\u00e4nke austrinken, um die Stimmung aufrechtzuerhalten. <\/p>\n<p>DER IRISH PUB bleibt die Attraktion Nummer eins f\u00fcr Besucher.<\/p>\n<p><a href=\"http:\/\/irishpubcompany.com\/contact\/\">Klicken Sie hier, wenn Sie erfahren m\u00f6chten, wie Sie Ihren eigenen Irish Pub \u00fcberall auf der Welt besitzen und betreiben k\u00f6nnen<\/a><\/p>\n","protected":false},"excerpt":{"rendered":"<p>Ein Irish Pub ist viel mehr als nur ein Ort, um etwas zu trinken. Die Pub-Kultur in Irland hat eine sehr lange Geschichte, doch im Kern steht das Gef\u00fchl von Kameradschaft und Freundschaft. Im letzten Jahrhundert war das irische Gasthaus ein soziales und kommunales Zentrum f\u00fcr die Menschen in Irland. Es dient sowohl als Ort, [&hellip;]<\/p>\n","protected":false},"author":1,"featured_media":0,"parent":0,"menu_order":0,"comment_status":"closed","ping_status":"closed","template":"","meta":{"_et_pb_use_builder":"","_et_pb_old_content":"","_et_gb_content_width":"","_uag_custom_page_level_css":"","footnotes":""},"class_list":["post-14689","page","type-page","status-publish","hentry"],"uagb_featured_image_src":{"full":false,"thumbnail":false,"medium":false,"medium_large":false,"large":false,"1536x1536":false,"2048x2048":false,"et-pb-post-main-image":false,"et-pb-post-main-image-fullwidth":false,"et-pb-portfolio-image":false,"et-pb-portfolio-module-image":false,"et-pb-portfolio-image-single":false,"et-pb-gallery-module-image-portrait":false,"et-pb-post-main-image-fullwidth-large":false,"et-pb-image--responsive--desktop":false,"et-pb-image--responsive--tablet":false,"et-pb-image--responsive--phone":false},"uagb_author_info":{"display_name":"dn_admin","author_link":"https:\/\/irishpubcompany.com\/de\/author\/dn_admin\/"},"uagb_comment_info":0,"uagb_excerpt":"Ein Irish Pub ist viel mehr als nur ein Ort, um etwas zu trinken. Die Pub-Kultur in Irland hat eine sehr lange Geschichte, doch im Kern steht das Gef\u00fchl von Kameradschaft und Freundschaft. Im letzten Jahrhundert war das irische Gasthaus ein soziales und kommunales Zentrum f\u00fcr die Menschen in Irland. Es dient sowohl als Ort,&hellip;","_links":{"self":[{"href":"https:\/\/irishpubcompany.com\/de\/wp-json\/wp\/v2\/pages\/14689","targetHints":{"allow":["GET"]}}],"collection":[{"href":"https:\/\/irishpubcompany.com\/de\/wp-json\/wp\/v2\/pages"}],"about":[{"href":"https:\/\/irishpubcompany.com\/de\/wp-json\/wp\/v2\/types\/page"}],"author":[{"embeddable":true,"href":"https:\/\/irishpubcompany.com\/de\/wp-json\/wp\/v2\/users\/1"}],"replies":[{"embeddable":true,"href":"https:\/\/irishpubcompany.com\/de\/wp-json\/wp\/v2\/comments?post=14689"}],"version-history":[{"count":0,"href":"https:\/\/irishpubcompany.com\/de\/wp-json\/wp\/v2\/pages\/14689\/revisions"}],"wp:attachment":[{"href":"https:\/\/irishpubcompany.com\/de\/wp-json\/wp\/v2\/media?parent=14689"}],"curies":[{"name":"wp","href":"https:\/\/api.w.org\/{rel}","templated":true}]}}