{"id":14690,"date":"2015-04-16T15:42:39","date_gmt":"2015-04-16T14:42:39","guid":{"rendered":"https:\/\/irishpubcompany.com\/modernes-erbe-design-mit-fundstuecken\/"},"modified":"2015-04-16T15:42:39","modified_gmt":"2015-04-16T14:42:39","slug":"modernes-erbe-design-mit-fundstuecken","status":"publish","type":"page","link":"https:\/\/irishpubcompany.com\/de\/modernes-erbe-design-mit-fundstuecken\/","title":{"rendered":"Modernes Erbe-Design mit Fundst\u00fccken"},"content":{"rendered":"<p>Ein St\u00fcck Irland in Ihren Veranstaltungsort zu bringen, es in ein authentisches Design einzubetten, es auf eine Weise auszudr\u00fccken, die modern ist, die heutigen Konsumenten begeistert und einen erstklassigen Pub zu schaffen \u2013 Ist dies das Designkonzept f\u00fcr Sie?<\/p>\n<p><a href=\"http:\/\/irishpubcompany.com\/design-concepts\/\" rel=\"http:\/\/plus.google.com\/114548325852759416630?rel=publisher\"><img loading=\"lazy\" decoding=\"async\" class=\"aligncenter wp-image-3995 size-medium\" title=\"Modernes Erbe-Konzept mit Fundst\u00fccken\" src=\"http:\/\/irishpubcompany.com\/wp-content\/uploads\/2015\/04\/Modern-Heritage-Salvage-Concept-picture-300x226.jpg\" alt=\"Modernes Erbe-Konzept mit Fundst\u00fccken\" width=\"300\" height=\"226\"><\/a><\/p>\n<p>Die Geschichte eines Irish Pubs ist zentral f\u00fcr sein Design. Dieses Konzept wird die Geschichte Irlands erz\u00e4hlen und dabei seine globalen Verbindungen einbeziehen. <\/p>\n<p>~ Das Modernes Erbe-Designkonzept mit Fundst\u00fccken ist seinen Wurzeln treu; seine Irischheit steht weiterhin im Mittelpunkt, aber auf kreativere Weise, indem eine geborgene Bar verwendet wird.<\/p>\n<p>~ Der Irish Pub von heute muss eine Fusion aus globalen Erfahrungen sein und dennoch im lokalen Erbe verwurzelt sein.<\/p>\n<p>~ Da die wahre Essenz des Irish Pubs an andere Marken verloren geht, ist es an der Zeit, das Konzept unter Ber\u00fccksichtigung der heutigen Einfl\u00fcsse aufzufrischen und die authentischen, designorientierten Irish Pubs der Welt wieder als bemerkenswerte Gesch\u00e4ftsm\u00f6glichkeit zu positionieren.<\/p>\n<p style=\"text-align: center;\"><strong>Dieses Modernes Erbe-Konzept mit Fundst\u00fccken bietet eine aufregende Gelegenheit, Ihren Pub als Leuchtturm der Qualit\u00e4t zu positionieren.<\/strong><\/p>\n<p>Das Modernes Erbe-Konzept mit Fundst\u00fccken ist ein Pub, der in der Tradition verwurzelt ist, aber auf eine fantasievollere und \u00fcberraschendere Weise ausgedr\u00fcckt wird.<\/p>\n<p>~ Die IRISCHHEIT bewahren<br \/>\n~ Die TRADITION bewahren<br \/>\n~ Die AUTHENTIZIT\u00c4T bewahren<\/p>\n<p>Dieser Pub wird unterschiedliche Erlebnisse in einem einzigen Raum schaffen, der allen Generationen das bietet, was sie sich w\u00fcnschen. Die Pubs der Irish Pub Company sind alle einzigartig, sie erz\u00e4hlen ihre eigene Geschichte und haben ihre eigene Pers\u00f6nlichkeit. Mit einem atemberaubenden Fundst\u00fcck werden wir die Pers\u00f6nlichkeit dieses Pubs in den Vordergrund r\u00fccken und es zu einem zentralen Merkmal innerhalb des Konzepts machen.  <\/p>\n<p>Noch einmal\u2026 Die Geschichte eines Irish Pubs ist zentral f\u00fcr sein Design.<\/p>\n<p>Ist dies das Konzept f\u00fcr Sie? <a title=\"Kontaktieren Sie die Irish Pub Company  \" href=\"http:\/\/irishpubcompany.com\/contact\/\">Kontaktieren Sie uns, um mehr zu erfahren.<\/a><\/p>\n<p style=\"text-align: center;\"><span style=\"color: #ff0000;\">ACHTUNG!<\/span><br \/>\n<span style=\"color: #ff0000;\"> Urheberrechtshinweis!<\/span><br \/>\n<span style=\"color: #ff0000;\"> Diese Konzeptdesigns sind geistiges Eigentum der Irish Pub Company.<\/span><\/p>\n<p style=\"text-align: center;\"><a title=\"Newsletter-Anmeldung\" href=\"http:\/\/irishpubcompany.com\/newsletter-signup\/\"><span>Melden Sie sich f\u00fcr unseren Newsletter an, um Neuigkeiten und Meinungen zu erhalten. <\/span><\/a><\/p>\n","protected":false},"excerpt":{"rendered":"<p>Ein St\u00fcck Irland in Ihren Veranstaltungsort zu bringen, es in ein authentisches Design einzubetten, es auf eine Weise auszudr\u00fccken, die modern ist, die heutigen Konsumenten begeistert und einen erstklassigen Pub zu schaffen \u2013 Ist dies das Designkonzept f\u00fcr Sie? Die Geschichte eines Irish Pubs ist zentral f\u00fcr sein Design. Dieses Konzept wird die Geschichte Irlands [&hellip;]<\/p>\n","protected":false},"author":1,"featured_media":0,"parent":0,"menu_order":0,"comment_status":"closed","ping_status":"closed","template":"","meta":{"_et_pb_use_builder":"","_et_pb_old_content":"","_et_gb_content_width":"","_uag_custom_page_level_css":"","footnotes":""},"class_list":["post-14690","page","type-page","status-publish","hentry"],"uagb_featured_image_src":{"full":false,"thumbnail":false,"medium":false,"medium_large":false,"large":false,"1536x1536":false,"2048x2048":false,"et-pb-post-main-image":false,"et-pb-post-main-image-fullwidth":false,"et-pb-portfolio-image":false,"et-pb-portfolio-module-image":false,"et-pb-portfolio-image-single":false,"et-pb-gallery-module-image-portrait":false,"et-pb-post-main-image-fullwidth-large":false,"et-pb-image--responsive--desktop":false,"et-pb-image--responsive--tablet":false,"et-pb-image--responsive--phone":false},"uagb_author_info":{"display_name":"dn_admin","author_link":"https:\/\/irishpubcompany.com\/de\/author\/dn_admin\/"},"uagb_comment_info":0,"uagb_excerpt":"Ein St\u00fcck Irland in Ihren Veranstaltungsort zu bringen, es in ein authentisches Design einzubetten, es auf eine Weise auszudr\u00fccken, die modern ist, die heutigen Konsumenten begeistert und einen erstklassigen Pub zu schaffen \u2013 Ist dies das Designkonzept f\u00fcr Sie? Die Geschichte eines Irish Pubs ist zentral f\u00fcr sein Design. Dieses Konzept wird die Geschichte Irlands&hellip;","_links":{"self":[{"href":"https:\/\/irishpubcompany.com\/de\/wp-json\/wp\/v2\/pages\/14690","targetHints":{"allow":["GET"]}}],"collection":[{"href":"https:\/\/irishpubcompany.com\/de\/wp-json\/wp\/v2\/pages"}],"about":[{"href":"https:\/\/irishpubcompany.com\/de\/wp-json\/wp\/v2\/types\/page"}],"author":[{"embeddable":true,"href":"https:\/\/irishpubcompany.com\/de\/wp-json\/wp\/v2\/users\/1"}],"replies":[{"embeddable":true,"href":"https:\/\/irishpubcompany.com\/de\/wp-json\/wp\/v2\/comments?post=14690"}],"version-history":[{"count":0,"href":"https:\/\/irishpubcompany.com\/de\/wp-json\/wp\/v2\/pages\/14690\/revisions"}],"wp:attachment":[{"href":"https:\/\/irishpubcompany.com\/de\/wp-json\/wp\/v2\/media?parent=14690"}],"curies":[{"name":"wp","href":"https:\/\/api.w.org\/{rel}","templated":true}]}}