{"id":14693,"date":"2017-03-24T09:50:34","date_gmt":"2017-03-24T09:50:34","guid":{"rendered":"https:\/\/irishpubcompany.com\/oman-pub-und-bar-bauer-mcnally-design-und-die-irish-pub-company\/"},"modified":"2017-03-24T09:50:34","modified_gmt":"2017-03-24T09:50:34","slug":"oman-pub-und-bar-bauer-mcnally-design-und-die-irish-pub-company","status":"publish","type":"page","link":"https:\/\/irishpubcompany.com\/de\/oman-pub-und-bar-bauer-mcnally-design-und-die-irish-pub-company\/","title":{"rendered":"Oman Pub- und Bar-Bauer, McNally Design und die Irish Pub Company"},"content":{"rendered":"<p>&nbsp;<\/p>\n<p>Die <a href=\"http:\/\/irishpubcompany.com\/\" target=\"_blank\" rel=\"noopener noreferrer\">Irish Pub Company<\/a> und <a href=\"http:\/\/mcnallydesign.com\/\" target=\"_blank\" rel=\"noopener noreferrer\">McNally Design<\/a> entwerfen und bauen international Pubs, Bars und alle Arten von Gastronomiebetrieben im gesamten Nahen Osten. Mit Teams mit Sitz im Nahen Osten haben wir Projektmanager, die die gesamte Region abdecken, darunter Maskat, Oman, Dubai, Abu Dhabi, Manama, Bahrain und Doha, Katar. <\/p>\n<p>Alle unsere Pubs und Bars werden in Irland von der f\u00fchrenden und preisgekr\u00f6nten Irish Pub Design Company \u2013 der Irish Pub Company unter der Leitung von <a href=\"http:\/\/irishpubcompany.com\/team-view\/mel-mcnally\/\" target=\"_blank\" rel=\"noopener noreferrer\">Mel McNally<\/a> entworfen und handgefertigt. In Zusammenarbeit mit unserem Team in Dublin leitet das Team von McNally Design International jedes Element Ihres Pubs von Anfang bis Ende. <\/p>\n<p style=\"text-align: center;\"><strong>Die Irish Pub Company und McNally Design International entwarfen und bauten einen der bekanntesten Pubs in der Region: <a href=\"https:\/\/theirishvillage.com\/\" target=\"_blank\" rel=\"noopener noreferrer\">The Irish Village Dubai,<\/a> von Irish Pubs Global zum <a href=\"http:\/\/www.timeoutdubai.com\/bars\/news\/73780-the-irish-village-named-best-irish-pub-in-the-world\" target=\"_blank\" rel=\"noopener noreferrer\">Best Irish Pub in the World<\/a> gew\u00e4hlt.<\/strong><\/p>\n<p>&nbsp;<\/p>\n<p><a href=\"http:\/\/irishpubcompany.com\/wp-content\/uploads\/2017\/03\/1.jpg\"><img loading=\"lazy\" decoding=\"async\" class=\"aligncenter wp-image-6246 size-full\" src=\"http:\/\/irishpubcompany.com\/wp-content\/uploads\/2017\/03\/1.jpg\" alt=\"1\" width=\"1920\" height=\"1080\"><\/a><\/p>\n<p style=\"text-align: center;\">Oman Pub- und Bar-Bauer, McNally Design und die Irish Pub Company<\/p>\n<h3 style=\"text-align: center;\"><\/h3>\n<h3 style=\"text-align: center;\">Irische Pubs, die von der Irish Pub Company im Nahen Osten im Jahr 2016 entworfen und gebaut wurden.<\/h3>\n<p>Einige unserer neuesten Pub-Bauprojekte im Nahen Osten umfassen das zweite <a href=\"https:\/\/theirishvillage.com\/riverland-dubai\/\" target=\"_blank\" rel=\"noopener noreferrer\">Irish Village im neuen Riverland Dubai<\/a> und <a href=\"http:\/\/fadoirishpub.com\/abu-dhabi\/\" target=\"_blank\" rel=\"noopener noreferrer\">Fado Irish Pub in Abu Dhabi.<\/a> <a href=\"http:\/\/irishpubcompany.com\/irish-pub-design\/the-importance-of-hotel-bars-and-own-door-destinations\/\" target=\"_blank\" rel=\"noopener noreferrer\">Unsere Pub-Konzepte sind eine gro\u00dfartige Erg\u00e4nzung f\u00fcr Hotelstandorte<\/a> \u2013 und schaffen ein Gastronomiekonzept, das von keinem anderen erreicht wird.<\/p>\n<p>Wir haben preisgekr\u00f6nte Pubs auf der ganzen Welt geschaffen und neben der Schaffung von <a href=\"http:\/\/irishpubcompany.com\/portfolio\/\" target=\"_blank\" rel=\"noopener noreferrer\">alten irischen Pubs<\/a> schaffen wir auch <a href=\"http:\/\/irishpubcompany.com\/portfolio\/portfolio\/\" target=\"_blank\" rel=\"noopener noreferrer\">Pubs im zeitgen\u00f6ssischen Stil<\/a>, die das Beste der alten Pub-Kultur nehmen und sie in die Trends von heute integrieren \u2013 und so F&amp;B-Konzepte schaffen, die den Menschen einen Grund geben, Kontakte zu kn\u00fcpfen.<\/p>\n<ul>\n<li>Bieten Sie Erlebnisse basierend auf Produkten<\/li>\n<li>Bieten Sie Lokales und Globales Seite an Seite<\/li>\n<li>Erz\u00e4hlen Sie die Geschichte des neuen und alten Irlands<\/li>\n<li>Bieten Sie mehrere Erlebnisse in einem Raum<\/li>\n<li>Sind in der Tradition verwurzelt und f\u00fcr die heutige Zeit relevant<\/li>\n<li>Schaffen Sie Mehrwert f\u00fcr den Betreiber und den Eigent\u00fcmer<\/li>\n<\/ul>\n<p>&nbsp;<\/p>\n<p><a href=\"http:\/\/irishpubcompany.com\/wp-content\/uploads\/2018\/03\/RTRY-THIS.jpg\"><img loading=\"lazy\" decoding=\"async\" class=\"aligncenter wp-image-6227 size-full\" src=\"http:\/\/irishpubcompany.com\/wp-content\/uploads\/2018\/03\/RTRY-THIS.jpg\" alt=\"VERSUCHEN SIE DIES\" width=\"921\" height=\"211\"><\/a><\/p>\n<p style=\"text-align: center;\"> Oman Pub- und Bar-Bauer, McNally Design und die Irish Pub Company<\/p>\n<h3>Der Leistungsumfang der Irish Pub Company <a href=\"http:\/\/irishpubcompany.com\/services\/design-and-build\/\">schl\u00fcsselfertige Pub-Design- und Baudienstleistungen<\/a> umfasst:<\/h3>\n<ul>\n<li>Konzeptdesign<\/li>\n<li>Markenentwicklung<\/li>\n<li>Detailplanung und Koordination mit dem Generalunternehmer f\u00fcr die Baustelle<\/li>\n<li>Handgefertigte Tischlerei und Innenausbau<\/li>\n<li>Ma\u00dfgefertigte Wand- und Deckenverkleidungen<\/li>\n<li>Spezielle Kunstwerke und Grafiken<\/li>\n<li>Ma\u00dfgefertigtes Glas und Beschilderung<\/li>\n<li>Individuelle Bodenbel\u00e4ge<\/li>\n<li>Ausstattung und Einrichtung: ma\u00dfgefertigte Beleuchtung, M\u00f6bel, Metallarbeiten<\/li>\n<li>Projektmanagement<\/li>\n<li>Innenausbau vor Ort durch unser spezialisiertes Team<\/li>\n<\/ul>\n<p><a href=\"http:\/\/irishpubcompany.com\/wp-content\/uploads\/2017\/03\/3.jpg\"><img loading=\"lazy\" decoding=\"async\" class=\"aligncenter wp-image-6247 size-full\" src=\"http:\/\/irishpubcompany.com\/wp-content\/uploads\/2017\/03\/3.jpg\" alt=\"Oman Pub-Bauer, Dubai Pub-Bauer, Katar Pub-Bauer, Abu Dhabi Pub-Bauer - McNally Design und die Irish Pub Company.\" width=\"1920\" height=\"1080\"><\/a><\/p>\n<p>&nbsp;<\/p>\n<p style=\"text-align: center;\"><strong>B\u00fcro Dublin<\/strong><\/p>\n<p style=\"text-align: center;\"><strong>Irish Pub Company \/ McNally Design \/ MJ Architektur<\/strong><\/p>\n<p style=\"text-align: center;\"><strong><a href=\"mailto:info@irishpubcompany.com\">info@irishpubcompany.com<\/a><\/strong><\/p>\n<p style=\"text-align: center;\"><strong>00353.1.293.4300<\/strong><\/p>\n<p style=\"text-align: center;\"><strong> <\/strong><\/p>\n<p style=\"text-align: center;\"><strong>B\u00fcro Dubai<\/strong><\/p>\n<p style=\"text-align: center;\"><strong> McNally Design \/ Irish Pub Company<\/strong><\/p>\n<p style=\"text-align: center;\"><strong><a href=\"mailto:info@irishpubcompany.com\">info@irishpubcompany.com<\/a><\/strong><\/p>\n<p style=\"text-align: center;\"><strong>00971.460.915.06<\/strong><\/p>\n<p style=\"text-align: center;\">\n","protected":false},"excerpt":{"rendered":"<p>&nbsp; Die Irish Pub Company und McNally Design entwerfen und bauen international Pubs, Bars und alle Arten von Gastronomiebetrieben im gesamten Nahen Osten. Mit Teams mit Sitz im Nahen Osten haben wir Projektmanager, die die gesamte Region abdecken, darunter Maskat, Oman, Dubai, Abu Dhabi, Manama, Bahrain und Doha, Katar. Alle unsere Pubs und Bars werden [&hellip;]<\/p>\n","protected":false},"author":1,"featured_media":0,"parent":0,"menu_order":0,"comment_status":"closed","ping_status":"closed","template":"page-fullwidth.php","meta":{"_et_pb_use_builder":"","_et_pb_old_content":"","_et_gb_content_width":"","_uag_custom_page_level_css":"","footnotes":""},"class_list":["post-14693","page","type-page","status-publish","hentry"],"uagb_featured_image_src":{"full":false,"thumbnail":false,"medium":false,"medium_large":false,"large":false,"1536x1536":false,"2048x2048":false,"et-pb-post-main-image":false,"et-pb-post-main-image-fullwidth":false,"et-pb-portfolio-image":false,"et-pb-portfolio-module-image":false,"et-pb-portfolio-image-single":false,"et-pb-gallery-module-image-portrait":false,"et-pb-post-main-image-fullwidth-large":false,"et-pb-image--responsive--desktop":false,"et-pb-image--responsive--tablet":false,"et-pb-image--responsive--phone":false},"uagb_author_info":{"display_name":"dn_admin","author_link":"https:\/\/irishpubcompany.com\/de\/author\/dn_admin\/"},"uagb_comment_info":0,"uagb_excerpt":"&nbsp; Die Irish Pub Company und McNally Design entwerfen und bauen international Pubs, Bars und alle Arten von Gastronomiebetrieben im gesamten Nahen Osten. Mit Teams mit Sitz im Nahen Osten haben wir Projektmanager, die die gesamte Region abdecken, darunter Maskat, Oman, Dubai, Abu Dhabi, Manama, Bahrain und Doha, Katar. Alle unsere Pubs und Bars werden&hellip;","_links":{"self":[{"href":"https:\/\/irishpubcompany.com\/de\/wp-json\/wp\/v2\/pages\/14693","targetHints":{"allow":["GET"]}}],"collection":[{"href":"https:\/\/irishpubcompany.com\/de\/wp-json\/wp\/v2\/pages"}],"about":[{"href":"https:\/\/irishpubcompany.com\/de\/wp-json\/wp\/v2\/types\/page"}],"author":[{"embeddable":true,"href":"https:\/\/irishpubcompany.com\/de\/wp-json\/wp\/v2\/users\/1"}],"replies":[{"embeddable":true,"href":"https:\/\/irishpubcompany.com\/de\/wp-json\/wp\/v2\/comments?post=14693"}],"version-history":[{"count":0,"href":"https:\/\/irishpubcompany.com\/de\/wp-json\/wp\/v2\/pages\/14693\/revisions"}],"wp:attachment":[{"href":"https:\/\/irishpubcompany.com\/de\/wp-json\/wp\/v2\/media?parent=14693"}],"curies":[{"name":"wp","href":"https:\/\/api.w.org\/{rel}","templated":true}]}}