{"id":14694,"date":"2018-11-25T16:40:24","date_gmt":"2018-11-25T16:40:24","guid":{"rendered":"https:\/\/irishpubcompany.com\/trends-im-modernen-irischen-pub-design-von-der-irish-pub-company-und-mcnally-design\/"},"modified":"2018-11-25T16:40:24","modified_gmt":"2018-11-25T16:40:24","slug":"trends-im-modernen-irischen-pub-design-von-der-irish-pub-company-und-mcnally-design","status":"publish","type":"page","link":"https:\/\/irishpubcompany.com\/de\/trends-im-modernen-irischen-pub-design-von-der-irish-pub-company-und-mcnally-design\/","title":{"rendered":"Trends im modernen irischen Pub-Design von der Irish Pub Company und McNally Design"},"content":{"rendered":"<p>Heutzutage gibt es Markteinfl\u00fcsse, die im Design ber\u00fccksichtigt werden m\u00fcssen.<\/p>\n<p>Kunden-Einfl\u00fcsse<br \/>\nSich \u00e4ndernde Kundenpr\u00e4ferenzen beeinflussen, wie wir unsere Gesch\u00e4fte f\u00fchren m\u00fcssen. Wir m\u00fcssen Kunden eine attraktive Alternative zum Zuhausebleiben bieten, mit Netflix konkurrieren und Unterhaltung und Spannung bieten. <\/p>\n<p>Getr\u00e4nke-Einfl\u00fcsse<br \/>\nSich entwickelnde Getr\u00e4nke-Einfl\u00fcsse, einschlie\u00dflich Craft-Bieren, Gins, Whiskeys und Kaffee, m\u00fcssen im revitalisierten Design ber\u00fccksichtigt werden. Kunden legen mehr Wert auf das Produkt, das sie kaufen. Erz\u00e4hlen Sie die Geschichte der Produkte, binden Sie Kunden ein und bilden Sie sie weiter.  <\/p>\n<p>Worauf es ankommt!<br \/>\nDer Hauptgrund, warum wir \u00fcber moderne Designtrends sprechen, ist jedoch das Endergebnis! Modernes Design hat die F\u00e4higkeit, Ihren Erfolg zu steigern, Ihren ROI zu verbessern und Ihre Attraktivit\u00e4t zu erh\u00f6hen, um mit anderen Konzepten zu konkurrieren. Professionelles Pub-Design hilft dabei, Kunden anzulocken, und genau darum geht es.  <\/p>\n<p><strong>Um einen echten Erfolg zu erzielen, muss man zuerst ein echtes Produkt schaffen. Gro\u00dfartiges Design wird das Irish Pub-Konzept am Leben erhalten. Man muss beim Design \u00fcber den Tellerrand schauen \u2013 wir m\u00fcssen mutig sein und die Grenzen dessen, was wir als Irish Pub kennen, verschieben.  <\/strong><\/p>\n<h3>Hier sind einige Trends im modernen irischen Pub-Design von der Irish Pub Company und McNally Design:<\/h3>\n<p><a href=\"http:\/\/irishpubcompany.com\/wp-content\/uploads\/2016\/11\/one.jpg\"><img loading=\"lazy\" decoding=\"async\" class=\"size-medium wp-image-5905 aligncenter\" src=\"http:\/\/irishpubcompany.com\/wp-content\/uploads\/2016\/11\/one-300x207.jpg\" alt=\"eins\" width=\"300\" height=\"207\"><\/a><\/p>\n<p>Ein erweitertes Angebot innerhalb desselben Raumes<\/p>\n<p>Atmosph\u00e4re mag wie ein immaterielles Ph\u00e4nomen erscheinen, das m\u00fchelos entsteht und nicht kontrolliert werden kann. Aber in Wirklichkeit schafft ein konzentrierter Designaufwand eine einladende und angenehme Atmosph\u00e4re, die Kunden anzieht und sie immer wieder zur\u00fcckkehren l\u00e4sst, um sie erneut zu erleben&#8230; <\/p>\n","protected":false},"excerpt":{"rendered":"<p>Heutzutage gibt es Markteinfl\u00fcsse, die im Design ber\u00fccksichtigt werden m\u00fcssen. Kunden-Einfl\u00fcsse Sich \u00e4ndernde Kundenpr\u00e4ferenzen beeinflussen, wie wir unsere Gesch\u00e4fte f\u00fchren m\u00fcssen. Wir m\u00fcssen Kunden eine attraktive Alternative zum Zuhausebleiben bieten, mit Netflix konkurrieren und Unterhaltung und Spannung bieten. Getr\u00e4nke-Einfl\u00fcsse Sich entwickelnde Getr\u00e4nke-Einfl\u00fcsse, einschlie\u00dflich Craft-Bieren, Gins, Whiskeys und Kaffee, m\u00fcssen im revitalisierten Design ber\u00fccksichtigt werden. Kunden [&hellip;]<\/p>\n","protected":false},"author":1,"featured_media":0,"parent":0,"menu_order":0,"comment_status":"closed","ping_status":"closed","template":"","meta":{"_et_pb_use_builder":"","_et_pb_old_content":"","_et_gb_content_width":"","_uag_custom_page_level_css":"","footnotes":""},"class_list":["post-14694","page","type-page","status-publish","hentry"],"uagb_featured_image_src":{"full":false,"thumbnail":false,"medium":false,"medium_large":false,"large":false,"1536x1536":false,"2048x2048":false,"et-pb-post-main-image":false,"et-pb-post-main-image-fullwidth":false,"et-pb-portfolio-image":false,"et-pb-portfolio-module-image":false,"et-pb-portfolio-image-single":false,"et-pb-gallery-module-image-portrait":false,"et-pb-post-main-image-fullwidth-large":false,"et-pb-image--responsive--desktop":false,"et-pb-image--responsive--tablet":false,"et-pb-image--responsive--phone":false},"uagb_author_info":{"display_name":"dn_admin","author_link":"https:\/\/irishpubcompany.com\/de\/author\/dn_admin\/"},"uagb_comment_info":0,"uagb_excerpt":"Heutzutage gibt es Markteinfl\u00fcsse, die im Design ber\u00fccksichtigt werden m\u00fcssen. Kunden-Einfl\u00fcsse Sich \u00e4ndernde Kundenpr\u00e4ferenzen beeinflussen, wie wir unsere Gesch\u00e4fte f\u00fchren m\u00fcssen. Wir m\u00fcssen Kunden eine attraktive Alternative zum Zuhausebleiben bieten, mit Netflix konkurrieren und Unterhaltung und Spannung bieten. Getr\u00e4nke-Einfl\u00fcsse Sich entwickelnde Getr\u00e4nke-Einfl\u00fcsse, einschlie\u00dflich Craft-Bieren, Gins, Whiskeys und Kaffee, m\u00fcssen im revitalisierten Design ber\u00fccksichtigt werden. Kunden&hellip;","_links":{"self":[{"href":"https:\/\/irishpubcompany.com\/de\/wp-json\/wp\/v2\/pages\/14694","targetHints":{"allow":["GET"]}}],"collection":[{"href":"https:\/\/irishpubcompany.com\/de\/wp-json\/wp\/v2\/pages"}],"about":[{"href":"https:\/\/irishpubcompany.com\/de\/wp-json\/wp\/v2\/types\/page"}],"author":[{"embeddable":true,"href":"https:\/\/irishpubcompany.com\/de\/wp-json\/wp\/v2\/users\/1"}],"replies":[{"embeddable":true,"href":"https:\/\/irishpubcompany.com\/de\/wp-json\/wp\/v2\/comments?post=14694"}],"version-history":[{"count":0,"href":"https:\/\/irishpubcompany.com\/de\/wp-json\/wp\/v2\/pages\/14694\/revisions"}],"wp:attachment":[{"href":"https:\/\/irishpubcompany.com\/de\/wp-json\/wp\/v2\/media?parent=14694"}],"curies":[{"name":"wp","href":"https:\/\/api.w.org\/{rel}","templated":true}]}}