{"id":15261,"date":"2015-02-02T12:07:24","date_gmt":"2015-02-02T12:07:24","guid":{"rendered":"https:\/\/irishpubcompany.com\/faits-et-chiffres-pubs-et-bars-irlandais\/"},"modified":"2026-01-26T11:25:06","modified_gmt":"2026-01-26T11:25:06","slug":"faits-et-chiffres-pubs-et-bars-irlandais","status":"publish","type":"page","link":"https:\/\/irishpubcompany.com\/fr\/faits-et-chiffres-pubs-et-bars-irlandais\/","title":{"rendered":"Faits et chiffres : pubs et bars irlandais"},"content":{"rendered":"<p><a href=\"http:\/\/irishpubcompany.com\" rel=\"http:\/\/plus.google.com\/114548325852759416630?rel=publisher\"><img loading=\"lazy\" decoding=\"async\" class=\"aligncenter wp-image-3558 size-large\" src=\"http:\/\/irishpubcompany.com\/wp-content\/uploads\/2015\/02\/best-pub-design-irish-pub-company-1024x400.jpg\" alt=\"Pubs et bars irlandais\" width=\"604\" height=\"236\"><\/a><\/p>\n<p><strong>Un pub irlandais authentique est une opportunit\u00e9 commerciale remarquable<\/strong><\/p>\n<p>D\u2019apr\u00e8s une \u00e9tude men\u00e9e par <strong>Diageo Guinness<\/strong> comparant les meilleures conceptions de pubs irlandais pour les pubs et les bars aux restaurants d\u00e9contract\u00e9s :<\/p>\n<ul>\n<li>6 % des pubs et bars irlandais ont un ratio de boissons par rapport \u00e0 la nourriture consid\u00e9rablement plus \u00e9lev\u00e9<\/li>\n<li>Le co\u00fbt des ventes est inf\u00e9rieur dans les pubs et bars irlandais, de 0,8 % \u00e0 5,1 %<\/li>\n<li>Le co\u00fbt de la main-d\u2019\u0153uvre est inf\u00e9rieur dans les pubs et bars irlandais, jusqu\u2019\u00e0 4,0 %<\/li>\n<li>4 % des pubs et bars irlandais ont une d\u00e9pense moyenne de plus de 21 $, tandis que 42,1 % des pubs et bars irlandais ont une d\u00e9pense moyenne en boissons de plus de 11 $. Ces deux chiffres d\u00e9passent les moyennes de l\u2019industrie <\/li>\n<\/ul>\n<p>Si l\u2019on compare la performance financi\u00e8re d\u2019un pub irlandais authentique ax\u00e9 sur le design et d\u2019un restaurant d\u00e9contract\u00e9, affichant tous deux des revenus annuels de 2 millions de dollars, les implications des r\u00e9sultats indiqueraient fortement qu\u2019un pub irlandais authentique g\u00e9n\u00e9rerait un b\u00e9n\u00e9fice avant imp\u00f4ts suppl\u00e9mentaire de 100\u202f000 $ \u00e0 200\u202f000 $<\/p>\n<p>Source : <a title=\"Guinness Irish Pub Concept\" href=\"http:\/\/irishpubconcept.com\/\" target=\"_blank\" rel=\"noopener noreferrer\">Guinness Irish Pub Concept<\/a><\/p>\n","protected":false},"excerpt":{"rendered":"<p>Un pub irlandais authentique est une opportunit\u00e9 commerciale remarquable D\u2019apr\u00e8s une \u00e9tude men\u00e9e par Diageo Guinness comparant les meilleures conceptions de pubs irlandais pour les pubs et les bars aux restaurants d\u00e9contract\u00e9s : 6 % des pubs et bars irlandais ont un ratio de boissons par rapport \u00e0 la nourriture consid\u00e9rablement plus \u00e9lev\u00e9 Le co\u00fbt [&hellip;]<\/p>\n","protected":false},"author":1,"featured_media":0,"parent":0,"menu_order":0,"comment_status":"closed","ping_status":"closed","template":"","meta":{"_et_pb_use_builder":"","_et_pb_old_content":"","_et_gb_content_width":"","_uag_custom_page_level_css":"","footnotes":""},"class_list":["post-15261","page","type-page","status-publish","hentry"],"uagb_featured_image_src":{"full":false,"thumbnail":false,"medium":false,"medium_large":false,"large":false,"1536x1536":false,"2048x2048":false,"et-pb-post-main-image":false,"et-pb-post-main-image-fullwidth":false,"et-pb-portfolio-image":false,"et-pb-portfolio-module-image":false,"et-pb-portfolio-image-single":false,"et-pb-gallery-module-image-portrait":false,"et-pb-post-main-image-fullwidth-large":false,"et-pb-image--responsive--desktop":false,"et-pb-image--responsive--tablet":false,"et-pb-image--responsive--phone":false},"uagb_author_info":{"display_name":"dn_admin","author_link":"https:\/\/irishpubcompany.com\/fr\/author\/dn_admin\/"},"uagb_comment_info":0,"uagb_excerpt":"Un pub irlandais authentique est une opportunit\u00e9 commerciale remarquable D\u2019apr\u00e8s une \u00e9tude men\u00e9e par Diageo Guinness comparant les meilleures conceptions de pubs irlandais pour les pubs et les bars aux restaurants d\u00e9contract\u00e9s : 6 % des pubs et bars irlandais ont un ratio de boissons par rapport \u00e0 la nourriture consid\u00e9rablement plus \u00e9lev\u00e9 Le co\u00fbt\u2026","_links":{"self":[{"href":"https:\/\/irishpubcompany.com\/fr\/wp-json\/wp\/v2\/pages\/15261","targetHints":{"allow":["GET"]}}],"collection":[{"href":"https:\/\/irishpubcompany.com\/fr\/wp-json\/wp\/v2\/pages"}],"about":[{"href":"https:\/\/irishpubcompany.com\/fr\/wp-json\/wp\/v2\/types\/page"}],"author":[{"embeddable":true,"href":"https:\/\/irishpubcompany.com\/fr\/wp-json\/wp\/v2\/users\/1"}],"replies":[{"embeddable":true,"href":"https:\/\/irishpubcompany.com\/fr\/wp-json\/wp\/v2\/comments?post=15261"}],"version-history":[{"count":1,"href":"https:\/\/irishpubcompany.com\/fr\/wp-json\/wp\/v2\/pages\/15261\/revisions"}],"predecessor-version":[{"id":15262,"href":"https:\/\/irishpubcompany.com\/fr\/wp-json\/wp\/v2\/pages\/15261\/revisions\/15262"}],"wp:attachment":[{"href":"https:\/\/irishpubcompany.com\/fr\/wp-json\/wp\/v2\/media?parent=15261"}],"curies":[{"name":"wp","href":"https:\/\/api.w.org\/{rel}","templated":true}]}}