{"id":15263,"date":"2015-04-16T10:59:28","date_gmt":"2015-04-16T09:59:28","guid":{"rendered":"https:\/\/irishpubcompany.com\/voici-le-juge\/"},"modified":"2015-04-16T10:59:28","modified_gmt":"2015-04-16T09:59:28","slug":"voici-le-juge","status":"publish","type":"page","link":"https:\/\/irishpubcompany.com\/fr\/voici-le-juge\/","title":{"rendered":"Voici le juge"},"content":{"rendered":"<h3>Voici le juge \u2013 Un nouveau concept de design de l\u2019Irish Pub Company<\/h3>\n<p>Une partie de notre inspiration en mati\u00e8re de design \u00e0 l\u2019Irish Pub Company provient d\u2019objets de collection et d\u2019articles de r\u00e9cup\u00e9ration. Imaginez le pub ou le club du palais de justice. <\/p>\n<p><a href=\"http:\/\/irishpubcompany.com\/wp-content\/uploads\/2015\/04\/Courthouse-Picture.jpg\" rel=\"http:\/\/plus.google.com\/114548325852759416630?rel=publisher\"><img loading=\"lazy\" decoding=\"async\" class=\"aligncenter wp-image-3946 size-medium\" src=\"http:\/\/irishpubcompany.com\/wp-content\/uploads\/2015\/04\/Courthouse-Picture-300x225.jpg\" alt=\"Image du concept de pub irlandais du palais de justice\" width=\"300\" height=\"225\"><\/a><\/p>\n<p>Prenez un palais de justice existant et transformez-le en un bar \u00e0 spiritueux spectaculaire. Avec des zones distinctes pour les rassemblements et des espaces de r\u00e9union cr\u00e9\u00e9s en ajoutant et en concevant une ambiance contemporaine dans ce palais de justice existant. Le confort dans des poches d\u2019espaces qui diff\u00e8rent par leur style et leur \u00e9chelle excitera le client et continuera de l\u2019exciter. Avec un int\u00e9rieur rustique et historique mis en valeur par un design et une technologie modernes, le palais de justice offre \u00e0 toutes les tranches d\u2019\u00e2ge ce qu\u2019elles veulent en un seul endroit.   <\/p>\n<p>Les pubs, clubs et bars d\u2019aujourd\u2019hui doivent transformer le client intrigu\u00e9 et curieux en un client fid\u00e8le. Que les clients soient mis en accusation, qu\u2019ils si\u00e8gent au grand jury, qu\u2019ils pr\u00e9sentent la plaidoirie finale ou qu\u2019ils passent du temps \u00e0 boire un verre en r\u00e9fl\u00e9chissant aux preuves, le palais de justice offre une occasion passionnante aux investisseurs et aux exploitants. <\/p>\n<p>Le palais de justice se pr\u00eate \u00e0 un concept de design qui coche toutes les cases en mati\u00e8re de design du XXIe si\u00e8cle&nbsp;:<br \/>\n~ Un lieu d\u2019intrigue<br \/>\n~ Un lieu avec de v\u00e9ritables expressions de personnes et de culture<br \/>\n~ Un lieu d\u2019\u00e9vasion<br \/>\n~ Et surtout des lieux de rassemblements sociaux et de divertissement pour toutes les occasions.<\/p>\n<p>Le palais de justice offre un nouveau concept de design passionnant&nbsp;; gr\u00e2ce \u00e0 la disposition, \u00e0 la circulation et au sujet de conversation du palais de justice, ce design ajoutera de la valeur \u00e0 l\u2019exploitant et excitera v\u00e9ritablement le client.<\/p>\n<p style=\"text-align: center;\"><strong>\u00cates-vous le client qui acceptera le juge et entrera dans le palais de justice&nbsp;?<\/strong><\/p>\n<p style=\"text-align: center;\"><a title=\"Envoyez un courriel \u00e0 l\u2019\u00e9quipe de l\u2019Irish Pub Company\" href=\"mailto:info@irishpubcompany.com\"><strong>Contactez l\u2019\u00e9quipe de l\u2019Irish Pub Company d\u00e8s aujourd\u2019hui pour obtenir de plus amples renseignements sur ce concept et d\u2019autres concepts de design qui ajouteront de la valeur \u00e0 votre entreprise.<\/strong><\/a><\/p>\n<p>&nbsp;<\/p>\n<p style=\"text-align: center;\"><strong><span style=\"color: #ff0000;\">ATTENTION !<\/span><\/strong><br \/>\n<strong><span style=\"color: #ff0000;\"> Avis de droit d\u2019auteur !<\/span><\/strong><\/p>\n<p style=\"text-align: center;\"><strong><span style=\"color: #ff0000;\">Ces concepts de design sont la propri\u00e9t\u00e9 intellectuelle de l\u2019Irish Pub Company.<\/span><\/strong><\/p>\n","protected":false},"excerpt":{"rendered":"<p>Voici le juge \u2013 Un nouveau concept de design de l\u2019Irish Pub Company Une partie de notre inspiration en mati\u00e8re de design \u00e0 l\u2019Irish Pub Company provient d\u2019objets de collection et d\u2019articles de r\u00e9cup\u00e9ration. Imaginez le pub ou le club du palais de justice. Prenez un palais de justice existant et transformez-le en un bar [&hellip;]<\/p>\n","protected":false},"author":1,"featured_media":0,"parent":0,"menu_order":0,"comment_status":"closed","ping_status":"closed","template":"","meta":{"_et_pb_use_builder":"","_et_pb_old_content":"","_et_gb_content_width":"","_uag_custom_page_level_css":"","footnotes":""},"class_list":["post-15263","page","type-page","status-publish","hentry"],"uagb_featured_image_src":{"full":false,"thumbnail":false,"medium":false,"medium_large":false,"large":false,"1536x1536":false,"2048x2048":false,"et-pb-post-main-image":false,"et-pb-post-main-image-fullwidth":false,"et-pb-portfolio-image":false,"et-pb-portfolio-module-image":false,"et-pb-portfolio-image-single":false,"et-pb-gallery-module-image-portrait":false,"et-pb-post-main-image-fullwidth-large":false,"et-pb-image--responsive--desktop":false,"et-pb-image--responsive--tablet":false,"et-pb-image--responsive--phone":false},"uagb_author_info":{"display_name":"dn_admin","author_link":"https:\/\/irishpubcompany.com\/fr\/author\/dn_admin\/"},"uagb_comment_info":0,"uagb_excerpt":"Voici le juge \u2013 Un nouveau concept de design de l\u2019Irish Pub Company Une partie de notre inspiration en mati\u00e8re de design \u00e0 l\u2019Irish Pub Company provient d\u2019objets de collection et d\u2019articles de r\u00e9cup\u00e9ration. Imaginez le pub ou le club du palais de justice. Prenez un palais de justice existant et transformez-le en un bar\u2026","_links":{"self":[{"href":"https:\/\/irishpubcompany.com\/fr\/wp-json\/wp\/v2\/pages\/15263","targetHints":{"allow":["GET"]}}],"collection":[{"href":"https:\/\/irishpubcompany.com\/fr\/wp-json\/wp\/v2\/pages"}],"about":[{"href":"https:\/\/irishpubcompany.com\/fr\/wp-json\/wp\/v2\/types\/page"}],"author":[{"embeddable":true,"href":"https:\/\/irishpubcompany.com\/fr\/wp-json\/wp\/v2\/users\/1"}],"replies":[{"embeddable":true,"href":"https:\/\/irishpubcompany.com\/fr\/wp-json\/wp\/v2\/comments?post=15263"}],"version-history":[{"count":0,"href":"https:\/\/irishpubcompany.com\/fr\/wp-json\/wp\/v2\/pages\/15263\/revisions"}],"wp:attachment":[{"href":"https:\/\/irishpubcompany.com\/fr\/wp-json\/wp\/v2\/media?parent=15263"}],"curies":[{"name":"wp","href":"https:\/\/api.w.org\/{rel}","templated":true}]}}