{"id":15264,"date":"2015-04-15T15:53:02","date_gmt":"2015-04-15T14:53:02","guid":{"rendered":"https:\/\/irishpubcompany.com\/concepts-de-design\/"},"modified":"2015-04-15T15:53:02","modified_gmt":"2015-04-15T14:53:02","slug":"concepts-de-design","status":"publish","type":"page","link":"https:\/\/irishpubcompany.com\/fr\/concepts-de-design\/","title":{"rendered":"Concepts de design"},"content":{"rendered":"<p><strong>Chez Irish Pub Company, nous nous inspirons de nombreuses sources pour nos designs&nbsp;: objets de r\u00e9cup\u00e9ration, autres cultures, histoires, tendances de la client\u00e8le, que nous utilisons pour cr\u00e9er des concepts de design de classe mondiale. Nos designs sont tous uniques, ils racontent leur propre histoire et ont leur propre personnalit\u00e9&nbsp;; voici quelques concepts de design d\u2019Irish Pub Company. <a href=\"mailto:info@irishpubcompany.com\">Contactez notre \u00e9quipe si l\u2019un d\u2019eux vous int\u00e9resse&nbsp;!<\/a>  <\/strong><\/p>\n<h3><strong>Voici le juge&nbsp;!<\/strong><\/h3>\n<p><a href=\"http:\/\/irishpubcompany.com\/here-comes-the-judge\/\" rel=\"http:\/\/plus.google.com\/114548325852759416630?rel=publisher\"><img loading=\"lazy\" decoding=\"async\" class=\"aligncenter wp-image-3946 size-medium\" title=\"Concepts de design\" src=\"http:\/\/irishpubcompany.com\/wp-content\/uploads\/2015\/04\/Courthouse-Picture-300x225.jpg\" alt=\"Concepts de design\" width=\"300\" height=\"225\"><\/a><\/p>\n<p>Une partie de notre inspiration en mati\u00e8re de design chez Irish Pub Company provient d\u2019objets de collection et d\u2019articles de r\u00e9cup\u00e9ration.<\/p>\n<a href='http:\/\/irishpubcompany.com\/here-comes-the-judge\/' class='small-button smallblue'><\/a>\n<p>[\/five_sixth]<br \/>\n[\/row_fluid]<br \/>\n[spacer]<br \/>\n[row_fluid]<\/p>\n<p>[five_sixth]<br \/>\n[highlight]<\/p>\n<h3><strong>Quand le contemporain rencontre l\u2019h\u00e9ritage catalan<\/strong><\/h3>\n<p>[\/highlight]<\/p>\n<p><a href=\"http:\/\/irishpubcompany.com\/contemporary-meets-catalonian-heritage\/\" rel=\"http:\/\/plus.google.com\/114548325852759416630?rel=publisher\"><img loading=\"lazy\" decoding=\"async\" class=\"aligncenter wp-image-3948 size-medium\" title=\"Quand le contemporain rencontre l\u2019h\u00e9ritage catalan\" src=\"http:\/\/irishpubcompany.com\/wp-content\/uploads\/2015\/04\/Catalonian-Pic-300x225.jpg\" alt=\"Quand le contemporain rencontre l\u2019h\u00e9ritage catalan\" width=\"300\" height=\"225\"><\/a><\/p>\n<p>Ce concept est une fusion de deux \u00e9poques avec une inspiration de design provenant de la Barcelone contemporaine et de son pass\u00e9 culturel.<\/p>\n<p>[spacer]<\/p>\n<p><a href='http:\/\/irishpubcompany.com\/contemporary-meets-catalonian-heritage\/' class='small-button smallblue'><\/a><br \/>\n[\/five_sixth][\/row_fluid]<br \/>\n[\/span4]<br \/>\n[span4][row_fluid]<br \/>\n[five_sixth]<br \/>\n[highlight]<\/p>\n<h3><strong>Bien au-dessus du lot<\/strong><\/h3>\n<p>[\/highlight]<\/p>\n<p><a href=\"http:\/\/irishpubcompany.com\/a-cut-above-the-rest\/\" rel=\"http:\/\/plus.google.com\/114548325852759416630?rel=publisher\"><img loading=\"lazy\" decoding=\"async\" class=\"aligncenter wp-image-3949 size-medium\" title=\"Bien au-dessus du lot\" src=\"http:\/\/irishpubcompany.com\/wp-content\/uploads\/2015\/04\/Steakhouse-Pic-300x225.jpg\" alt=\"Bien au-dessus du lot\" width=\"300\" height=\"225\"><\/a><\/p>\n<p>\u00cates-vous celui qui va trancher dans le vif et ouvrir le concept Prime Cut Steakhouse&nbsp;?<\/p>\n<p>[spacer]<br \/>\n<a href='http:\/\/irishpubcompany.com\/a-cut-above-the-rest\/' class='small-button smallblue'><\/a><\/p>\n<p>[\/five_sixth][\/row_fluid]<br \/>\n[spacer]<br \/>\n[row_fluid]<br \/>\n[five_sixth]<br \/>\n[highlight]<\/p>\n<h3><strong>Services de r\u00e9novation d\u2019Irish Pub Company<\/strong><\/h3>\n<p>[\/highlight]<\/p>\n<p><a href=\"http:\/\/irishpubcompany.com\/irish-pub-design\/refurbish-reap-rewards\/\" rel=\"http:\/\/plus.google.com\/114548325852759416630?rel=publisher\"><img loading=\"lazy\" decoding=\"async\" class=\"aligncenter wp-image-4047 size-medium\" title=\"r\u00e9novation\" src=\"http:\/\/irishpubcompany.com\/wp-content\/uploads\/2015\/04\/refurb-pic-300x209.jpg\" alt=\"r\u00e9novation\" width=\"300\" height=\"209\"><\/a><\/p>\n<p>Irish Pub Company est la principale entreprise de conception et de r\u00e9novation de pubs, de bars et de restaurants. Nos \u00e9quipes de concepteurs et de chefs de projet sont des experts en r\u00e9novation. <\/p>\n<p><a href='http:\/\/irishpubcompany.com\/uncategorized\/refurbish-reap-rewards\/' class='small-button smallblue'><\/a><br \/>\n[\/five_sixth][\/row_fluid]<\/p>\n<p>[\/span4]<br \/>\n[span4][row_fluid][five_sixth]<br \/>\n[highlight]<\/p>\n<h3><strong>R\u00e9cup\u00e9ration du patrimoine moderne<\/strong><\/h3>\n<p><a href=\"http:\/\/irishpubcompany.com\/modern-heritage-salvage-design\/\" rel=\"http:\/\/plus.google.com\/114548325852759416630?rel=publisher\"><img loading=\"lazy\" decoding=\"async\" class=\"aligncenter wp-image-3995 size-medium\" title=\"Concept de r\u00e9cup\u00e9ration du patrimoine moderne\" src=\"http:\/\/irishpubcompany.com\/wp-content\/uploads\/2015\/04\/Modern-Heritage-Salvage-Concept-picture-300x226.jpg\" alt=\"Concept de r\u00e9cup\u00e9ration du patrimoine moderne\" width=\"300\" height=\"226\"><\/a><\/p>\n<p>[\/highlight]<\/p>\n<p>Transporter un morceau d\u2019Irlande dans votre \u00e9tablissement, en l\u2019int\u00e9grant dans un design authentique&#8230;[spacer]<br \/>\n<a href='http:\/\/irishpubcompany.com\/modern-heritage-salvage-design\/' class='small-button smallblue'><\/a><br \/>\n[\/five_sixth][\/row_fluid][spacer]<br \/>\n[row_fluid][five_sixth]<br \/>\n[highlight]<\/p>\n<h3><strong>Le concept de bar \u00e0 whisky Irish Pub<\/strong><\/h3>\n<p>[\/highlight]<\/p>\n<p><a href=\"http:\/\/irishpubcompany.com\/whiskey-tasting-bar-concept\/\" rel=\"http:\/\/plus.google.com\/114548325852759416630?rel=publisher\"><img loading=\"lazy\" decoding=\"async\" class=\"aligncenter wp-image-4036 size-medium\" title=\"concept de whisky\" src=\"http:\/\/irishpubcompany.com\/wp-content\/uploads\/2015\/04\/whiskey-concept-pic-300x224.jpg\" alt=\"concept de whisky\" width=\"300\" height=\"224\"><\/a><\/p>\n<p>L\u2019essor du client inform\u00e9 et int\u00e9ress\u00e9 a un impact sur les conceptions de bars et de pubs.<\/p>\n<p><a href='http:\/\/irishpubcompany.com\/whiskey-tasting-bar-concept\/' class='small-button smallblue'><\/a><br \/>\n[\/five_sixth][\/row_fluid]<br \/>\n[\/span4]<br \/>\n[\/row]<br \/>\n[extra_wrap]<br \/>\n[hr]<br \/>\n[\/extra_wrap]<\/p>\n","protected":false},"excerpt":{"rendered":"<p>Chez Irish Pub Company, nous nous inspirons de nombreuses sources pour nos designs&nbsp;: objets de r\u00e9cup\u00e9ration, autres cultures, histoires, tendances de la client\u00e8le, que nous utilisons pour cr\u00e9er des concepts de design de classe mondiale. Nos designs sont tous uniques, ils racontent leur propre histoire et ont leur propre personnalit\u00e9&nbsp;; voici quelques concepts de design [&hellip;]<\/p>\n","protected":false},"author":1,"featured_media":0,"parent":0,"menu_order":0,"comment_status":"closed","ping_status":"closed","template":"","meta":{"_et_pb_use_builder":"","_et_pb_old_content":"","_et_gb_content_width":"","_uag_custom_page_level_css":"","footnotes":""},"class_list":["post-15264","page","type-page","status-publish","hentry"],"uagb_featured_image_src":{"full":false,"thumbnail":false,"medium":false,"medium_large":false,"large":false,"1536x1536":false,"2048x2048":false,"et-pb-post-main-image":false,"et-pb-post-main-image-fullwidth":false,"et-pb-portfolio-image":false,"et-pb-portfolio-module-image":false,"et-pb-portfolio-image-single":false,"et-pb-gallery-module-image-portrait":false,"et-pb-post-main-image-fullwidth-large":false,"et-pb-image--responsive--desktop":false,"et-pb-image--responsive--tablet":false,"et-pb-image--responsive--phone":false},"uagb_author_info":{"display_name":"dn_admin","author_link":"https:\/\/irishpubcompany.com\/fr\/author\/dn_admin\/"},"uagb_comment_info":0,"uagb_excerpt":"Chez Irish Pub Company, nous nous inspirons de nombreuses sources pour nos designs&nbsp;: objets de r\u00e9cup\u00e9ration, autres cultures, histoires, tendances de la client\u00e8le, que nous utilisons pour cr\u00e9er des concepts de design de classe mondiale. Nos designs sont tous uniques, ils racontent leur propre histoire et ont leur propre personnalit\u00e9&nbsp;; voici quelques concepts de design\u2026","_links":{"self":[{"href":"https:\/\/irishpubcompany.com\/fr\/wp-json\/wp\/v2\/pages\/15264","targetHints":{"allow":["GET"]}}],"collection":[{"href":"https:\/\/irishpubcompany.com\/fr\/wp-json\/wp\/v2\/pages"}],"about":[{"href":"https:\/\/irishpubcompany.com\/fr\/wp-json\/wp\/v2\/types\/page"}],"author":[{"embeddable":true,"href":"https:\/\/irishpubcompany.com\/fr\/wp-json\/wp\/v2\/users\/1"}],"replies":[{"embeddable":true,"href":"https:\/\/irishpubcompany.com\/fr\/wp-json\/wp\/v2\/comments?post=15264"}],"version-history":[{"count":0,"href":"https:\/\/irishpubcompany.com\/fr\/wp-json\/wp\/v2\/pages\/15264\/revisions"}],"wp:attachment":[{"href":"https:\/\/irishpubcompany.com\/fr\/wp-json\/wp\/v2\/media?parent=15264"}],"curies":[{"name":"wp","href":"https:\/\/api.w.org\/{rel}","templated":true}]}}