{"id":15265,"date":"2015-04-16T15:42:39","date_gmt":"2015-04-16T14:42:39","guid":{"rendered":"https:\/\/irishpubcompany.com\/conception-de-recuperation-du-patrimoine-moderne\/"},"modified":"2015-04-16T15:42:39","modified_gmt":"2015-04-16T14:42:39","slug":"conception-de-recuperation-du-patrimoine-moderne","status":"publish","type":"page","link":"https:\/\/irishpubcompany.com\/fr\/conception-de-recuperation-du-patrimoine-moderne\/","title":{"rendered":"Conception de r\u00e9cup\u00e9ration du patrimoine moderne"},"content":{"rendered":"<p>Transporter un morceau d&rsquo;Irlande dans votre \u00e9tablissement, l&rsquo;int\u00e9grer dans un design authentique, l&rsquo;exprimer d&rsquo;une mani\u00e8re moderne et passionnante pour les consommateurs d&rsquo;aujourd&rsquo;hui et cr\u00e9er un pub de classe mondiale \u2013 Est-ce le concept de design qu&rsquo;il vous faut&nbsp;?<\/p>\n<p><a href=\"http:\/\/irishpubcompany.com\/design-concepts\/\" rel=\"http:\/\/plus.google.com\/114548325852759416630?rel=publisher\"><img loading=\"lazy\" decoding=\"async\" class=\"aligncenter wp-image-3995 size-medium\" title=\"Concept de r\u00e9cup\u00e9ration du patrimoine moderne\" src=\"http:\/\/irishpubcompany.com\/wp-content\/uploads\/2015\/04\/Modern-Heritage-Salvage-Concept-picture-300x226.jpg\" alt=\"Concept de r\u00e9cup\u00e9ration du patrimoine moderne\" width=\"300\" height=\"226\"><\/a><\/p>\n<p>L&rsquo;histoire d&rsquo;un pub irlandais est au c\u0153ur de sa conception. Ce concept racontera l&rsquo;histoire de l&rsquo;Irlande tout en s&rsquo;ouvrant \u00e0 ses connexions mondiales. <\/p>\n<p>~ Le concept de design de r\u00e9cup\u00e9ration du patrimoine moderne est fid\u00e8le \u00e0 ses racines&nbsp;; son caract\u00e8re irlandais continue d&rsquo;occuper le devant de la sc\u00e8ne, mais de mani\u00e8re plus cr\u00e9ative en utilisant un bar de r\u00e9cup\u00e9ration.<\/p>\n<p>~ Le pub irlandais d&rsquo;aujourd&rsquo;hui doit \u00eatre une fusion entre les exp\u00e9riences mondiales, tout en \u00e9tant ancr\u00e9 dans le patrimoine local.<\/p>\n<p>~ L&rsquo;essence m\u00eame du pub irlandais \u00e9tant perdue au profit d&rsquo;autres marques, il est temps de rafra\u00eechir le concept en tenant compte des influences actuelles et de positionner une fois de plus les authentiques pubs irlandais ax\u00e9s sur le design du monde entier comme une opportunit\u00e9 commerciale remarquable.<\/p>\n<p style=\"text-align: center;\"><strong>Ce concept de r\u00e9cup\u00e9ration du patrimoine moderne offre une occasion passionnante de positionner votre pub comme un symbole de qualit\u00e9.<\/strong><\/p>\n<p>Le concept de r\u00e9cup\u00e9ration du patrimoine moderne est un pub ancr\u00e9 dans la tradition, mais exprim\u00e9 d&rsquo;une mani\u00e8re plus imaginative et surprenante.<\/p>\n<p>~ Conserver l&rsquo;IRLANDAIS<br \/>\n~ Conserver la TRADITION<br \/>\n~ Conserver l&rsquo;AUTHENTICIT\u00c9<\/p>\n<p>Ce pub cr\u00e9era diff\u00e9rentes exp\u00e9riences dans un seul espace qui offre \u00e0 toutes les g\u00e9n\u00e9rations ce qu&rsquo;elles veulent. Les pubs de l&rsquo;Irish Pub Company sont tous uniques, ils racontent leur propre histoire et ont leur propre personnalit\u00e9. En utilisant une superbe pi\u00e8ce de r\u00e9cup\u00e9ration, nous mettrons en avant la personnalit\u00e9 de ce pub et en ferons un \u00e9l\u00e9ment central du concept.  <\/p>\n<p>Encore une fois\u2026 L&rsquo;histoire d&rsquo;un pub irlandais est au c\u0153ur de sa conception.<\/p>\n<p>Est-ce le concept qu&rsquo;il vous faut&nbsp;? <a title=\"Contactez l'Irish Pub Company \" href=\"http:\/\/irishpubcompany.com\/contact\/\">Contactez-nous pour en savoir plus.<\/a><\/p>\n<p style=\"text-align: center;\"><span style=\"color: #ff0000;\">ATTENTION !<\/span><br \/>\n<span style=\"color: #ff0000;\"> Avis de droit d\u2019auteur !<\/span><br \/>\n<span style=\"color: #ff0000;\"> Ces conceptions conceptuelles sont la propri\u00e9t\u00e9 intellectuelle de l&rsquo;Irish Pub Company.<\/span><\/p>\n<p style=\"text-align: center;\"><a title=\"Inscription \u00e0 la newsletter\" href=\"http:\/\/irishpubcompany.com\/newsletter-signup\/\"><span>Inscrivez-vous \u00e0 notre newsletter pour recevoir des nouvelles et des opinions. <\/span><\/a><\/p>\n","protected":false},"excerpt":{"rendered":"<p>Transporter un morceau d&rsquo;Irlande dans votre \u00e9tablissement, l&rsquo;int\u00e9grer dans un design authentique, l&rsquo;exprimer d&rsquo;une mani\u00e8re moderne et passionnante pour les consommateurs d&rsquo;aujourd&rsquo;hui et cr\u00e9er un pub de classe mondiale \u2013 Est-ce le concept de design qu&rsquo;il vous faut&nbsp;? L&rsquo;histoire d&rsquo;un pub irlandais est au c\u0153ur de sa conception. Ce concept racontera l&rsquo;histoire de l&rsquo;Irlande tout [&hellip;]<\/p>\n","protected":false},"author":1,"featured_media":0,"parent":0,"menu_order":0,"comment_status":"closed","ping_status":"closed","template":"","meta":{"_et_pb_use_builder":"","_et_pb_old_content":"","_et_gb_content_width":"","_uag_custom_page_level_css":"","footnotes":""},"class_list":["post-15265","page","type-page","status-publish","hentry"],"uagb_featured_image_src":{"full":false,"thumbnail":false,"medium":false,"medium_large":false,"large":false,"1536x1536":false,"2048x2048":false,"et-pb-post-main-image":false,"et-pb-post-main-image-fullwidth":false,"et-pb-portfolio-image":false,"et-pb-portfolio-module-image":false,"et-pb-portfolio-image-single":false,"et-pb-gallery-module-image-portrait":false,"et-pb-post-main-image-fullwidth-large":false,"et-pb-image--responsive--desktop":false,"et-pb-image--responsive--tablet":false,"et-pb-image--responsive--phone":false},"uagb_author_info":{"display_name":"dn_admin","author_link":"https:\/\/irishpubcompany.com\/fr\/author\/dn_admin\/"},"uagb_comment_info":0,"uagb_excerpt":"Transporter un morceau d&rsquo;Irlande dans votre \u00e9tablissement, l&rsquo;int\u00e9grer dans un design authentique, l&rsquo;exprimer d&rsquo;une mani\u00e8re moderne et passionnante pour les consommateurs d&rsquo;aujourd&rsquo;hui et cr\u00e9er un pub de classe mondiale \u2013 Est-ce le concept de design qu&rsquo;il vous faut&nbsp;? L&rsquo;histoire d&rsquo;un pub irlandais est au c\u0153ur de sa conception. Ce concept racontera l&rsquo;histoire de l&rsquo;Irlande tout\u2026","_links":{"self":[{"href":"https:\/\/irishpubcompany.com\/fr\/wp-json\/wp\/v2\/pages\/15265","targetHints":{"allow":["GET"]}}],"collection":[{"href":"https:\/\/irishpubcompany.com\/fr\/wp-json\/wp\/v2\/pages"}],"about":[{"href":"https:\/\/irishpubcompany.com\/fr\/wp-json\/wp\/v2\/types\/page"}],"author":[{"embeddable":true,"href":"https:\/\/irishpubcompany.com\/fr\/wp-json\/wp\/v2\/users\/1"}],"replies":[{"embeddable":true,"href":"https:\/\/irishpubcompany.com\/fr\/wp-json\/wp\/v2\/comments?post=15265"}],"version-history":[{"count":0,"href":"https:\/\/irishpubcompany.com\/fr\/wp-json\/wp\/v2\/pages\/15265\/revisions"}],"wp:attachment":[{"href":"https:\/\/irishpubcompany.com\/fr\/wp-json\/wp\/v2\/media?parent=15265"}],"curies":[{"name":"wp","href":"https:\/\/api.w.org\/{rel}","templated":true}]}}