{"id":15266,"date":"2017-03-24T09:50:34","date_gmt":"2017-03-24T09:50:34","guid":{"rendered":"https:\/\/irishpubcompany.com\/constructeur-de-pubs-et-de-bars-a-oman-mcnally-design-et-the-irish-pub-company\/"},"modified":"2017-03-24T09:50:34","modified_gmt":"2017-03-24T09:50:34","slug":"constructeur-de-pubs-et-de-bars-a-oman-mcnally-design-et-the-irish-pub-company","status":"publish","type":"page","link":"https:\/\/irishpubcompany.com\/fr\/constructeur-de-pubs-et-de-bars-a-oman-mcnally-design-et-the-irish-pub-company\/","title":{"rendered":"Constructeur de pubs et de bars \u00e0 Oman, McNally Design et The Irish Pub Company"},"content":{"rendered":"<p>&nbsp;<\/p>\n<p>L\u2019<a href=\"http:\/\/irishpubcompany.com\/\" target=\"_blank\" rel=\"noopener noreferrer\">Irish Pub Company<\/a> et <a href=\"http:\/\/mcnallydesign.com\/\" target=\"_blank\" rel=\"noopener noreferrer\">McNally Design<\/a> con\u00e7oivent et construisent des pubs, des bars et tous types de points de vente de produits alimentaires et de boissons dans tout le Moyen-Orient. Avec des \u00e9quipes bas\u00e9es au Moyen-Orient, nos chefs de projet couvrent l\u2019ensemble de la r\u00e9gion, notamment Mascate (Oman), Duba\u00ef, Abou Dabi, Manama (Bahre\u00efn) et Doha (Qatar). <\/p>\n<p>Tous nos pubs et bars sont con\u00e7us et fabriqu\u00e9s \u00e0 la main en Irlande par la principale soci\u00e9t\u00e9 irlandaise de conception de pubs prim\u00e9e, The Irish Pub Company, dirig\u00e9e par <a href=\"http:\/\/irishpubcompany.com\/team-view\/mel-mcnally\/\" target=\"_blank\" rel=\"noopener noreferrer\">Mel McNally<\/a>. En collaboration avec notre \u00e9quipe \u00e0 Dublin, l\u2019\u00e9quipe de McNally Design International g\u00e8re chaque \u00e9l\u00e9ment de votre pub, du d\u00e9but \u00e0 la fin. <\/p>\n<p style=\"text-align: center;\"><strong>The Irish Pub Company et McNally Design International ont con\u00e7u et construit l\u2019un des pubs les plus connus de la r\u00e9gion&nbsp;: <a href=\"https:\/\/theirishvillage.com\/\" target=\"_blank\" rel=\"noopener noreferrer\">The Irish Village Dubai<\/a>, \u00e9lu par Irish Pubs Global comme le <a href=\"http:\/\/www.timeoutdubai.com\/bars\/news\/73780-the-irish-village-named-best-irish-pub-in-the-world\" target=\"_blank\" rel=\"noopener noreferrer\">meilleur pub irlandais au monde<\/a>.<\/strong><\/p>\n<p>&nbsp;<\/p>\n<p><a href=\"http:\/\/irishpubcompany.com\/wp-content\/uploads\/2017\/03\/1.jpg\"><img loading=\"lazy\" decoding=\"async\" class=\"aligncenter wp-image-6246 size-full\" src=\"http:\/\/irishpubcompany.com\/wp-content\/uploads\/2017\/03\/1.jpg\" alt=\"1\" width=\"1920\" height=\"1080\"><\/a><\/p>\n<p style=\"text-align: center;\">Constructeur de pubs et de bars \u00e0 Oman, McNally Design et The Irish Pub Company<\/p>\n<h3 style=\"text-align: center;\"><\/h3>\n<h3 style=\"text-align: center;\">Pubs irlandais con\u00e7us et construits par The Irish Pub Company au Moyen-Orient en 2016.<\/h3>\n<p>Parmi nos projets de construction de pubs les plus r\u00e9cents au Moyen-Orient, citons le deuxi\u00e8me <a href=\"https:\/\/theirishvillage.com\/riverland-dubai\/\" target=\"_blank\" rel=\"noopener noreferrer\">Irish Village dans le nouveau Riverland Dubai<\/a> et le <a href=\"http:\/\/fadoirishpub.com\/abu-dhabi\/\" target=\"_blank\" rel=\"noopener noreferrer\">Fado Irish Pub \u00e0 Abou Dabi<\/a>. <a href=\"http:\/\/irishpubcompany.com\/irish-pub-design\/the-importance-of-hotel-bars-and-own-door-destinations\/\" target=\"_blank\" rel=\"noopener noreferrer\">Nos concepts de pubs sont un excellent ajout aux sites h\u00f4teliers<\/a>, cr\u00e9ant un concept de restauration et de boissons in\u00e9gal\u00e9.<\/p>\n<p>Nous avons cr\u00e9\u00e9 des pubs prim\u00e9s dans le monde entier et, en plus de cr\u00e9er de <a href=\"http:\/\/irishpubcompany.com\/portfolio\/\" target=\"_blank\" rel=\"noopener noreferrer\">vieux pubs irlandais<\/a>, nous cr\u00e9ons \u00e9galement des <a href=\"http:\/\/irishpubcompany.com\/portfolio\/portfolio\/\" target=\"_blank\" rel=\"noopener noreferrer\">pubs de style plus contemporain<\/a> qui reprennent le meilleur de la culture des vieux pubs et l\u2019int\u00e8grent aux tendances actuelles, cr\u00e9ant ainsi des concepts de restauration et de boissons qui donnent aux gens une raison de se rencontrer.<\/p>\n<ul>\n<li>Proposer des exp\u00e9riences bas\u00e9es sur des produits<\/li>\n<li>Proposer un m\u00e9lange de produits locaux et internationaux<\/li>\n<li>Raconter l\u2019histoire de l\u2019Irlande d\u2019hier et d\u2019aujourd\u2019hui<\/li>\n<li>Offrir de multiples exp\u00e9riences dans un seul espace<\/li>\n<li>\u00catre ancr\u00e9 dans le patrimoine et pertinent aujourd\u2019hui<\/li>\n<li>Ajouter de la valeur pour l\u2019exploitant et le propri\u00e9taire<\/li>\n<\/ul>\n<p>&nbsp;<\/p>\n<p><a href=\"http:\/\/irishpubcompany.com\/wp-content\/uploads\/2018\/03\/RTRY-THIS.jpg\"><img loading=\"lazy\" decoding=\"async\" class=\"aligncenter wp-image-6227 size-full\" src=\"http:\/\/irishpubcompany.com\/wp-content\/uploads\/2018\/03\/RTRY-THIS.jpg\" alt=\"ESSAYEZ CECI\" width=\"921\" height=\"211\"><\/a><\/p>\n<p style=\"text-align: center;\"> Constructeur de pubs et de bars \u00e0 Oman, McNally Design et The Irish Pub Company<\/p>\n<h3>L\u2019\u00e9tendue des travaux de The Irish Pub Company en mati\u00e8re de <a href=\"http:\/\/irishpubcompany.com\/services\/design-and-build\/\">services cl\u00e9s en main de conception et de construction de pubs<\/a> comprend&nbsp;:<\/h3>\n<ul>\n<li>Conception de concept<\/li>\n<li>Cr\u00e9ation de marque<\/li>\n<li>Conception d\u00e9taill\u00e9e et coordination avec l\u2019entrepreneur principal pour les travaux sur site<\/li>\n<li>Menuiserie et boiseries artisanales<\/li>\n<li>Finitions murales et de plafond sur mesure<\/li>\n<li>Illustrations et graphiques sp\u00e9cialis\u00e9s<\/li>\n<li>Verre et signal\u00e9tique sur mesure<\/li>\n<li>Rev\u00eatements de sol sur mesure<\/li>\n<li>Agencements et accessoires&nbsp;: \u00e9clairage, mobilier et ferronnerie sur mesure<\/li>\n<li>Gestion de projet<\/li>\n<li>Am\u00e9nagement sur site par notre \u00e9quipe sp\u00e9cialis\u00e9e<\/li>\n<\/ul>\n<p><a href=\"http:\/\/irishpubcompany.com\/wp-content\/uploads\/2017\/03\/3.jpg\"><img loading=\"lazy\" decoding=\"async\" class=\"aligncenter wp-image-6247 size-full\" src=\"http:\/\/irishpubcompany.com\/wp-content\/uploads\/2017\/03\/3.jpg\" alt=\"Constructeur de pubs \u00e0 Oman, constructeur de pubs \u00e0 Duba\u00ef, constructeur de pubs au Qatar, constructeur de pubs \u00e0 Abou Dabi - McNally Design et The Irish Pub Company.\" width=\"1920\" height=\"1080\"><\/a><\/p>\n<p>&nbsp;<\/p>\n<p style=\"text-align: center;\"><strong>Bureau de Dublin<\/strong><\/p>\n<p style=\"text-align: center;\"><strong>Irish Pub Company \/ McNally Design \/ MJ Architecture<\/strong><\/p>\n<p style=\"text-align: center;\"><strong><a href=\"mailto:info@irishpubcompany.com\">info@irishpubcompany.com<\/a><\/strong><\/p>\n<p style=\"text-align: center;\"><strong>00353.1.293.4300<\/strong><\/p>\n<p style=\"text-align: center;\"><strong> <\/strong><\/p>\n<p style=\"text-align: center;\"><strong>Bureau de Duba\u00ef<\/strong><\/p>\n<p style=\"text-align: center;\"><strong> McNally Design \/ Irish Pub Company<\/strong><\/p>\n<p style=\"text-align: center;\"><strong><a href=\"mailto:info@irishpubcompany.com\">info@irishpubcompany.com<\/a><\/strong><\/p>\n<p style=\"text-align: center;\"><strong>00971.460.915.06<\/strong><\/p>\n<p style=\"text-align: center;\">\n","protected":false},"excerpt":{"rendered":"<p>&nbsp; L\u2019Irish Pub Company et McNally Design con\u00e7oivent et construisent des pubs, des bars et tous types de points de vente de produits alimentaires et de boissons dans tout le Moyen-Orient. Avec des \u00e9quipes bas\u00e9es au Moyen-Orient, nos chefs de projet couvrent l\u2019ensemble de la r\u00e9gion, notamment Mascate (Oman), Duba\u00ef, Abou Dabi, Manama (Bahre\u00efn) et [&hellip;]<\/p>\n","protected":false},"author":1,"featured_media":0,"parent":0,"menu_order":0,"comment_status":"closed","ping_status":"closed","template":"page-fullwidth.php","meta":{"_et_pb_use_builder":"","_et_pb_old_content":"","_et_gb_content_width":"","_uag_custom_page_level_css":"","footnotes":""},"class_list":["post-15266","page","type-page","status-publish","hentry"],"uagb_featured_image_src":{"full":false,"thumbnail":false,"medium":false,"medium_large":false,"large":false,"1536x1536":false,"2048x2048":false,"et-pb-post-main-image":false,"et-pb-post-main-image-fullwidth":false,"et-pb-portfolio-image":false,"et-pb-portfolio-module-image":false,"et-pb-portfolio-image-single":false,"et-pb-gallery-module-image-portrait":false,"et-pb-post-main-image-fullwidth-large":false,"et-pb-image--responsive--desktop":false,"et-pb-image--responsive--tablet":false,"et-pb-image--responsive--phone":false},"uagb_author_info":{"display_name":"dn_admin","author_link":"https:\/\/irishpubcompany.com\/fr\/author\/dn_admin\/"},"uagb_comment_info":0,"uagb_excerpt":"&nbsp; L\u2019Irish Pub Company et McNally Design con\u00e7oivent et construisent des pubs, des bars et tous types de points de vente de produits alimentaires et de boissons dans tout le Moyen-Orient. Avec des \u00e9quipes bas\u00e9es au Moyen-Orient, nos chefs de projet couvrent l\u2019ensemble de la r\u00e9gion, notamment Mascate (Oman), Duba\u00ef, Abou Dabi, Manama (Bahre\u00efn) et\u2026","_links":{"self":[{"href":"https:\/\/irishpubcompany.com\/fr\/wp-json\/wp\/v2\/pages\/15266","targetHints":{"allow":["GET"]}}],"collection":[{"href":"https:\/\/irishpubcompany.com\/fr\/wp-json\/wp\/v2\/pages"}],"about":[{"href":"https:\/\/irishpubcompany.com\/fr\/wp-json\/wp\/v2\/types\/page"}],"author":[{"embeddable":true,"href":"https:\/\/irishpubcompany.com\/fr\/wp-json\/wp\/v2\/users\/1"}],"replies":[{"embeddable":true,"href":"https:\/\/irishpubcompany.com\/fr\/wp-json\/wp\/v2\/comments?post=15266"}],"version-history":[{"count":0,"href":"https:\/\/irishpubcompany.com\/fr\/wp-json\/wp\/v2\/pages\/15266\/revisions"}],"wp:attachment":[{"href":"https:\/\/irishpubcompany.com\/fr\/wp-json\/wp\/v2\/media?parent=15266"}],"curies":[{"name":"wp","href":"https:\/\/api.w.org\/{rel}","templated":true}]}}