{"id":15267,"date":"2019-07-04T19:15:23","date_gmt":"2019-07-04T18:15:23","guid":{"rendered":"https:\/\/irishpubcompany.com\/style-brasserie\/"},"modified":"2026-01-26T11:25:47","modified_gmt":"2026-01-26T11:25:47","slug":"style-brasserie","status":"publish","type":"page","link":"https:\/\/irishpubcompany.com\/fr\/style-brasserie\/","title":{"rendered":"Style brasserie"},"content":{"rendered":"\n[et_pb_section fb_built=\u00a0\u00bb1&Prime; _builder_version=\u00a0\u00bb3.25.4&Prime; custom_margin=\u00a0\u00bb0px|0px|0px|0px\u00a0\u00bb custom_padding=\u00a0\u00bb0px|0px|0px|0px\u00a0\u00bb][et_pb_row column_structure=\u00a0\u00bb1_2,1_2&Prime; use_custom_gutter=\u00a0\u00bbon\u00a0\u00bb gutter_width=\u00a0\u00bb1&Prime; custom_padding=\u00a0\u00bb0px|0px|0px|0px\u00a0\u00bb custom_margin=\u00a0\u00bb0px|0px|0px|0px\u00a0\u00bb _builder_version=\u00a0\u00bb3.25.4&Prime; width=\u00a0\u00bb100%\u00a0\u00bb max_width=\u00a0\u00bb2560px\u00a0\u00bb module_alignment=\u00a0\u00bbcenter\u00a0\u00bb][et_pb_column type=\u00a0\u00bb1_2&Prime; _builder_version=\u00a0\u00bb3.25.4&Prime;][et_pb_image src=\u00a0\u00bbhttp:\/\/irishpubcompany.com\/wp-content\/uploads\/2019\/08\/Brewery-Page-Image.jpg\u00a0\u00bb _builder_version=\u00a0\u00bb3.25.4&Prime;][\/et_pb_image][\/et_pb_column][et_pb_column type=\u00a0\u00bb1_2&Prime; _builder_version=\u00a0\u00bb3.25.4&Prime; custom_padding=\u00a0\u00bb4vh|4vw|4vh|4vw|true|true\u00a0\u00bb][et_pb_text _builder_version=\u00a0\u00bb3.25.4&Prime; text_font=\u00a0\u00bb||||||||\u00a0\u00bb text_font_size=\u00a0\u00bb15px\u00a0\u00bb text_line_height=\u00a0\u00bb2em\u00a0\u00bb header_font=\u00a0\u00bb||||||||\u00a0\u00bb header_line_height=\u00a0\u00bb2.3em\u00a0\u00bb]<h1 style=\"text-align: center;\">Pubs style brasserie<\/h1>\n<p style=\"text-align: center;\"><strong>Les pubs de style brasserie rappellent la brasserie St. James\u2019s Gate \u00e0 Dublin, qui abrite la bi\u00e8re stout la plus c\u00e9l\u00e8bre au monde, Guinness.<\/strong><\/p>\n<p style=\"text-align: center;\"><strong><\/strong><\/p>\n<p style=\"text-align: center;\">L\u2019int\u00e9rieur d\u2019un pub de style brasserie ressemble \u00e0 la <strong>cour de brasserie du XVIIIe si\u00e8cle<\/strong> avec une utilisation importante de <strong>murs en pierre et en brique<\/strong>, un sol \u00e0 effet de pav\u00e9s et un plafond vo\u00fbt\u00e9. La d\u00e9coration avec des <strong>cuves de brassage et des souvenirs<\/strong>, et des <strong>illustrations du processus et de l\u2019histoire du brassage de la Guinness<\/strong> \u00e0 Dublin est l\u2019essence de ce style de pub. <\/p>\n<p style=\"text-align: center;\">R\u00e9cemment, et en parall\u00e8le avec l\u2019essor des bi\u00e8res artisanales, ce concept met <strong>l\u2019accent sur le micro-brassage et les bi\u00e8res artisanales<\/strong>. De nos jours, les brasseries-pubs comprennent souvent une <strong>microbrasserie int\u00e9gr\u00e9e aux int\u00e9rieurs<\/strong> o\u00f9 les clients peuvent observer l\u2019art du brassage et la source des bi\u00e8res artisanales propos\u00e9es. <\/p>[\/et_pb_text][et_pb_text _builder_version=\u00a0\u00bb3.25.4&Prime; text_font=\u00a0\u00bb||||||||\u00a0\u00bb text_text_align=\u00a0\u00bbcenter\u00a0\u00bb text_font_size=\u00a0\u00bb16px\u00a0\u00bb text_line_height=\u00a0\u00bb2em\u00a0\u00bb header_font=\u00a0\u00bb||||||||\u00a0\u00bb custom_padding=\u00a0\u00bb30px||\u00a0\u00bb]<p><strong>Si vous souhaitez en savoir plus sur notre pub de style brasserie, veuillez nous contacter.<\/strong><\/p>[\/et_pb_text][et_pb_button button_url=\u00a0\u00bbtel:+35312934300&Prime; button_text=\u00a0\u00bbAppelez-nous au +353 (0)1 293 4300&Prime; button_alignment=\u00a0\u00bbcenter\u00a0\u00bb _builder_version=\u00a0\u00bb3.25.4&Prime; custom_button=\u00a0\u00bbon\u00a0\u00bb button_text_size=\u00a0\u00bb18px\u00a0\u00bb button_text_color=\u00a0\u00bb#333333&Prime; button_bg_color=\u00a0\u00bb#b9debe\u00a0\u00bb button_border_width=\u00a0\u00bb0px\u00a0\u00bb button_border_radius=\u00a0\u00bb6px\u00a0\u00bb button_font=\u00a0\u00bb||||||||\u00a0\u00bb box_shadow_style=\u00a0\u00bbpreset1&Prime; box_shadow_spread=\u00a0\u00bb-12px\u00a0\u00bb box_shadow_color=\u00a0\u00bb#ffffff\u00a0\u00bb custom_margin=\u00a0\u00bb20px||\u00a0\u00bb custom_padding=\u00a0\u00bb|20px||20px|true|true\u00a0\u00bb][\/et_pb_button][\/et_pb_column][\/et_pb_row][\/et_pb_section][et_pb_section fb_built=\u00a0\u00bb1&Prime; _builder_version=\u00a0\u00bb3.25.4&Prime; custom_margin=\u00a0\u00bb0px|0px|0px|0px\u00a0\u00bb custom_padding=\u00a0\u00bb0px|0px|0px|0px\u00a0\u00bb][et_pb_row custom_padding=\u00a0\u00bb8vh||\u00a0\u00bb _builder_version=\u00a0\u00bb3.25.4&Prime;][et_pb_column type=\u00a0\u00bb4_4&Prime; _builder_version=\u00a0\u00bb3.25.4&Prime;][et_pb_image src=\u00a0\u00bbhttp:\/\/irishpubcompany.com\/wp-content\/uploads\/2019\/06\/logo_mark_transparent.png\u00a0\u00bb align=\u00a0\u00bbcenter\u00a0\u00bb _builder_version=\u00a0\u00bb3.25.4&Prime; max_height=\u00a0\u00bb136px\u00a0\u00bb][\/et_pb_image][et_pb_text _builder_version=\u00a0\u00bb3.25.4&Prime; text_font=\u00a0\u00bb||||||||\u00a0\u00bb header_font=\u00a0\u00bb||||||||\u00a0\u00bb header_2_font=\u00a0\u00bb||||||||\u00a0\u00bb header_2_text_align=\u00a0\u00bbcenter\u00a0\u00bb]<h2><strong>Projets de conception et d\u2019am\u00e9nagement de style brasserie s\u00e9lectionn\u00e9s<\/strong><\/h2>[\/et_pb_text][\/et_pb_column][\/et_pb_row][\/et_pb_section][et_pb_section fb_built=\u00a0\u00bb1&Prime; _builder_version=\u00a0\u00bb3.25.4&Prime;][et_pb_row _builder_version=\u00a0\u00bb3.25.4&Prime;][et_pb_column type=\u00a0\u00bb4_4&Prime; _builder_version=\u00a0\u00bb3.25.4&Prime;][et_pb_portfolio fullwidth=\u00a0\u00bboff\u00a0\u00bb posts_number=\u00a0\u00bb4&Prime; include_categories=\u00a0\u00bb77&Prime; show_categories=\u00a0\u00bboff\u00a0\u00bb show_pagination=\u00a0\u00bboff\u00a0\u00bb _builder_version=\u00a0\u00bb3.25.4&Prime;][\/et_pb_portfolio][\/et_pb_column][\/et_pb_row][\/et_pb_section][et_pb_section fb_built=\u00a0\u00bb1&Prime; _builder_version=\u00a0\u00bb3.22.4&Prime; background_color=\u00a0\u00bb#01445c\u00a0\u00bb custom_padding=\u00a0\u00bb40px|||||\u00a0\u00bb animation_style=\u00a0\u00bbslide\u00a0\u00bb animation_direction=\u00a0\u00bbbottom\u00a0\u00bb animation_speed_curve=\u00a0\u00bblinear\u00a0\u00bb global_module=\u00a0\u00bb6647&Prime; saved_tabs=\u00a0\u00bball\u00a0\u00bb][et_pb_row _builder_version=\u00a0\u00bb3.25&Prime;][et_pb_column type=\u00a0\u00bb4_4&Prime; _builder_version=\u00a0\u00bb3.25&Prime; custom_padding=\u00a0\u00bb|||\u00a0\u00bb custom_padding__hover=\u00a0\u00bb|||\u00a0\u00bb][et_pb_image _builder_version=\u00a0\u00bb3.25.4&Prime;][\/et_pb_image][et_pb_text _builder_version=\u00a0\u00bb3.25.4&Prime; text_font=\u00a0\u00bb||||||||\u00a0\u00bb text_text_color=\u00a0\u00bb#ffffff\u00a0\u00bb text_font_size=\u00a0\u00bb16px\u00a0\u00bb text_line_height=\u00a0\u00bb2em\u00a0\u00bb header_font=\u00a0\u00bb||||||||\u00a0\u00bb header_text_color=\u00a0\u00bb#ffffff\u00a0\u00bb header_2_font=\u00a0\u00bb||||||||\u00a0\u00bb header_2_text_align=\u00a0\u00bbcenter\u00a0\u00bb header_2_text_color=\u00a0\u00bb#ffffff\u00a0\u00bb header_2_font_size=\u00a0\u00bb35px\u00a0\u00bb header_2_line_height=\u00a0\u00bb2.5em\u00a0\u00bb text_orientation=\u00a0\u00bbcenter\u00a0\u00bb]<h2 style=\"text-align: center;\">Contactez l\u2019\u00e9quipe de l\u2019Irish Pub Company<\/h2>\n<p style=\"text-align: center;\">[\/et_pb_text][et_pb_button button_url=\u00a0\u00bbtel:+35312934300&Prime; button_text=\u00a0\u00bbAppelez-nous au +353 (0)1 293 4300&Prime; button_alignment=\u00a0\u00bbcenter\u00a0\u00bb _builder_version=\u00a0\u00bb3.22.4&Prime; custom_button=\u00a0\u00bbon\u00a0\u00bb button_text_size=\u00a0\u00bb18px\u00a0\u00bb button_text_color=\u00a0\u00bb#333333&Prime; button_bg_color=\u00a0\u00bb#b9debe\u00a0\u00bb button_border_width=\u00a0\u00bb0px\u00a0\u00bb button_border_radius=\u00a0\u00bb6px\u00a0\u00bb button_font=\u00a0\u00bb||||||||\u00a0\u00bb box_shadow_style=\u00a0\u00bbpreset1&Prime; box_shadow_spread=\u00a0\u00bb-12px\u00a0\u00bb box_shadow_color=\u00a0\u00bb#ffffff\u00a0\u00bb custom_padding=\u00a0\u00bb12px|20px|12px|20px|true|true\u00a0\u00bb][\/et_pb_button][et_pb_text _builder_version=\u00a0\u00bb3.22.4&Prime; text_font=\u00a0\u00bb||||||||\u00a0\u00bb text_line_height=\u00a0\u00bb2em\u00a0\u00bb text_orientation=\u00a0\u00bbcenter\u00a0\u00bb background_layout=\u00a0\u00bbdark\u00a0\u00bb custom_padding=\u00a0\u00bb5px||\u00a0\u00bb]<p>OU<\/p>[\/et_pb_text][et_pb_button button_url=\u00a0\u00bbmailto:info@irishpubcompany.com\u00a0\u00bb button_text=\u00a0\u00bbEnvoyez un e-mail \u00e0 info@irishpubcompany.com\u00a0\u00bb button_alignment=\u00a0\u00bbcenter\u00a0\u00bb _builder_version=\u00a0\u00bb3.25.4&Prime; custom_button=\u00a0\u00bbon\u00a0\u00bb button_text_size=\u00a0\u00bb18px\u00a0\u00bb button_text_color=\u00a0\u00bb#333333&Prime; button_bg_color=\u00a0\u00bb#b9debe\u00a0\u00bb button_border_width=\u00a0\u00bb0px\u00a0\u00bb button_border_radius=\u00a0\u00bb6px\u00a0\u00bb button_font=\u00a0\u00bb||||||||\u00a0\u00bb box_shadow_style=\u00a0\u00bbpreset1&Prime; box_shadow_spread=\u00a0\u00bb-12px\u00a0\u00bb box_shadow_color=\u00a0\u00bb#ffffff\u00a0\u00bb custom_padding=\u00a0\u00bb12px|20px|12px|20px|true|true\u00a0\u00bb][\/et_pb_button][\/et_pb_column][\/et_pb_row][\/et_pb_section][et_pb_section fb_built=\u00a0\u00bb1&Prime; _builder_version=\u00a0\u00bb3.22.4&Prime; background_color=\u00a0\u00bb#000000&Prime; border_width_top=\u00a0\u00bb1px\u00a0\u00bb custom_padding=\u00a0\u00bb54px|0px|0|0px|false|false\u00a0\u00bb global_module=\u00a0\u00bb113&Prime;][et_pb_row column_structure=\u00a0\u00bb1_5,1_5,1_5,1_5,1_5&Prime; module_class=\u00a0\u00bb et_pb_row_fullwidth\u00a0\u00bb _builder_version=\u00a0\u00bb3.25&Prime; width=\u00a0\u00bb89%\u00a0\u00bb width_tablet=\u00a0\u00bb80%\u00a0\u00bb width_last_edited=\u00a0\u00bbon|desktop\u00a0\u00bb max_width=\u00a0\u00bb89%\u00a0\u00bb max_width_tablet=\u00a0\u00bb80%\u00a0\u00bb max_width_last_edited=\u00a0\u00bbon|desktop\u00a0\u00bb make_fullwidth=\u00a0\u00bbon\u00a0\u00bb][et_pb_column type=\u00a0\u00bb1_5&Prime; _builder_version=\u00a0\u00bb3.25&Prime; custom_padding=\u00a0\u00bb|||\u00a0\u00bb custom_padding__hover=\u00a0\u00bb|||\u00a0\u00bb][et_pb_image src=\u00a0\u00bbhttp:\/\/irishpubcompany.com\/wp-content\/uploads\/2019\/06\/irish-pub-company-logo.png\u00a0\u00bb align_tablet=\u00a0\u00bbcenter\u00a0\u00bb align_last_edited=\u00a0\u00bbon|desktop\u00a0\u00bb _builder_version=\u00a0\u00bb3.23&Prime;][\/et_pb_image][et_pb_text _builder_version=\u00a0\u00bb3.22.4&Prime; text_font=\u00a0\u00bbGeorgia||||||||\u00a0\u00bb text_text_color=\u00a0\u00bb#ffffff\u00a0\u00bb]<p style=\"text-align: center;\">Cr\u00e9ation de concepts d\u2019accueil exceptionnels dans le monde entier depuis 1979<\/p>[\/et_pb_text][\/et_pb_column][et_pb_column type=\u00a0\u00bb1_5&Prime; _builder_version=\u00a0\u00bb3.25&Prime; custom_padding=\u00a0\u00bb|||\u00a0\u00bb custom_padding__hover=\u00a0\u00bb|||\u00a0\u00bb][et_pb_text _builder_version=\u00a0\u00bb3.25.4&Prime; text_font=\u00a0\u00bbGeorgia||||||||\u00a0\u00bb text_text_color=\u00a0\u00bb#ffffff\u00a0\u00bb link_font=\u00a0\u00bbGeorgia||||||||\u00a0\u00bb link_text_color=\u00a0\u00bb#ffffff\u00a0\u00bb link_font_size=\u00a0\u00bb14px\u00a0\u00bb link_line_height=\u00a0\u00bb2.1em\u00a0\u00bb header_font=\u00a0\u00bb||||||||\u00a0\u00bb header_3_font=\u00a0\u00bb||||||||\u00a0\u00bb header_3_line_height=\u00a0\u00bb1.7em\u00a0\u00bb background_layout=\u00a0\u00bbdark\u00a0\u00bb]<h3 style=\"text-align: left;\">Contact<br> <a href=\"tel:+35312934300\">+353 (0)1 293 4300<\/a><\/h3>\n<p style=\"text-align: left;\"><a href=\"mailto:info@irishpubcompany.com\">info@irishpubcompany.com<\/a><\/p>[\/et_pb_text][et_pb_text _builder_version=\u00a0\u00bb3.25.4&Prime; text_font=\u00a0\u00bbGeorgia||||||||\u00a0\u00bb text_text_color=\u00a0\u00bb#ffffff\u00a0\u00bb link_font=\u00a0\u00bbGeorgia||||||||\u00a0\u00bb link_text_color=\u00a0\u00bb#ffffff\u00a0\u00bb link_font_size=\u00a0\u00bb14px\u00a0\u00bb link_line_height=\u00a0\u00bb2.1em\u00a0\u00bb header_font=\u00a0\u00bb||||||||\u00a0\u00bb header_3_font=\u00a0\u00bb||||||||\u00a0\u00bb header_3_line_height=\u00a0\u00bb1.7em\u00a0\u00bb background_layout=\u00a0\u00bbdark\u00a0\u00bb]<h3>Emplacement<\/h3>\n<p>1er \u00e9tage, The Courtyard,<\/p>\n<p>Carmanhall Road,<\/p>\n<p>Sandyford Business Park,<\/p>\n<p>Dublin, Irlande<\/p>[\/et_pb_text][\/et_pb_column][et_pb_column type=\u00a0\u00bb1_5&Prime; _builder_version=\u00a0\u00bb3.25&Prime; custom_padding=\u00a0\u00bb|||\u00a0\u00bb custom_padding__hover=\u00a0\u00bb|||\u00a0\u00bb][et_pb_text _builder_version=\u00a0\u00bb3.25.4&Prime; text_font=\u00a0\u00bbGeorgia||||||||\u00a0\u00bb text_text_color=\u00a0\u00bb#ffffff\u00a0\u00bb link_font=\u00a0\u00bbGeorgia||||||||\u00a0\u00bb link_text_color=\u00a0\u00bb#ffffff\u00a0\u00bb link_font_size=\u00a0\u00bb14px\u00a0\u00bb link_line_height=\u00a0\u00bb2.1em\u00a0\u00bb header_font=\u00a0\u00bb||||||||\u00a0\u00bb header_3_font=\u00a0\u00bb||||||||\u00a0\u00bb header_3_line_height=\u00a0\u00bb1.7em\u00a0\u00bb background_layout=\u00a0\u00bbdark\u00a0\u00bb custom_padding=\u00a0\u00bb|||3px||\u00a0\u00bb]<h3>The Irish Pub Company<\/h3>\n<p><a href=\"\/the-story-of-the-irish-pub-company\/\">Notre histoire<\/a><a href=\"#\"><br><a href=\"\/our-team\/\">Notre \u00e9quipe<\/a><br><a href=\"#\">Dans la presse [DEV]<\/a>[\/et_pb_text][et_pb_text _builder_version=\u00a0\u00bb3.25.4&Prime; text_font=\u00a0\u00bbGeorgia||||||||\u00a0\u00bb text_text_color=\u00a0\u00bb#ffffff\u00a0\u00bb link_font=\u00a0\u00bbGeorgia||||||||\u00a0\u00bb link_text_color=\u00a0\u00bb#ffffff\u00a0\u00bb link_font_size=\u00a0\u00bb14px\u00a0\u00bb link_line_height=\u00a0\u00bb2.1em\u00a0\u00bb header_font=\u00a0\u00bb||||||||\u00a0\u00bb header_3_font=\u00a0\u00bb||||||||\u00a0\u00bb header_3_line_height=\u00a0\u00bb1.7em\u00a0\u00bb background_layout=\u00a0\u00bbdark\u00a0\u00bb]<h3>Ce que nous faisons<\/h3>\n<p><a href=\"\/services\/design-and-build\/\">Conception et construction<\/a><br><a href=\"\/consultancy-brand-identity\/\">Conseil Identit\u00e9 de marque<\/a><br><a href=\"\/refurbishment\/\">R\u00e9novation<\/a><br><a href=\"\/project-management-and-procurement\/\">Gestion de projet et approvisionnement<\/a><br><a href=\"\/entertainment-hospitality-concepts\/\">Concepts d\u2019accueil de divertissement<\/a><br><a href=\"\/interior-architecture\/\">Architecture d\u2019int\u00e9rieur<\/a>[\/et_pb_text][\/et_pb_column][et_pb_column type=\u00a0\u00bb1_5&Prime; _builder_version=\u00a0\u00bb3.25&Prime; custom_padding=\u00a0\u00bb|||\u00a0\u00bb custom_padding__hover=\u00a0\u00bb|||\u00a0\u00bb][et_pb_text _builder_version=\u00a0\u00bb3.25.4&Prime; text_font=\u00a0\u00bbGeorgia||||||||\u00a0\u00bb text_text_color=\u00a0\u00bb#ffffff\u00a0\u00bb link_font=\u00a0\u00bbGeorgia||||||||\u00a0\u00bb link_text_color=\u00a0\u00bb#ffffff\u00a0\u00bb link_font_size=\u00a0\u00bb14px\u00a0\u00bb link_line_height=\u00a0\u00bb2.1em\u00a0\u00bb header_font=\u00a0\u00bb||||||||\u00a0\u00bb header_3_font=\u00a0\u00bb||||||||\u00a0\u00bb header_3_line_height=\u00a0\u00bb1.7em\u00a0\u00bb background_layout=\u00a0\u00bbdark\u00a0\u00bb]<h3>Notre travail<\/h3>\n<p><a href=\"\/pub-design-case-studies\/\">\u00c9tudes de cas de conception de pubs<\/a><br><a href=\"\/portfolio\/brewery-style\/\">Style brasserie<\/a><br><a href=\"\/portfolio\/celtic-style\/\">Style celtique<\/a><br><a href=\"\/portfolio\/country-style\/\">Style campagnard<\/a><br><a href=\"\/portfolio\/gastro-style\/\">Style gastronomique<\/a><br><a href=\"\/portfolio\/shop-style\/\">Style boutique<\/a><br><a href=\"\/portfolio\/victorian-style\/\">Style victorien<\/a>[\/et_pb_text][\/et_pb_column][et_pb_column type=\u00a0\u00bb1_5&Prime; _builder_version=\u00a0\u00bb3.25&Prime; custom_padding=\u00a0\u00bb|||\u00a0\u00bb custom_padding__hover=\u00a0\u00bb|||\u00a0\u00bb][et_pb_text _builder_version=\u00a0\u00bb3.25.4&Prime; text_font=\u00a0\u00bb||||||||\u00a0\u00bb text_text_color=\u00a0\u00bb#ffffff\u00a0\u00bb link_font=\u00a0\u00bb||||||||\u00a0\u00bb link_text_color=\u00a0\u00bb#ffffff\u00a0\u00bb]<p><b>Changer de r\u00e9gion<\/b><\/p>\n<p><a href=\"http:\/\/irishpubcompany.com\/?page_id=7732&amp;preview=true\">[svg-flags flag=\u00a0\u00bbgb\u00a0\u00bb]  Anglais<\/a><br> <a href=\"#\">[svg-flags flag=\u00a0\u00bbfr\u00a0\u00bb]  Fran\u00e7ais<\/a><br> <a href=\"#\">[svg-flags flag=\u00a0\u00bbde\u00a0\u00bb]  Allemand<\/a><br> <a href=\"#\">[svg-flags flag=\u00a0\u00bbru\u00a0\u00bb]  Russe<\/a><br> <a href=\"#\">[svg-flags flag=\u00a0\u00bbgb\u00a0\u00bb]  Anglais<\/a><br> <a href=\"#\">[svg-flags flag=\u00a0\u00bbfr\u00a0\u00bb]  Fran\u00e7ais<\/a><\/p>[\/et_pb_text][\/et_pb_column][\/et_pb_row][et_pb_row column_structure=\u00a0\u00bb1_2,1_2&Prime; module_id=\u00a0\u00bbsmallprint\u00a0\u00bb module_class=\u00a0\u00bb et_pb_row_fullwidth\u00a0\u00bb _builder_version=\u00a0\u00bb3.25.4&Prime; width=\u00a0\u00bb89%\u00a0\u00bb width_tablet=\u00a0\u00bb80%\u00a0\u00bb width_last_edited=\u00a0\u00bbon|desktop\u00a0\u00bb max_width=\u00a0\u00bb89%\u00a0\u00bb max_width_tablet=\u00a0\u00bb80%\u00a0\u00bb max_width_last_edited=\u00a0\u00bbon|desktop\u00a0\u00bb make_fullwidth=\u00a0\u00bbon\u00a0\u00bb][et_pb_column type=\u00a0\u00bb1_2&Prime; _builder_version=\u00a0\u00bb3.25&Prime; custom_padding=\u00a0\u00bb|||\u00a0\u00bb custom_padding__hover=\u00a0\u00bb|||\u00a0\u00bb][et_pb_text _builder_version=\u00a0\u00bb3.22.4&Prime; text_font=\u00a0\u00bbGeorgia||||||||\u00a0\u00bb link_font=\u00a0\u00bb||||on||||\u00a0\u00bb link_text_color=\u00a0\u00bb#ffffff\u00a0\u00bb background_layout=\u00a0\u00bbdark\u00a0\u00bb]<p>\u00a9 The Irish Pub Company 2019. Tous droits r\u00e9serv\u00e9s. <a href=\"#\">Confidentialit\u00e9<\/a>. <a href=\"#\">Plan du site<\/a>. <\/p>[\/et_pb_text][\/et_pb_column][et_pb_column type=\u00a0\u00bb1_2&Prime; _builder_version=\u00a0\u00bb3.25&Prime; custom_padding=\u00a0\u00bb|||\u00a0\u00bb custom_padding__hover=\u00a0\u00bb|||\u00a0\u00bb][et_pb_image src=\u00a0\u00bbhttp:\/\/irishpubcompany.com\/wp-content\/uploads\/2019\/08\/riai_logo.png\u00a0\u00bb _builder_version=\u00a0\u00bb3.25.4&Prime; custom_css_main_element=\u00a0\u00bbdisplay: inline-block;\u00a0\u00bb][\/et_pb_image][et_pb_image src=\u00a0\u00bbhttp:\/\/irishpubcompany.com\/wp-content\/uploads\/2019\/08\/mj_architecture_logo.png\u00a0\u00bb _builder_version=\u00a0\u00bb3.25.4&Prime; custom_css_main_element=\u00a0\u00bbdisplay: inline-block;\u00a0\u00bb][\/et_pb_image][et_pb_image src=\u00a0\u00bbhttp:\/\/irishpubcompany.com\/wp-content\/uploads\/2019\/08\/mdi_logo.png\u00a0\u00bb _builder_version=\u00a0\u00bb3.25.4&Prime; custom_css_main_element=\u00a0\u00bbdisplay: inline-block;\u00a0\u00bb][\/et_pb_image][\/et_pb_column][\/et_pb_row][\/et_pb_section]\n","protected":false},"excerpt":{"rendered":"<p>Pubs style brasserie Les pubs de style brasserie rappellent la brasserie St. James\u2019s Gate \u00e0 Dublin, qui abrite la bi\u00e8re stout la plus c\u00e9l\u00e8bre au monde, Guinness. L\u2019int\u00e9rieur d\u2019un pub de style brasserie ressemble \u00e0 la cour de brasserie du XVIIIe si\u00e8cle avec une utilisation importante de murs en pierre et en brique, un sol [&hellip;]<\/p>\n","protected":false},"author":1,"featured_media":15268,"parent":0,"menu_order":0,"comment_status":"closed","ping_status":"closed","template":"","meta":{"_et_pb_use_builder":"on","_et_pb_old_content":"","_et_gb_content_width":"","_uag_custom_page_level_css":"","footnotes":""},"class_list":["post-15267","page","type-page","status-publish","has-post-thumbnail","hentry"],"uagb_featured_image_src":{"full":["https:\/\/irishpubcompany.com\/wp-content\/uploads\/2019\/07\/Main-image-for-sochi-page-1.jpg",870,580,false],"thumbnail":["https:\/\/irishpubcompany.com\/wp-content\/uploads\/2019\/07\/Main-image-for-sochi-page-1-150x150.jpg",150,150,true],"medium":["https:\/\/irishpubcompany.com\/wp-content\/uploads\/2019\/07\/Main-image-for-sochi-page-1-300x200.jpg",300,200,true],"medium_large":["https:\/\/irishpubcompany.com\/wp-content\/uploads\/2019\/07\/Main-image-for-sochi-page-1-768x512.jpg",768,512,true],"large":["https:\/\/irishpubcompany.com\/wp-content\/uploads\/2019\/07\/Main-image-for-sochi-page-1.jpg",870,580,false],"1536x1536":["https:\/\/irishpubcompany.com\/wp-content\/uploads\/2019\/07\/Main-image-for-sochi-page-1.jpg",870,580,false],"2048x2048":["https:\/\/irishpubcompany.com\/wp-content\/uploads\/2019\/07\/Main-image-for-sochi-page-1.jpg",870,580,false],"et-pb-post-main-image":["https:\/\/irishpubcompany.com\/wp-content\/uploads\/2019\/07\/Main-image-for-sochi-page-1-400x250.jpg",400,250,true],"et-pb-post-main-image-fullwidth":["https:\/\/irishpubcompany.com\/wp-content\/uploads\/2019\/07\/Main-image-for-sochi-page-1.jpg",870,580,false],"et-pb-portfolio-image":["https:\/\/irishpubcompany.com\/wp-content\/uploads\/2019\/07\/Main-image-for-sochi-page-1-400x284.jpg",400,284,true],"et-pb-portfolio-module-image":["https:\/\/irishpubcompany.com\/wp-content\/uploads\/2019\/07\/Main-image-for-sochi-page-1-510x382.jpg",510,382,true],"et-pb-portfolio-image-single":["https:\/\/irishpubcompany.com\/wp-content\/uploads\/2019\/07\/Main-image-for-sochi-page-1.jpg",870,580,false],"et-pb-gallery-module-image-portrait":["https:\/\/irishpubcompany.com\/wp-content\/uploads\/2019\/07\/Main-image-for-sochi-page-1-400x516.jpg",400,516,true],"et-pb-post-main-image-fullwidth-large":["https:\/\/irishpubcompany.com\/wp-content\/uploads\/2019\/07\/Main-image-for-sochi-page-1.jpg",870,580,false],"et-pb-image--responsive--desktop":["https:\/\/irishpubcompany.com\/wp-content\/uploads\/2019\/07\/Main-image-for-sochi-page-1.jpg",870,580,false],"et-pb-image--responsive--tablet":["https:\/\/irishpubcompany.com\/wp-content\/uploads\/2019\/07\/Main-image-for-sochi-page-1.jpg",827,551,false],"et-pb-image--responsive--phone":["https:\/\/irishpubcompany.com\/wp-content\/uploads\/2019\/07\/Main-image-for-sochi-page-1.jpg",405,270,false]},"uagb_author_info":{"display_name":"dn_admin","author_link":"https:\/\/irishpubcompany.com\/fr\/author\/dn_admin\/"},"uagb_comment_info":0,"uagb_excerpt":"Pubs style brasserie Les pubs de style brasserie rappellent la brasserie St. James\u2019s Gate \u00e0 Dublin, qui abrite la bi\u00e8re stout la plus c\u00e9l\u00e8bre au monde, Guinness. L\u2019int\u00e9rieur d\u2019un pub de style brasserie ressemble \u00e0 la cour de brasserie du XVIIIe si\u00e8cle avec une utilisation importante de murs en pierre et en brique, un sol\u2026","_links":{"self":[{"href":"https:\/\/irishpubcompany.com\/fr\/wp-json\/wp\/v2\/pages\/15267","targetHints":{"allow":["GET"]}}],"collection":[{"href":"https:\/\/irishpubcompany.com\/fr\/wp-json\/wp\/v2\/pages"}],"about":[{"href":"https:\/\/irishpubcompany.com\/fr\/wp-json\/wp\/v2\/types\/page"}],"author":[{"embeddable":true,"href":"https:\/\/irishpubcompany.com\/fr\/wp-json\/wp\/v2\/users\/1"}],"replies":[{"embeddable":true,"href":"https:\/\/irishpubcompany.com\/fr\/wp-json\/wp\/v2\/comments?post=15267"}],"version-history":[{"count":1,"href":"https:\/\/irishpubcompany.com\/fr\/wp-json\/wp\/v2\/pages\/15267\/revisions"}],"predecessor-version":[{"id":15270,"href":"https:\/\/irishpubcompany.com\/fr\/wp-json\/wp\/v2\/pages\/15267\/revisions\/15270"}],"wp:featuredmedia":[{"embeddable":true,"href":"https:\/\/irishpubcompany.com\/fr\/wp-json\/wp\/v2\/media\/15268"}],"wp:attachment":[{"href":"https:\/\/irishpubcompany.com\/fr\/wp-json\/wp\/v2\/media?parent=15267"}],"curies":[{"name":"wp","href":"https:\/\/api.w.org\/{rel}","templated":true}]}}