{"id":15269,"date":"2019-08-14T17:41:05","date_gmt":"2019-08-14T16:41:05","guid":{"rendered":"https:\/\/irishpubcompany.com\/aeroports-et-vente-au-detail\/"},"modified":"2026-01-26T11:25:47","modified_gmt":"2026-01-26T11:25:47","slug":"aeroports-et-vente-au-detail","status":"publish","type":"page","link":"https:\/\/irishpubcompany.com\/fr\/aeroports-et-vente-au-detail\/","title":{"rendered":"A\u00e9roports et vente au d\u00e9tail"},"content":{"rendered":"\n[et_pb_section fb_built=\u00a0\u00bb1&Prime; fullwidth=\u00a0\u00bbon\u00a0\u00bb _builder_version=\u00a0\u00bb3.25.4&Prime;][et_pb_fullwidth_header title=\u00a0\u00bbProjets : A\u00e9roports et vente au d\u00e9tail\u00a0\u00bb text_orientation=\u00a0\u00bbcenter\u00a0\u00bb _builder_version=\u00a0\u00bb3.25.4&Prime; background_color=\u00a0\u00bb#000000&Prime;][\/et_pb_fullwidth_header][\/et_pb_section][et_pb_section fb_built=\u00a0\u00bb1&Prime; _builder_version=\u00a0\u00bb3.25.4&Prime;][et_pb_row _builder_version=\u00a0\u00bb3.25.4&Prime; width=\u00a0\u00bb95%\u00a0\u00bb max_width=\u00a0\u00bb2560px\u00a0\u00bb module_alignment=\u00a0\u00bbcenter\u00a0\u00bb][et_pb_column type=\u00a0\u00bb4_4&Prime; _builder_version=\u00a0\u00bb3.25.4&Prime;][et_pb_portfolio fullwidth=\u00a0\u00bboff\u00a0\u00bb include_categories=\u00a0\u00bb71&Prime; show_categories=\u00a0\u00bboff\u00a0\u00bb _builder_version=\u00a0\u00bb3.25.4&Prime; custom_margin=\u00a0\u00bb0px|0px|0px|0px\u00a0\u00bb custom_padding=\u00a0\u00bb0px|0px|0px|0px\u00a0\u00bb][\/et_pb_portfolio][\/et_pb_column][\/et_pb_row][\/et_pb_section][et_pb_section fb_built=\u00a0\u00bb1&Prime; _builder_version=\u00a0\u00bb3.22.4&Prime; background_color=\u00a0\u00bb#000000&Prime; border_width_top=\u00a0\u00bb1px\u00a0\u00bb custom_padding=\u00a0\u00bb54px|0px|0|0px|false|false\u00a0\u00bb global_module=\u00a0\u00bb113&Prime;][et_pb_row column_structure=\u00a0\u00bb1_5,1_5,1_5,1_5,1_5&Prime; module_class=\u00a0\u00bb et_pb_row_fullwidth\u00a0\u00bb _builder_version=\u00a0\u00bb3.25&Prime; width=\u00a0\u00bb89%\u00a0\u00bb width_tablet=\u00a0\u00bb80%\u00a0\u00bb width_last_edited=\u00a0\u00bbon|desktop\u00a0\u00bb max_width=\u00a0\u00bb89%\u00a0\u00bb max_width_tablet=\u00a0\u00bb80%\u00a0\u00bb max_width_last_edited=\u00a0\u00bbon|desktop\u00a0\u00bb make_fullwidth=\u00a0\u00bbon\u00a0\u00bb][et_pb_column type=\u00a0\u00bb1_5&Prime; _builder_version=\u00a0\u00bb3.25&Prime; custom_padding=\u00a0\u00bb|||\u00a0\u00bb custom_padding__hover=\u00a0\u00bb|||\u00a0\u00bb][et_pb_image src=\u00a0\u00bbhttp:\/\/irishpubcompany.com\/wp-content\/uploads\/2019\/06\/irish-pub-company-logo.png\u00a0\u00bb align_tablet=\u00a0\u00bbcenter\u00a0\u00bb align_last_edited=\u00a0\u00bbon|desktop\u00a0\u00bb _builder_version=\u00a0\u00bb3.23&Prime;][\/et_pb_image][et_pb_text _builder_version=\u00a0\u00bb3.22.4&Prime; text_font=\u00a0\u00bbGeorgia||||||||\u00a0\u00bb text_text_color=\u00a0\u00bb#ffffff\u00a0\u00bb]<p style=\"text-align: center;\">Cr\u00e9ation de concepts d&rsquo;accueil exceptionnels dans le monde entier depuis 1979<\/p>[\/et_pb_text][et_pb_social_media_follow _builder_version=\u00a0\u00bb3.25.4&Prime; text_orientation=\u00a0\u00bbcenter\u00a0\u00bb][et_pb_social_media_follow_network social_network=\u00a0\u00bbfacebook\u00a0\u00bb url=\u00a0\u00bbhttps:\/\/www.facebook.com\/irishpubcompany\/\u00a0\u00bb _builder_version=\u00a0\u00bb3.25.4&Prime; background_color=\u00a0\u00bb#3b5998&Prime; follow_button=\u00a0\u00bboff\u00a0\u00bb url_new_window=\u00a0\u00bbon\u00a0\u00bb]facebook[\/et_pb_social_media_follow_network][et_pb_social_media_follow_network social_network=\u00a0\u00bbinstagram\u00a0\u00bb url=\u00a0\u00bbhttps:\/\/www.instagram.com\/irishpubcompany\/\u00a0\u00bb _builder_version=\u00a0\u00bb3.25.4&Prime; background_color=\u00a0\u00bb#ea2c59&Prime; follow_button=\u00a0\u00bboff\u00a0\u00bb url_new_window=\u00a0\u00bbon\u00a0\u00bb]instagram[\/et_pb_social_media_follow_network][et_pb_social_media_follow_network social_network=\u00a0\u00bbtwitter\u00a0\u00bb url=\u00a0\u00bbhttps:\/\/twitter.com\/IrishPubCompany\u00a0\u00bb _builder_version=\u00a0\u00bb3.25.4&Prime; background_color=\u00a0\u00bb#00aced\u00a0\u00bb follow_button=\u00a0\u00bboff\u00a0\u00bb url_new_window=\u00a0\u00bbon\u00a0\u00bb]twitter[\/et_pb_social_media_follow_network][et_pb_social_media_follow_network social_network=\u00a0\u00bblinkedin\u00a0\u00bb url=\u00a0\u00bbhttps:\/\/ie.linkedin.com\/company\/irish-pub-company\u00a0\u00bb _builder_version=\u00a0\u00bb3.25.4&Prime; background_color=\u00a0\u00bb#007bb6&Prime; follow_button=\u00a0\u00bboff\u00a0\u00bb url_new_window=\u00a0\u00bbon\u00a0\u00bb]linkedin[\/et_pb_social_media_follow_network][et_pb_social_media_follow_network social_network=\u00a0\u00bbyoutube\u00a0\u00bb url=\u00a0\u00bbhttps:\/\/www.youtube.com\/channel\/UCkP7pqed0Bb0ZF0FtwVuVdA\u00a0\u00bb _builder_version=\u00a0\u00bb3.25.4&Prime; background_color=\u00a0\u00bb#a82400&Prime; follow_button=\u00a0\u00bboff\u00a0\u00bb url_new_window=\u00a0\u00bbon\u00a0\u00bb]youtube[\/et_pb_social_media_follow_network][\/et_pb_social_media_follow][\/et_pb_column][et_pb_column type=\u00a0\u00bb1_5&Prime; _builder_version=\u00a0\u00bb3.25&Prime; custom_padding=\u00a0\u00bb|||\u00a0\u00bb custom_padding__hover=\u00a0\u00bb|||\u00a0\u00bb][et_pb_text _builder_version=\u00a0\u00bb3.25.4&Prime; text_font=\u00a0\u00bbGeorgia||||||||\u00a0\u00bb text_text_color=\u00a0\u00bb#ffffff\u00a0\u00bb link_font=\u00a0\u00bbGeorgia||||||||\u00a0\u00bb link_text_color=\u00a0\u00bb#ffffff\u00a0\u00bb link_font_size=\u00a0\u00bb14px\u00a0\u00bb link_line_height=\u00a0\u00bb2.1em\u00a0\u00bb header_font=\u00a0\u00bb||||||||\u00a0\u00bb header_3_font=\u00a0\u00bb||||||||\u00a0\u00bb header_3_line_height=\u00a0\u00bb1.7em\u00a0\u00bb background_layout=\u00a0\u00bbdark\u00a0\u00bb]<h3 style=\"text-align: left;\">Contact<br> <a href=\"tel:+35312934300\">+353 (0)1 293 4300<\/a><\/h3>\n<p style=\"text-align: left;\"><a href=\"mailto:info@irishpubcompany.com\">info@irishpubcompany.com<\/a><\/p>[\/et_pb_text][et_pb_text _builder_version=\u00a0\u00bb3.25.4&Prime; text_font=\u00a0\u00bbGeorgia||||||||\u00a0\u00bb text_text_color=\u00a0\u00bb#ffffff\u00a0\u00bb link_font=\u00a0\u00bbGeorgia||||||||\u00a0\u00bb link_text_color=\u00a0\u00bb#ffffff\u00a0\u00bb link_font_size=\u00a0\u00bb14px\u00a0\u00bb link_line_height=\u00a0\u00bb2.1em\u00a0\u00bb header_font=\u00a0\u00bb||||||||\u00a0\u00bb header_3_font=\u00a0\u00bb||||||||\u00a0\u00bb header_3_line_height=\u00a0\u00bb1.7em\u00a0\u00bb background_layout=\u00a0\u00bbdark\u00a0\u00bb]<h3>Emplacement<\/h3>\n<p>1er \u00e9tage, The Courtyard,<\/p>\n<p>Carmanhall Road,<\/p>\n<p>Sandyford Business Park,<\/p>\n<p>Dublin, Irlande<\/p>[\/et_pb_text][\/et_pb_column][et_pb_column type=\u00a0\u00bb1_5&Prime; _builder_version=\u00a0\u00bb3.25&Prime; custom_padding=\u00a0\u00bb|||\u00a0\u00bb custom_padding__hover=\u00a0\u00bb|||\u00a0\u00bb][et_pb_text _builder_version=\u00a0\u00bb3.25.4&Prime; text_font=\u00a0\u00bbGeorgia||||||||\u00a0\u00bb text_text_color=\u00a0\u00bb#ffffff\u00a0\u00bb link_font=\u00a0\u00bbGeorgia||||||||\u00a0\u00bb link_text_color=\u00a0\u00bb#ffffff\u00a0\u00bb link_font_size=\u00a0\u00bb14px\u00a0\u00bb link_line_height=\u00a0\u00bb2.1em\u00a0\u00bb header_font=\u00a0\u00bb||||||||\u00a0\u00bb header_3_font=\u00a0\u00bb||||||||\u00a0\u00bb header_3_line_height=\u00a0\u00bb1.7em\u00a0\u00bb background_layout=\u00a0\u00bbdark\u00a0\u00bb custom_padding=\u00a0\u00bb|||3px||\u00a0\u00bb]<h3>The Irish Pub Company<\/h3>\n<p><a href=\"\/the-story-of-the-irish-pub-company\/\">Notre histoire<\/a><a href=\"#\"><br><a href=\"\/our-team\/\">Notre \u00e9quipe<\/a><br><a href=\"#\">Dans la presse [DEV]<\/a>[\/et_pb_text][et_pb_text _builder_version=\u00a0\u00bb3.25.4&Prime; text_font=\u00a0\u00bbGeorgia||||||||\u00a0\u00bb text_text_color=\u00a0\u00bb#ffffff\u00a0\u00bb link_font=\u00a0\u00bbGeorgia||||||||\u00a0\u00bb link_text_color=\u00a0\u00bb#ffffff\u00a0\u00bb link_font_size=\u00a0\u00bb14px\u00a0\u00bb link_line_height=\u00a0\u00bb2.1em\u00a0\u00bb header_font=\u00a0\u00bb||||||||\u00a0\u00bb header_3_font=\u00a0\u00bb||||||||\u00a0\u00bb header_3_line_height=\u00a0\u00bb1.7em\u00a0\u00bb background_layout=\u00a0\u00bbdark\u00a0\u00bb]<h3>Ce que nous faisons<\/h3>\n<p><a href=\"\/services\/design-and-build\/\">Conception et construction<\/a><br><a href=\"\/consultancy-brand-identity\/\">Conseil en identit\u00e9 de marque<\/a><br><a href=\"\/refurbishment\/\">R\u00e9novation<\/a><br><a href=\"\/project-management-and-procurement\/\">Gestion de projet et approvisionnement<\/a><br><a href=\"\/entertainment-hospitality-concepts\/\">Concepts d&rsquo;accueil de divertissement<\/a><br><a href=\"\/interior-architecture\/\">Architecture d&rsquo;int\u00e9rieur<\/a>[\/et_pb_text][\/et_pb_column][et_pb_column type=\u00a0\u00bb1_5&Prime; _builder_version=\u00a0\u00bb3.25&Prime; custom_padding=\u00a0\u00bb|||\u00a0\u00bb custom_padding__hover=\u00a0\u00bb|||\u00a0\u00bb][et_pb_text _builder_version=\u00a0\u00bb3.25.4&Prime; text_font=\u00a0\u00bbGeorgia||||||||\u00a0\u00bb text_text_color=\u00a0\u00bb#ffffff\u00a0\u00bb link_font=\u00a0\u00bbGeorgia||||||||\u00a0\u00bb link_text_color=\u00a0\u00bb#ffffff\u00a0\u00bb link_font_size=\u00a0\u00bb14px\u00a0\u00bb link_line_height=\u00a0\u00bb2.1em\u00a0\u00bb header_font=\u00a0\u00bb||||||||\u00a0\u00bb header_3_font=\u00a0\u00bb||||||||\u00a0\u00bb header_3_line_height=\u00a0\u00bb1.7em\u00a0\u00bb background_layout=\u00a0\u00bbdark\u00a0\u00bb]<h3>Notre travail<\/h3>\n<p><a href=\"\/pub-design-case-studies\/\">\u00c9tudes de cas de conception de pubs<\/a><br><a href=\"\/portfolio\/brewery-style\/\">Style brasserie<\/a><br><a href=\"\/portfolio\/celtic-style\/\">Style celtique<\/a><br><a href=\"\/portfolio\/country-style\/\">Style campagnard<\/a><br><a href=\"\/portfolio\/gastro-style\/\">Style gastronomique<\/a><br><a href=\"\/portfolio\/shop-style\/\">Style boutique<\/a><br><a href=\"\/portfolio\/victorian-style\/\">Style victorien<\/a>[\/et_pb_text][\/et_pb_column][et_pb_column type=\u00a0\u00bb1_5&Prime; _builder_version=\u00a0\u00bb3.25&Prime; custom_padding=\u00a0\u00bb|||\u00a0\u00bb custom_padding__hover=\u00a0\u00bb|||\u00a0\u00bb][et_pb_text _builder_version=\u00a0\u00bb3.25.4&Prime; text_font=\u00a0\u00bb||||||||\u00a0\u00bb text_text_color=\u00a0\u00bb#ffffff\u00a0\u00bb link_font=\u00a0\u00bb||||||||\u00a0\u00bb link_text_color=\u00a0\u00bb#ffffff\u00a0\u00bb]<p><b>Changer de r\u00e9gion<\/b><\/p>\n<p><a href=\"http:\/\/irishpubcompany.com\/?page_id=7732&amp;preview=true\">[svg-flags flag=\u00a0\u00bbgb\u00a0\u00bb]  Anglais<\/a><br> <a href=\"#\">[svg-flags flag=\u00a0\u00bbfr\u00a0\u00bb]  Fran\u00e7ais<\/a><br> <a href=\"#\">[svg-flags flag=\u00a0\u00bbde\u00a0\u00bb]  Allemand<\/a><br> <a href=\"#\">[svg-flags flag=\u00a0\u00bbru\u00a0\u00bb]  Russe<\/a><br> <a href=\"#\">[svg-flags flag=\u00a0\u00bbgb\u00a0\u00bb]  Anglais<\/a><br> <a href=\"#\">[svg-flags flag=\u00a0\u00bbfr\u00a0\u00bb]  Fran\u00e7ais<\/a><\/p>[\/et_pb_text][\/et_pb_column][\/et_pb_row][et_pb_row column_structure=\u00a0\u00bb1_2,1_2&Prime; module_id=\u00a0\u00bbsmallprint\u00a0\u00bb module_class=\u00a0\u00bb et_pb_row_fullwidth\u00a0\u00bb _builder_version=\u00a0\u00bb3.25.4&Prime; width=\u00a0\u00bb89%\u00a0\u00bb width_tablet=\u00a0\u00bb80%\u00a0\u00bb width_last_edited=\u00a0\u00bbon|desktop\u00a0\u00bb max_width=\u00a0\u00bb89%\u00a0\u00bb max_width_tablet=\u00a0\u00bb80%\u00a0\u00bb max_width_last_edited=\u00a0\u00bbon|desktop\u00a0\u00bb make_fullwidth=\u00a0\u00bbon\u00a0\u00bb][et_pb_column type=\u00a0\u00bb1_2&Prime; _builder_version=\u00a0\u00bb3.25&Prime; custom_padding=\u00a0\u00bb|||\u00a0\u00bb custom_padding__hover=\u00a0\u00bb|||\u00a0\u00bb][et_pb_text _builder_version=\u00a0\u00bb3.22.4&Prime; text_font=\u00a0\u00bbGeorgia||||||||\u00a0\u00bb link_font=\u00a0\u00bb||||on||||\u00a0\u00bb link_text_color=\u00a0\u00bb#ffffff\u00a0\u00bb background_layout=\u00a0\u00bbdark\u00a0\u00bb]<p>\u00a9 The Irish Pub Company 2019. Tous droits r\u00e9serv\u00e9s. <a href=\"#\">Confidentialit\u00e9<\/a>. <a href=\"#\">Plan du site<\/a>. <\/p>[\/et_pb_text][\/et_pb_column][et_pb_column type=\u00a0\u00bb1_2&Prime; _builder_version=\u00a0\u00bb3.25&Prime; custom_padding=\u00a0\u00bb|||\u00a0\u00bb custom_padding__hover=\u00a0\u00bb|||\u00a0\u00bb][et_pb_image src=\u00a0\u00bbhttp:\/\/irishpubcompany.com\/wp-content\/uploads\/2019\/08\/riai_logo.png\u00a0\u00bb _builder_version=\u00a0\u00bb3.25.4&Prime; custom_css_main_element=\u00a0\u00bbdisplay: inline-block;\u00a0\u00bb][\/et_pb_image][et_pb_image src=\u00a0\u00bbhttp:\/\/irishpubcompany.com\/wp-content\/uploads\/2019\/08\/mj_architecture_logo.png\u00a0\u00bb _builder_version=\u00a0\u00bb3.25.4&Prime; custom_css_main_element=\u00a0\u00bbdisplay: inline-block;\u00a0\u00bb][\/et_pb_image][et_pb_image src=\u00a0\u00bbhttp:\/\/irishpubcompany.com\/wp-content\/uploads\/2019\/08\/mdi_logo.png\u00a0\u00bb _builder_version=\u00a0\u00bb3.25.4&Prime; custom_css_main_element=\u00a0\u00bbdisplay: inline-block;\u00a0\u00bb][\/et_pb_image][\/et_pb_column][\/et_pb_row][\/et_pb_section]\n","protected":false},"excerpt":{"rendered":"<p>Cr\u00e9ation de concepts d&rsquo;accueil exceptionnels dans le monde entier depuis 1979Contact +353 (0)1 293 4300 info@irishpubcompany.comEmplacement 1er \u00e9tage, The Courtyard, Carmanhall Road, Sandyford Business Park, Dublin, IrlandeThe Irish Pub Company Notre histoireNotre \u00e9quipeDans la presse [DEV]Ce que nous faisons Conception et constructionConseil en identit\u00e9 de marqueR\u00e9novationGestion de projet et approvisionnementConcepts d&rsquo;accueil de divertissementArchitecture d&rsquo;int\u00e9rieurNotre travail [&hellip;]<\/p>\n","protected":false},"author":1,"featured_media":0,"parent":0,"menu_order":0,"comment_status":"closed","ping_status":"closed","template":"","meta":{"_et_pb_use_builder":"on","_et_pb_old_content":"","_et_gb_content_width":"","_uag_custom_page_level_css":"","footnotes":""},"class_list":["post-15269","page","type-page","status-publish","hentry"],"uagb_featured_image_src":{"full":false,"thumbnail":false,"medium":false,"medium_large":false,"large":false,"1536x1536":false,"2048x2048":false,"et-pb-post-main-image":false,"et-pb-post-main-image-fullwidth":false,"et-pb-portfolio-image":false,"et-pb-portfolio-module-image":false,"et-pb-portfolio-image-single":false,"et-pb-gallery-module-image-portrait":false,"et-pb-post-main-image-fullwidth-large":false,"et-pb-image--responsive--desktop":false,"et-pb-image--responsive--tablet":false,"et-pb-image--responsive--phone":false},"uagb_author_info":{"display_name":"dn_admin","author_link":"https:\/\/irishpubcompany.com\/fr\/author\/dn_admin\/"},"uagb_comment_info":0,"uagb_excerpt":"Cr\u00e9ation de concepts d'accueil exceptionnels dans le monde entier depuis 1979Contact +353 (0)1 293 4300 info@irishpubcompany.comEmplacement 1er \u00e9tage, The Courtyard, Carmanhall Road, Sandyford Business Park, Dublin, IrlandeThe Irish Pub Company Notre histoireNotre \u00e9quipeDans la presse [DEV]Ce que nous faisons Conception et constructionConseil en identit\u00e9 de marqueR\u00e9novationGestion de projet et approvisionnementConcepts d'accueil de divertissementArchitecture d'int\u00e9rieurNotre travail\u2026","_links":{"self":[{"href":"https:\/\/irishpubcompany.com\/fr\/wp-json\/wp\/v2\/pages\/15269","targetHints":{"allow":["GET"]}}],"collection":[{"href":"https:\/\/irishpubcompany.com\/fr\/wp-json\/wp\/v2\/pages"}],"about":[{"href":"https:\/\/irishpubcompany.com\/fr\/wp-json\/wp\/v2\/types\/page"}],"author":[{"embeddable":true,"href":"https:\/\/irishpubcompany.com\/fr\/wp-json\/wp\/v2\/users\/1"}],"replies":[{"embeddable":true,"href":"https:\/\/irishpubcompany.com\/fr\/wp-json\/wp\/v2\/comments?post=15269"}],"version-history":[{"count":1,"href":"https:\/\/irishpubcompany.com\/fr\/wp-json\/wp\/v2\/pages\/15269\/revisions"}],"predecessor-version":[{"id":15271,"href":"https:\/\/irishpubcompany.com\/fr\/wp-json\/wp\/v2\/pages\/15269\/revisions\/15271"}],"wp:attachment":[{"href":"https:\/\/irishpubcompany.com\/fr\/wp-json\/wp\/v2\/media?parent=15269"}],"curies":[{"name":"wp","href":"https:\/\/api.w.org\/{rel}","templated":true}]}}