{"id":15697,"date":"2019-08-29T12:19:13","date_gmt":"2019-08-29T11:19:13","guid":{"rendered":"https:\/\/irishpubcompany.com\/anna-mcnally\/"},"modified":"2026-01-26T11:49:21","modified_gmt":"2026-01-26T11:49:21","slug":"anna-mcnally","status":"publish","type":"page","link":"https:\/\/irishpubcompany.com\/fr\/anna-mcnally\/","title":{"rendered":"Anna McNally"},"content":{"rendered":"<p>[et_pb_section fb_built=\u00a0\u00bb1&Prime; _builder_version=\u00a0\u00bb4.16&Prime; global_colors_info=\u00a0\u00bb{}\u00a0\u00bb][et_pb_row _builder_version=\u00a0\u00bb4.16&Prime; global_colors_info=\u00a0\u00bb{}\u00a0\u00bb][et_pb_column type=\u00a0\u00bb4_4&Prime; _builder_version=\u00a0\u00bb4.16&Prime; global_colors_info=\u00a0\u00bb{}\u00a0\u00bb][et_pb_blurb title=\u00a0\u00bbAnna McNally\u00a0\u00bb url=\u00a0\u00bbhttps:\/\/irishpubcompany.com\/fr\/anna-mcnally\/\u00a0\u00bb image=\u00a0\u00bbhttps:\/\/irishpubcompany.com\/wp-content\/uploads\/2019\/08\/anna.jpg\u00a0\u00bb _builder_version=\u00a0\u00bb4.22.2&Prime; header_font=\u00a0\u00bbFrank Ruhl Libre||||||||\u00a0\u00bb header_font_size=\u00a0\u00bb22px\u00a0\u00bb body_font=\u00a0\u00bbMontserrat||||||||\u00a0\u00bb body_font_size=\u00a0\u00bb12px\u00a0\u00bb text_orientation=\u00a0\u00bbcenter\u00a0\u00bb animation=\u00a0\u00bboff\u00a0\u00bb link_option_url=\u00a0\u00bbhttps:\/\/irishpubcompany.com\/fr\/anna-mcnally\/\u00a0\u00bb hover_enabled=\u00a0\u00bb0&Prime; border_radii_image=\u00a0\u00bbon|100px|100px|100px|100px\u00a0\u00bb global_colors_info=\u00a0\u00bb{}\u00a0\u00bb sticky_enabled=\u00a0\u00bb0&Prime; locked=\u00a0\u00bboff\u00a0\u00bb]<\/p>\n<p><a href=\"https:\/\/irishpubcompany.com\/fr\/anna-mcnally\/\" title=\"Anna McNally\">D\u00e9veloppement commercial mondial<\/a><\/p>\n<p>[\/et_pb_blurb][et_pb_text _builder_version=\u00a0\u00bb4.16&Prime; text_font=\u00a0\u00bb||||||||\u00a0\u00bb text_font_size=\u00a0\u00bb16px\u00a0\u00bb text_line_height=\u00a0\u00bb2em\u00a0\u00bb custom_padding=\u00a0\u00bb0px||0px\u00a0\u00bb global_colors_info=\u00a0\u00bb{}\u00a0\u00bb]<\/p>\n<p><strong>Anna McNally<\/strong><br \/> <strong>Marketing et d\u00e9veloppement commercial<\/strong> <\/p>\n<p><strong>Anna dirige le marketing et le d\u00e9veloppement commercial de l&rsquo;Irish Pub Company et des soci\u00e9t\u00e9s du groupe au bureau de Dublin.<\/strong><\/p>\n<p>Ayant grandi dans le secteur de la conception de pubs et baignant dans les \u00ab discussions de conception \u00bb depuis son plus jeune \u00e2ge, Anna est passionn\u00e9e par l&rsquo;avenir du pub irlandais. En se connectant avec les entrepreneurs originaux de pubs irlandais, Anna et l&rsquo;\u00e9quipe de l&rsquo;Irish Pub Company visent \u00e0 les aider \u00e0 la renaissance de leurs entreprises, en les rafra\u00eechissant et en transformant les pubs irlandais en entreprises prosp\u00e8res de restauration qui peuvent suivre le rythme de la culture actuelle. <\/p>\n<p>Anna est passionn\u00e9e par l&rsquo;\u00e9tude de nouveaux mod\u00e8les sur les march\u00e9s internationaux o\u00f9 la franchise et la concession de toutes les offres de restauration repr\u00e9sentent une opportunit\u00e9. Elle a rejoint l&rsquo;\u00e9quipe de Dublin en 2014 et travaille en \u00e9troite collaboration avec l&rsquo;\u00e9quipe au Moyen-Orient et aux \u00c9tats-Unis. <\/p>\n<p>Forte d&rsquo;une exp\u00e9rience en marketing et d&rsquo;un MBA en gestion de projet, les comp\u00e9tences d&rsquo;Anna sont utilis\u00e9es pour fournir des services cl\u00e9s en main complets \u00e0 un portefeuille de clients nationaux et internationaux vari\u00e9s.<\/p>\n<p><a href=\"mailto:amcnally@irishpubcompany.com\" title=\"Envoyer un e-mail \u00e0 Anna\">Envoyer un e-mail \u00e0 Anna<\/a><\/p>\n<p>[\/et_pb_text][\/et_pb_column][\/et_pb_row][\/et_pb_section][et_pb_section fb_built=\u00a0\u00bb1&Prime; admin_label=\u00a0\u00bbCall to Action\u00a0\u00bb _builder_version=\u00a0\u00bb4.22.2&Prime; _module_preset=\u00a0\u00bbdefault\u00a0\u00bb use_background_color_gradient=\u00a0\u00bbon\u00a0\u00bb background_color_gradient_type=\u00a0\u00bbcircular\u00a0\u00bb background_color_gradient_stops=\u00a0\u00bbrgba(0,0,0,0.6) 0%|#000000 100%\u00a0\u00bb background_color_gradient_overlays_image=\u00a0\u00bbon\u00a0\u00bb background_image=\u00a0\u00bbhttps:\/\/irishpubcompany.com\/wp-content\/uploads\/2021\/11\/Trinity-Vienna-42.jpg\u00a0\u00bb custom_padding=\u00a0\u00bb5%|3%|5%|3%|false|true\u00a0\u00bb saved_tabs=\u00a0\u00bball\u00a0\u00bb locked=\u00a0\u00bboff\u00a0\u00bb collapsed=\u00a0\u00bbon\u00a0\u00bb global_colors_info=\u00a0\u00bb{%22gcid-524b06de-81a6-4fd5-87ee-8119434e22e8%22:%91%22background_color%22%93}\u00a0\u00bb][et_pb_row _builder_version=\u00a0\u00bb4.24.1&Prime; _module_preset=\u00a0\u00bbdefault\u00a0\u00bb width_tablet=\u00a0\u00bb\u00a0\u00bb width_phone=\u00a0\u00bb100%\u00a0\u00bb width_last_edited=\u00a0\u00bbon|phone\u00a0\u00bb global_colors_info=\u00a0\u00bb{}\u00a0\u00bb][et_pb_column type=\u00a0\u00bb4_4&Prime; _builder_version=\u00a0\u00bb4.24.1&Prime; _module_preset=\u00a0\u00bbdefault\u00a0\u00bb global_colors_info=\u00a0\u00bb{}\u00a0\u00bb][et_pb_text _builder_version=\u00a0\u00bb4.22.2&Prime; _module_preset=\u00a0\u00bb65051e6d-14a1-405c-8299-2f6c100c1773&Prime; header_text_color=\u00a0\u00bb#FFFFFF\u00a0\u00bb header_2_font=\u00a0\u00bbFrank Ruhl Libre|300|||||||\u00a0\u00bb header_2_text_color=\u00a0\u00bb#FFFFFF\u00a0\u00bb header_2_font_size=\u00a0\u00bb60px\u00a0\u00bb text_orientation=\u00a0\u00bbcenter\u00a0\u00bb custom_padding=\u00a0\u00bb30px||30px||true|false\u00a0\u00bb header_2_font_size_tablet=\u00a0\u00bb35px\u00a0\u00bb header_2_font_size_phone=\u00a0\u00bb35px\u00a0\u00bb global_colors_info=\u00a0\u00bb{}\u00a0\u00bb]<\/p>\n<h2>Contactez-nous<\/h2>\n<p>[\/et_pb_text][et_pb_button button_url=\u00a0\u00bbhttps:\/\/irishpubcompany.com\/contact-us\/\u00a0\u00bb button_text=\u00a0\u00bbNous contacter\u00a0\u00bb button_alignment=\u00a0\u00bbcenter\u00a0\u00bb _builder_version=\u00a0\u00bb4.22.2&Prime; _module_preset=\u00a0\u00bb5f614e53-0cc7-4218-ac1c-9f5beb54014b\u00a0\u00bb button_text_size=\u00a0\u00bb22px\u00a0\u00bb button_bg_color=\u00a0\u00bb#97845e\u00a0\u00bb button_border_color=\u00a0\u00bbRGBA(255,255,255,0)\u00a0\u00bb button_border_radius=\u00a0\u00bb5px\u00a0\u00bb button_font=\u00a0\u00bbMontserrat||||||||\u00a0\u00bb custom_padding=\u00a0\u00bb20px|50px|20px|50px|true|true\u00a0\u00bb button_text_size_tablet=\u00a0\u00bb16px\u00a0\u00bb button_text_size_phone=\u00a0\u00bb16px\u00a0\u00bb button_text_size_last_edited=\u00a0\u00bbon|phone\u00a0\u00bb box_shadow_style=\u00a0\u00bbnone\u00a0\u00bb global_colors_info=\u00a0\u00bb{}\u00a0\u00bb][\/et_pb_button][\/et_pb_column][\/et_pb_row][\/et_pb_section][et_pb_section fb_built=\u00a0\u00bb1&Prime; _builder_version=\u00a0\u00bb4.22.2&Prime; background_color=\u00a0\u00bb#000000&Prime; width=\u00a0\u00bb100%\u00a0\u00bb width_tablet=\u00a0\u00bb100%\u00a0\u00bb width_phone=\u00a0\u00bb100%\u00a0\u00bb width_last_edited=\u00a0\u00bbon|phone\u00a0\u00bb custom_padding=\u00a0\u00bb30px|3%|0|3%|false|true\u00a0\u00bb border_width_top=\u00a0\u00bb1px\u00a0\u00bb global_module=\u00a0\u00bb113&Prime; saved_tabs=\u00a0\u00bball\u00a0\u00bb locked=\u00a0\u00bboff\u00a0\u00bb global_colors_info=\u00a0\u00bb{}\u00a0\u00bb][et_pb_row column_structure=\u00a0\u00bb1_5,1_5,1_5,1_5,1_5&Prime; module_class=\u00a0\u00bb et_pb_row_fullwidth\u00a0\u00bb _builder_version=\u00a0\u00bb4.22.2&Prime; width_tablet=\u00a0\u00bb\u00a0\u00bb width_phone=\u00a0\u00bb100%\u00a0\u00bb width_last_edited=\u00a0\u00bbon|phone\u00a0\u00bb custom_margin=\u00a0\u00bb-18px|auto||auto||\u00a0\u00bb make_fullwidth=\u00a0\u00bbon\u00a0\u00bb global_colors_info=\u00a0\u00bb{}\u00a0\u00bb][et_pb_column type=\u00a0\u00bb1_5&Prime; _builder_version=\u00a0\u00bb4.16&Prime; custom_padding=\u00a0\u00bb|||\u00a0\u00bb global_colors_info=\u00a0\u00bb{}\u00a0\u00bb custom_padding__hover=\u00a0\u00bb|||\u00a0\u00bb][et_pb_image src=\u00a0\u00bbhttps:\/\/irishpubcompany.com\/wp-content\/uploads\/2019\/06\/irish-pub-company-logo.png\u00a0\u00bb align_tablet=\u00a0\u00bbcenter\u00a0\u00bb align_phone=\u00a0\u00bb\u00a0\u00bb align_last_edited=\u00a0\u00bbon|desktop\u00a0\u00bb _builder_version=\u00a0\u00bb4.16&Prime; global_colors_info=\u00a0\u00bb{}\u00a0\u00bb][\/et_pb_image][et_pb_text _builder_version=\u00a0\u00bb4.16&Prime; text_font=\u00a0\u00bbGeorgia||||||||\u00a0\u00bb text_text_color=\u00a0\u00bb#ffffff\u00a0\u00bb global_colors_info=\u00a0\u00bb{}\u00a0\u00bb]<\/p>\n<p style=\"text-align: center;\">Cr\u00e9ation de concepts d&rsquo;accueil exceptionnels dans le monde entier depuis 1979<\/p>\n<p>[\/et_pb_text][et_pb_social_media_follow _builder_version=\u00a0\u00bb4.16&Prime; text_orientation=\u00a0\u00bbcenter\u00a0\u00bb global_colors_info=\u00a0\u00bb{}\u00a0\u00bb][et_pb_social_media_follow_network social_network=\u00a0\u00bbfacebook\u00a0\u00bb url=\u00a0\u00bbhttps:\/\/www.facebook.com\/irishpubcompany\/\u00a0\u00bb _builder_version=\u00a0\u00bb4.16&Prime; background_color=\u00a0\u00bb#3b5998&Prime; global_colors_info=\u00a0\u00bb{}\u00a0\u00bb follow_button=\u00a0\u00bboff\u00a0\u00bb url_new_window=\u00a0\u00bbon\u00a0\u00bb]facebook[\/et_pb_social_media_follow_network][et_pb_social_media_follow_network social_network=\u00a0\u00bbinstagram\u00a0\u00bb url=\u00a0\u00bbhttps:\/\/www.instagram.com\/irishpubcompany\/\u00a0\u00bb _builder_version=\u00a0\u00bb4.16&Prime; background_color=\u00a0\u00bb#ea2c59&Prime; global_colors_info=\u00a0\u00bb{}\u00a0\u00bb follow_button=\u00a0\u00bboff\u00a0\u00bb url_new_window=\u00a0\u00bbon\u00a0\u00bb]instagram[\/et_pb_social_media_follow_network][et_pb_social_media_follow_network social_network=\u00a0\u00bbtwitter\u00a0\u00bb url=\u00a0\u00bbhttps:\/\/twitter.com\/IrishPubCompany\u00a0\u00bb _builder_version=\u00a0\u00bb4.22.2&Prime; background_color=\u00a0\u00bb#000000&Prime; global_colors_info=\u00a0\u00bb{}\u00a0\u00bb follow_button=\u00a0\u00bboff\u00a0\u00bb url_new_window=\u00a0\u00bbon\u00a0\u00bb]twitter[\/et_pb_social_media_follow_network][et_pb_social_media_follow_network social_network=\u00a0\u00bblinkedin\u00a0\u00bb url=\u00a0\u00bbhttps:\/\/ie.linkedin.com\/company\/irish-pub-company\u00a0\u00bb _builder_version=\u00a0\u00bb4.16&Prime; background_color=\u00a0\u00bb#007bb6&Prime; global_colors_info=\u00a0\u00bb{}\u00a0\u00bb follow_button=\u00a0\u00bboff\u00a0\u00bb url_new_window=\u00a0\u00bbon\u00a0\u00bb]linkedin[\/et_pb_social_media_follow_network][et_pb_social_media_follow_network social_network=\u00a0\u00bbyoutube\u00a0\u00bb url=\u00a0\u00bbhttps:\/\/www.youtube.com\/channel\/UCkP7pqed0Bb0ZF0FtwVuVdA\u00a0\u00bb _builder_version=\u00a0\u00bb4.16&Prime; background_color=\u00a0\u00bb#a82400&Prime; global_colors_info=\u00a0\u00bb{}\u00a0\u00bb follow_button=\u00a0\u00bboff\u00a0\u00bb url_new_window=\u00a0\u00bbon\u00a0\u00bb]youtube[\/et_pb_social_media_follow_network][\/et_pb_social_media_follow][\/et_pb_column][et_pb_column type=\u00a0\u00bb1_5&Prime; _builder_version=\u00a0\u00bb4.16&Prime; custom_padding=\u00a0\u00bb|||\u00a0\u00bb global_colors_info=\u00a0\u00bb{}\u00a0\u00bb custom_padding__hover=\u00a0\u00bb|||\u00a0\u00bb][et_pb_text _builder_version=\u00a0\u00bb4.22.2&Prime; text_font=\u00a0\u00bbGeorgia||||||||\u00a0\u00bb text_text_color=\u00a0\u00bb#ffffff\u00a0\u00bb link_font=\u00a0\u00bbGeorgia||||||||\u00a0\u00bb link_text_color=\u00a0\u00bb#ffffff\u00a0\u00bb link_font_size=\u00a0\u00bb14px\u00a0\u00bb link_line_height=\u00a0\u00bb2.1em\u00a0\u00bb header_font=\u00a0\u00bb||||||||\u00a0\u00bb header_3_font=\u00a0\u00bb||||||||\u00a0\u00bb header_3_line_height=\u00a0\u00bb1.7em\u00a0\u00bb background_layout=\u00a0\u00bbdark\u00a0\u00bb global_colors_info=\u00a0\u00bb{}\u00a0\u00bb]<\/p>\n<h3 style=\"text-align: left;\">Contact<br \/><a href=\"tel:+35312934300\">+353 (0)1 293 4300<\/a><\/h3>\n<p style=\"text-align: left;\"><a href=\"mailto:info@irishpubcompany.com\">info@irishpubcompany.com<\/a><\/p>\n<p style=\"text-align: left;\">WHATAPP&nbsp;: 00353.86.042.3642<\/p>\n<p style=\"text-align: left;\">[\/et_pb_text][\/et_pb_column][et_pb_column type=\u00a0\u00bb1_5&Prime; _builder_version=\u00a0\u00bb4.16&Prime; custom_padding=\u00a0\u00bb|||\u00a0\u00bb global_colors_info=\u00a0\u00bb{}\u00a0\u00bb custom_padding__hover=\u00a0\u00bb|||\u00a0\u00bb][et_pb_text _builder_version=\u00a0\u00bb4.16&Prime; text_font=\u00a0\u00bbGeorgia||||||||\u00a0\u00bb text_text_color=\u00a0\u00bb#ffffff\u00a0\u00bb link_font=\u00a0\u00bbGeorgia||||||||\u00a0\u00bb link_text_color=\u00a0\u00bb#ffffff\u00a0\u00bb link_font_size=\u00a0\u00bb14px\u00a0\u00bb link_line_height=\u00a0\u00bb2.1em\u00a0\u00bb header_font=\u00a0\u00bb||||||||\u00a0\u00bb header_3_font=\u00a0\u00bb||||||||\u00a0\u00bb header_3_line_height=\u00a0\u00bb1.7em\u00a0\u00bb background_layout=\u00a0\u00bbdark\u00a0\u00bb global_colors_info=\u00a0\u00bb{}\u00a0\u00bb]<\/p>\n<h3>Emplacement<\/h3>\n<p>1er \u00e9tage, The Courtyard,<\/p>\n<p>Carmanhall Road,<\/p>\n<p>Sandyford Business Park,<\/p>\n<p>Dublin, Irlande<\/p>\n<p>[\/et_pb_text][\/et_pb_column][et_pb_column type=\u00a0\u00bb1_5&Prime; _builder_version=\u00a0\u00bb4.16&Prime; custom_padding=\u00a0\u00bb|||\u00a0\u00bb global_colors_info=\u00a0\u00bb{}\u00a0\u00bb custom_padding__hover=\u00a0\u00bb|||\u00a0\u00bb][et_pb_text _builder_version=\u00a0\u00bb4.16&Prime; text_font=\u00a0\u00bb||||||||\u00a0\u00bb text_text_color=\u00a0\u00bb#ffffff\u00a0\u00bb link_font=\u00a0\u00bb||||||||\u00a0\u00bb link_text_color=\u00a0\u00bb#ffffff\u00a0\u00bb global_colors_info=\u00a0\u00bb{}\u00a0\u00bb]<\/p>\n<p><b>Changer de r\u00e9gion<\/b><\/p>\n<p>\n\t<a href=\"\/?r=en-ie\">[svg-flags flag=\u00a0\u00bbie\u00a0\u00bb size=\u00a0\u00bb1&Prime; inline=\u00a0\u00bbtrue\u00a0\u00bb] Irlande<\/a><\/p>\n<p>\t<a href=\"\/?r=en-gb\">[svg-flags flag=\u00a0\u00bbgb\u00a0\u00bb size=\u00a0\u00bb1&Prime; inline=\u00a0\u00bbtrue\u00a0\u00bb] Royaume-Uni <\/a><\/p>\n<p>\t<a href=\"\/?r=en-us\">[svg-flags flag=\u00a0\u00bbus\u00a0\u00bb size=\u00a0\u00bb1&Prime; inline=\u00a0\u00bbtrue\u00a0\u00bb] \u00c9tats-Unis<\/a><\/p>\n<p>\t<a href=\"\/irish-pub-company-france\/\">[svg-flags flag=\u00a0\u00bbfr\u00a0\u00bb size=\u00a0\u00bb1&Prime; inline=\u00a0\u00bbtrue\u00a0\u00bb] Fran\u00e7ais<\/a><\/p>\n<p>\t<a href=\"\/irish-pub-company-germany\/\">[svg-flags flag=\u00a0\u00bbde\u00a0\u00bb size=\u00a0\u00bb1&Prime; inline=\u00a0\u00bbtrue\u00a0\u00bb] Deutsche <\/a><\/p>\n<p>\t<a href=\"\/irish-pub-company-malta\/\">[svg-flags flag=\u00a0\u00bbmt\u00a0\u00bb size=\u00a0\u00bb1&Prime; inline=\u00a0\u00bbtrue\u00a0\u00bb] Malti <\/a><\/p>\n<p>\t<a href=\"\/irish-pub-company-russia\/\">[svg-flags flag=\u00a0\u00bbru\u00a0\u00bb size=\u00a0\u00bb1&Prime; inline=\u00a0\u00bbtrue\u00a0\u00bb] P\u0443\u0441\u0441\u043a\u0438\u0439 <\/a><\/p>\n<p>\t<a href=\"\/irish-pub-company-serbia\/\">[svg-flags flag=\u00a0\u00bbrs\u00a0\u00bb size=\u00a0\u00bb1&Prime; inline=\u00a0\u00bbtrue\u00a0\u00bb] \u0421\u0440\u043f\u0441\u043a\u0438 <\/a><\/p>\n<p>[\/et_pb_text][\/et_pb_column][et_pb_column type=\u00a0\u00bb1_5&Prime; _builder_version=\u00a0\u00bb4.22.2&Prime; custom_padding=\u00a0\u00bb|||\u00a0\u00bb global_colors_info=\u00a0\u00bb{}\u00a0\u00bb custom_padding__hover=\u00a0\u00bb|||\u00a0\u00bb][et_pb_image src=\u00a0\u00bbhttps:\/\/irishpubcompany.com\/wp-content\/uploads\/2019\/08\/mdi_logo.png\u00a0\u00bb url=\u00a0\u00bbhttp:\/\/www.mcnallydesign.com\u00a0\u00bb _builder_version=\u00a0\u00bb4.16&Prime; max_width=\u00a0\u00bb60px\u00a0\u00bb custom_margin=\u00a0\u00bb|2px||\u00a0\u00bb custom_css_main_element=\u00a0\u00bbdisplay: inline-block;\u00a0\u00bb global_colors_info=\u00a0\u00bb{}\u00a0\u00bb][\/et_pb_image][et_pb_image src=\u00a0\u00bbhttps:\/\/irishpubcompany.com\/wp-content\/uploads\/2019\/08\/mj_architecture_logo.png\u00a0\u00bb url=\u00a0\u00bbhttp:\/\/www.mjarchitectureanddesign.ie\u00a0\u00bb _builder_version=\u00a0\u00bb4.16&Prime; max_width=\u00a0\u00bb60px\u00a0\u00bb custom_margin=\u00a0\u00bb|2px||\u00a0\u00bb custom_css_main_element=\u00a0\u00bbdisplay: inline-block;\u00a0\u00bb global_colors_info=\u00a0\u00bb{}\u00a0\u00bb][\/et_pb_image][et_pb_image src=\u00a0\u00bbhttps:\/\/irishpubcompany.com\/wp-content\/uploads\/2019\/08\/riai_logo.png\u00a0\u00bb url=\u00a0\u00bbhttps:\/\/www.riai.ie\u00a0\u00bb _builder_version=\u00a0\u00bb4.22.2&Prime; max_width=\u00a0\u00bb60px\u00a0\u00bb custom_css_main_element=\u00a0\u00bbdisplay: inline-block;\u00a0\u00bb global_colors_info=\u00a0\u00bb{}\u00a0\u00bb][\/et_pb_image][\/et_pb_column][\/et_pb_row][et_pb_row _builder_version=\u00a0\u00bb4.22.2&Prime; width_tablet=\u00a0\u00bb\u00a0\u00bb width_phone=\u00a0\u00bb100%\u00a0\u00bb width_last_edited=\u00a0\u00bbon|phone\u00a0\u00bb global_colors_info=\u00a0\u00bb{}\u00a0\u00bb][et_pb_column type=\u00a0\u00bb4_4&Prime; _builder_version=\u00a0\u00bb4.16&Prime; global_colors_info=\u00a0\u00bb{}\u00a0\u00bb][et_pb_text _builder_version=\u00a0\u00bb4.22.2&Prime; text_font=\u00a0\u00bb||||||||\u00a0\u00bb text_text_color=\u00a0\u00bb#ffffff\u00a0\u00bb link_font=\u00a0\u00bb||||on||||\u00a0\u00bb link_text_color=\u00a0\u00bb#ffffff\u00a0\u00bb text_orientation=\u00a0\u00bbcenter\u00a0\u00bb text_text_align=\u00a0\u00bbcenter\u00a0\u00bb global_colors_info=\u00a0\u00bb{}\u00a0\u00bb]<\/p>\n<p>\u00a9 The Irish Pub Company 2024. Tous droits r\u00e9serv\u00e9s. <a href=\"#\">Confidentialit\u00e9<\/a>. <a href=\"#\">Plan du site<\/a>. <\/p>\n<p>[\/et_pb_text][\/et_pb_column][\/et_pb_row][\/et_pb_section]<\/p>\n","protected":false},"excerpt":{"rendered":"<p>D\u00e9veloppement commercial mondialAnna McNally Marketing et d\u00e9veloppement commercial Anna dirige le marketing et le d\u00e9veloppement commercial de l&rsquo;Irish Pub Company et des soci\u00e9t\u00e9s du groupe au bureau de Dublin. Ayant grandi dans le secteur de la conception de pubs et baignant dans les \u00ab discussions de conception \u00bb depuis son plus jeune \u00e2ge, Anna est [&hellip;]<\/p>\n","protected":false},"author":2,"featured_media":15505,"parent":0,"menu_order":0,"comment_status":"closed","ping_status":"closed","template":"","meta":{"_et_pb_use_builder":"on","_et_pb_old_content":"","_et_gb_content_width":"","_uag_custom_page_level_css":"","footnotes":""},"class_list":["post-15697","page","type-page","status-publish","has-post-thumbnail","hentry"],"uagb_featured_image_src":{"full":["https:\/\/irishpubcompany.com\/wp-content\/uploads\/2019\/08\/anna.jpg",174,238,false],"thumbnail":["https:\/\/irishpubcompany.com\/wp-content\/uploads\/2019\/08\/anna-150x150.jpg",150,150,true],"medium":["https:\/\/irishpubcompany.com\/wp-content\/uploads\/2019\/08\/anna.jpg",174,238,false],"medium_large":["https:\/\/irishpubcompany.com\/wp-content\/uploads\/2019\/08\/anna.jpg",174,238,false],"large":["https:\/\/irishpubcompany.com\/wp-content\/uploads\/2019\/08\/anna.jpg",174,238,false],"1536x1536":["https:\/\/irishpubcompany.com\/wp-content\/uploads\/2019\/08\/anna.jpg",174,238,false],"2048x2048":["https:\/\/irishpubcompany.com\/wp-content\/uploads\/2019\/08\/anna.jpg",174,238,false],"et-pb-post-main-image":["https:\/\/irishpubcompany.com\/wp-content\/uploads\/2019\/08\/anna.jpg",174,238,false],"et-pb-post-main-image-fullwidth":["https:\/\/irishpubcompany.com\/wp-content\/uploads\/2019\/08\/anna.jpg",174,238,false],"et-pb-portfolio-image":["https:\/\/irishpubcompany.com\/wp-content\/uploads\/2019\/08\/anna.jpg",174,238,false],"et-pb-portfolio-module-image":["https:\/\/irishpubcompany.com\/wp-content\/uploads\/2019\/08\/anna.jpg",174,238,false],"et-pb-portfolio-image-single":["https:\/\/irishpubcompany.com\/wp-content\/uploads\/2019\/08\/anna.jpg",174,238,false],"et-pb-gallery-module-image-portrait":["https:\/\/irishpubcompany.com\/wp-content\/uploads\/2019\/08\/anna.jpg",174,238,false],"et-pb-post-main-image-fullwidth-large":["https:\/\/irishpubcompany.com\/wp-content\/uploads\/2019\/08\/anna.jpg",174,238,false],"et-pb-image--responsive--desktop":["https:\/\/irishpubcompany.com\/wp-content\/uploads\/2019\/08\/anna.jpg",174,238,false],"et-pb-image--responsive--tablet":["https:\/\/irishpubcompany.com\/wp-content\/uploads\/2019\/08\/anna.jpg",174,238,false],"et-pb-image--responsive--phone":["https:\/\/irishpubcompany.com\/wp-content\/uploads\/2019\/08\/anna.jpg",174,238,false]},"uagb_author_info":{"display_name":"Irish Pub Company","author_link":"https:\/\/irishpubcompany.com\/fr\/author\/irishpubco\/"},"uagb_comment_info":0,"uagb_excerpt":"D\u00e9veloppement commercial mondialAnna McNally Marketing et d\u00e9veloppement commercial Anna dirige le marketing et le d\u00e9veloppement commercial de l'Irish Pub Company et des soci\u00e9t\u00e9s du groupe au bureau de Dublin. Ayant grandi dans le secteur de la conception de pubs et baignant dans les \u00ab discussions de conception \u00bb depuis son plus jeune \u00e2ge, Anna est\u2026","_links":{"self":[{"href":"https:\/\/irishpubcompany.com\/fr\/wp-json\/wp\/v2\/pages\/15697","targetHints":{"allow":["GET"]}}],"collection":[{"href":"https:\/\/irishpubcompany.com\/fr\/wp-json\/wp\/v2\/pages"}],"about":[{"href":"https:\/\/irishpubcompany.com\/fr\/wp-json\/wp\/v2\/types\/page"}],"author":[{"embeddable":true,"href":"https:\/\/irishpubcompany.com\/fr\/wp-json\/wp\/v2\/users\/2"}],"replies":[{"embeddable":true,"href":"https:\/\/irishpubcompany.com\/fr\/wp-json\/wp\/v2\/comments?post=15697"}],"version-history":[{"count":1,"href":"https:\/\/irishpubcompany.com\/fr\/wp-json\/wp\/v2\/pages\/15697\/revisions"}],"predecessor-version":[{"id":15698,"href":"https:\/\/irishpubcompany.com\/fr\/wp-json\/wp\/v2\/pages\/15697\/revisions\/15698"}],"wp:featuredmedia":[{"embeddable":true,"href":"https:\/\/irishpubcompany.com\/fr\/wp-json\/wp\/v2\/media\/15505"}],"wp:attachment":[{"href":"https:\/\/irishpubcompany.com\/fr\/wp-json\/wp\/v2\/media?parent=15697"}],"curies":[{"name":"wp","href":"https:\/\/api.w.org\/{rel}","templated":true}]}}