{"id":16199,"date":"2015-05-13T14:14:56","date_gmt":"2015-05-13T13:14:56","guid":{"rendered":"https:\/\/irishpubcompany.com\/vieux-pubs-irlandais\/"},"modified":"2015-05-13T14:14:56","modified_gmt":"2015-05-13T13:14:56","slug":"vieux-pubs-irlandais","status":"publish","type":"page","link":"https:\/\/irishpubcompany.com\/fr\/vieux-pubs-irlandais\/","title":{"rendered":"Vieux pubs irlandais"},"content":{"rendered":"<h1>Vieux pubs irlandais<\/h1>\n<p>The Irish Pub Company a \u00e9t\u00e9 fond\u00e9e en 1990 par Mel McNally. Aujourd&rsquo;hui encore, Mel et l&rsquo;\u00e9quipe de The Irish Pub Company s&rsquo;efforcent de fournir les meilleurs concepts de pubs irlandais au monde. Chez The Irish Pub Company, nous aimons les pubs irlandais ! C&rsquo;est une passion pour nous, nous avons cr\u00e9\u00e9 le concept et nous le connaissons mieux que quiconque.  <\/p>\n<p>[posts_grid columns=\u00a0\u00bb4&Prime; rows=\u00a0\u00bb4&Prime; order_by=\u00a0\u00bbdate\u00a0\u00bb order=\u00a0\u00bbDESC\u00a0\u00bb thumb_width=\u00a0\u00bb150&Prime; meta=\u00a0\u00bbno\u00a0\u00bb excerpt_count=\u00a0\u00bb20&Prime; link=\u00a0\u00bbyes\u00a0\u00bb]<\/p>\n","protected":false},"excerpt":{"rendered":"<p>Vieux pubs irlandais The Irish Pub Company a \u00e9t\u00e9 fond\u00e9e en 1990 par Mel McNally. Aujourd&rsquo;hui encore, Mel et l&rsquo;\u00e9quipe de The Irish Pub Company s&rsquo;efforcent de fournir les meilleurs concepts de pubs irlandais au monde. Chez The Irish Pub Company, nous aimons les pubs irlandais ! C&rsquo;est une passion pour nous, nous avons cr\u00e9\u00e9 [&hellip;]<\/p>\n","protected":false},"author":1,"featured_media":0,"parent":0,"menu_order":0,"comment_status":"closed","ping_status":"closed","template":"","meta":{"_et_pb_use_builder":"","_et_pb_old_content":"","_et_gb_content_width":"","_uag_custom_page_level_css":"","footnotes":""},"class_list":["post-16199","page","type-page","status-publish","hentry"],"uagb_featured_image_src":{"full":false,"thumbnail":false,"medium":false,"medium_large":false,"large":false,"1536x1536":false,"2048x2048":false,"et-pb-post-main-image":false,"et-pb-post-main-image-fullwidth":false,"et-pb-portfolio-image":false,"et-pb-portfolio-module-image":false,"et-pb-portfolio-image-single":false,"et-pb-gallery-module-image-portrait":false,"et-pb-post-main-image-fullwidth-large":false,"et-pb-image--responsive--desktop":false,"et-pb-image--responsive--tablet":false,"et-pb-image--responsive--phone":false},"uagb_author_info":{"display_name":"dn_admin","author_link":"https:\/\/irishpubcompany.com\/fr\/author\/dn_admin\/"},"uagb_comment_info":0,"uagb_excerpt":"Vieux pubs irlandais The Irish Pub Company a \u00e9t\u00e9 fond\u00e9e en 1990 par Mel McNally. Aujourd&rsquo;hui encore, Mel et l&rsquo;\u00e9quipe de The Irish Pub Company s&rsquo;efforcent de fournir les meilleurs concepts de pubs irlandais au monde. Chez The Irish Pub Company, nous aimons les pubs irlandais ! C&rsquo;est une passion pour nous, nous avons cr\u00e9\u00e9\u2026","_links":{"self":[{"href":"https:\/\/irishpubcompany.com\/fr\/wp-json\/wp\/v2\/pages\/16199","targetHints":{"allow":["GET"]}}],"collection":[{"href":"https:\/\/irishpubcompany.com\/fr\/wp-json\/wp\/v2\/pages"}],"about":[{"href":"https:\/\/irishpubcompany.com\/fr\/wp-json\/wp\/v2\/types\/page"}],"author":[{"embeddable":true,"href":"https:\/\/irishpubcompany.com\/fr\/wp-json\/wp\/v2\/users\/1"}],"replies":[{"embeddable":true,"href":"https:\/\/irishpubcompany.com\/fr\/wp-json\/wp\/v2\/comments?post=16199"}],"version-history":[{"count":0,"href":"https:\/\/irishpubcompany.com\/fr\/wp-json\/wp\/v2\/pages\/16199\/revisions"}],"wp:attachment":[{"href":"https:\/\/irishpubcompany.com\/fr\/wp-json\/wp\/v2\/media?parent=16199"}],"curies":[{"name":"wp","href":"https:\/\/api.w.org\/{rel}","templated":true}]}}