{"id":16200,"date":"2018-11-25T16:40:24","date_gmt":"2018-11-25T16:40:24","guid":{"rendered":"https:\/\/irishpubcompany.com\/tendances-en-matiere-de-conception-de-pubs-irlandais-modernes-par-the-irish-pub-company-et-mcnally-design\/"},"modified":"2018-11-25T16:40:24","modified_gmt":"2018-11-25T16:40:24","slug":"tendances-en-matiere-de-conception-de-pubs-irlandais-modernes-par-the-irish-pub-company-et-mcnally-design","status":"publish","type":"page","link":"https:\/\/irishpubcompany.com\/fr\/tendances-en-matiere-de-conception-de-pubs-irlandais-modernes-par-the-irish-pub-company-et-mcnally-design\/","title":{"rendered":"Tendances en mati\u00e8re de conception de pubs irlandais modernes par The Irish Pub Company et McNally Design"},"content":{"rendered":"<p>Il existe aujourd&rsquo;hui des influences du march\u00e9 qui doivent \u00eatre prises en compte dans la conception.<\/p>\n<p>Influences des clients<br \/>\nL&rsquo;\u00e9volution des pr\u00e9f\u00e9rences des clients a un impact sur la fa\u00e7on dont nous devons g\u00e9rer nos entreprises. Nous devons offrir aux clients une alternative attrayante au fait de rester chez eux, rivaliser avec Netflix et offrir divertissement et excitation. <\/p>\n<p>Influences des boissons<br \/>\nL&rsquo;\u00e9volution des influences des boissons, notamment les bi\u00e8res artisanales, les gins, les whiskys et le caf\u00e9, doit \u00eatre prise en compte dans la conception revitalis\u00e9e. Les clients se soucient davantage du produit qu&rsquo;ils ach\u00e8tent. Racontez l&rsquo;histoire des produits, impliquez et \u00e9duquez les clients.  <\/p>\n<p>L&rsquo;essentiel !<br \/>\nCependant, la principale raison pour laquelle nous parlons des tendances modernes en mati\u00e8re de conception est l&rsquo;essentiel ! La conception moderne a la capacit\u00e9 d&rsquo;accro\u00eetre votre succ\u00e8s, d&rsquo;am\u00e9liorer votre retour sur investissement et d&rsquo;accro\u00eetre votre attrait pour rivaliser avec d&rsquo;autres concepts. Une conception de pub experte vous aidera \u00e0 faire asseoir les clients, et c&rsquo;est l\u00e0 tout l&rsquo;int\u00e9r\u00eat.  <\/p>\n<p><strong>Pour cr\u00e9er un v\u00e9ritable succ\u00e8s, il faut d&rsquo;abord cr\u00e9er un v\u00e9ritable produit. Une excellente conception maintiendra le concept du pub irlandais en vie. Les gens doivent sortir des sentiers battus en mati\u00e8re de conception \u2013 nous devons \u00eatre courageux et repousser les limites de ce que nous savons \u00eatre un pub irlandais.  <\/strong><\/p>\n<h3>Voici quelques tendances en mati\u00e8re de conception de pubs irlandais modernes de The Irish Pub Company et McNally Design :<\/h3>\n<p><a href=\"http:\/\/irishpubcompany.com\/wp-content\/uploads\/2016\/11\/one.jpg\"><img loading=\"lazy\" decoding=\"async\" class=\"size-medium wp-image-5905 aligncenter\" src=\"http:\/\/irishpubcompany.com\/wp-content\/uploads\/2016\/11\/one-300x207.jpg\" alt=\"un\" width=\"300\" height=\"207\"><\/a><\/p>\n<p>Une offre \u00e9largie dans le m\u00eame espace<\/p>\n<p>L&rsquo;atmosph\u00e8re peut sembler \u00eatre un ph\u00e9nom\u00e8ne intangible qui se produit sans effort et ne peut \u00eatre contr\u00f4l\u00e9. Mais en r\u00e9alit\u00e9, un effort de conception concentr\u00e9 cr\u00e9era une atmosph\u00e8re accueillante et agr\u00e9able, une atmosph\u00e8re qui attire les clients et les incite \u00e0 revenir pour la vivre encore et encore&#8230; <\/p>\n","protected":false},"excerpt":{"rendered":"<p>Il existe aujourd&rsquo;hui des influences du march\u00e9 qui doivent \u00eatre prises en compte dans la conception. Influences des clients L&rsquo;\u00e9volution des pr\u00e9f\u00e9rences des clients a un impact sur la fa\u00e7on dont nous devons g\u00e9rer nos entreprises. Nous devons offrir aux clients une alternative attrayante au fait de rester chez eux, rivaliser avec Netflix et offrir [&hellip;]<\/p>\n","protected":false},"author":1,"featured_media":0,"parent":0,"menu_order":0,"comment_status":"closed","ping_status":"closed","template":"","meta":{"_et_pb_use_builder":"","_et_pb_old_content":"","_et_gb_content_width":"","_uag_custom_page_level_css":"","footnotes":""},"class_list":["post-16200","page","type-page","status-publish","hentry"],"uagb_featured_image_src":{"full":false,"thumbnail":false,"medium":false,"medium_large":false,"large":false,"1536x1536":false,"2048x2048":false,"et-pb-post-main-image":false,"et-pb-post-main-image-fullwidth":false,"et-pb-portfolio-image":false,"et-pb-portfolio-module-image":false,"et-pb-portfolio-image-single":false,"et-pb-gallery-module-image-portrait":false,"et-pb-post-main-image-fullwidth-large":false,"et-pb-image--responsive--desktop":false,"et-pb-image--responsive--tablet":false,"et-pb-image--responsive--phone":false},"uagb_author_info":{"display_name":"dn_admin","author_link":"https:\/\/irishpubcompany.com\/fr\/author\/dn_admin\/"},"uagb_comment_info":0,"uagb_excerpt":"Il existe aujourd&rsquo;hui des influences du march\u00e9 qui doivent \u00eatre prises en compte dans la conception. Influences des clients L&rsquo;\u00e9volution des pr\u00e9f\u00e9rences des clients a un impact sur la fa\u00e7on dont nous devons g\u00e9rer nos entreprises. Nous devons offrir aux clients une alternative attrayante au fait de rester chez eux, rivaliser avec Netflix et offrir\u2026","_links":{"self":[{"href":"https:\/\/irishpubcompany.com\/fr\/wp-json\/wp\/v2\/pages\/16200","targetHints":{"allow":["GET"]}}],"collection":[{"href":"https:\/\/irishpubcompany.com\/fr\/wp-json\/wp\/v2\/pages"}],"about":[{"href":"https:\/\/irishpubcompany.com\/fr\/wp-json\/wp\/v2\/types\/page"}],"author":[{"embeddable":true,"href":"https:\/\/irishpubcompany.com\/fr\/wp-json\/wp\/v2\/users\/1"}],"replies":[{"embeddable":true,"href":"https:\/\/irishpubcompany.com\/fr\/wp-json\/wp\/v2\/comments?post=16200"}],"version-history":[{"count":0,"href":"https:\/\/irishpubcompany.com\/fr\/wp-json\/wp\/v2\/pages\/16200\/revisions"}],"wp:attachment":[{"href":"https:\/\/irishpubcompany.com\/fr\/wp-json\/wp\/v2\/media?parent=16200"}],"curies":[{"name":"wp","href":"https:\/\/api.w.org\/{rel}","templated":true}]}}