{"id":16201,"date":"2015-04-20T11:53:07","date_gmt":"2015-04-20T10:53:07","guid":{"rendered":"https:\/\/irishpubcompany.com\/le-concept-de-bar-a-whisky-irish-pub\/"},"modified":"2015-04-20T11:53:07","modified_gmt":"2015-04-20T10:53:07","slug":"le-concept-de-bar-a-whisky-irish-pub","status":"publish","type":"page","link":"https:\/\/irishpubcompany.com\/fr\/le-concept-de-bar-a-whisky-irish-pub\/","title":{"rendered":"Le concept de bar \u00e0 whisky Irish Pub"},"content":{"rendered":"<p>L&rsquo;essor du client averti et \u00e9duqu\u00e9 a un impact sur la conception des bars et des pubs ces derni\u00e8res ann\u00e9es.<\/p>\n<p>Les clients ne se contentent plus de demander une \u00ab bi\u00e8re \u00bb ou un \u00ab whisky \u00bb.<br \/>\nLes clients ne sont plus satisfaits d&rsquo;\u00eatre servis, ils veulent \u00eatre impliqu\u00e9s et ils veulent \u00eatre \u00e9duqu\u00e9s.<br \/>\nLe concept de bar \u00e0 whisky de l&rsquo;Irish Pub Company enthousiasmera les clients, les clients \u00e9duqu\u00e9s et attirera les clients.<\/p>\n<p>L&rsquo;ajout d&rsquo;un bar de d\u00e9gustation de whisky \u00e0 votre pub ajoutera de la valeur et redynamisera votre entreprise. Prenez un bar irlandais existant et transformez-le en ajoutant un bar \u00e0 spiritueux spectaculaire. Avec des zones distinctes pour les rassemblements et des espaces de r\u00e9union cr\u00e9\u00e9s en ajoutant et en concevant une ambiance contemporaine autour d&rsquo;un bar irlandais r\u00e9cup\u00e9r\u00e9.  <\/p>\n<p><a href=\"http:\/\/irishpubcompany.com\/wp-content\/uploads\/2015\/04\/whiskey-concept-pic1.jpg\"><img loading=\"lazy\" decoding=\"async\" class=\" size-medium wp-image-4040 aligncenter\" src=\"http:\/\/irishpubcompany.com\/wp-content\/uploads\/2015\/04\/whiskey-concept-pic1-300x224.jpg\" alt=\"whiskey concept pic\" width=\"300\" height=\"224\"><\/a><\/p>\n<p>Utilisant des mat\u00e9riaux artisanaux et des bois irlandais, le concept de bar \u00e0 whisky de l&rsquo;Irish Pub Company impressionnera m\u00eame les buveurs de whisky les plus chevronn\u00e9s et captivera ceux qui d\u00e9butent dans leur voyage de whisky.<\/p>\n<p>Le confort dans des poches d&rsquo;espaces qui diff\u00e8rent en style et en \u00e9chelle excitera le client et continuera \u00e0 exciter. Avec un int\u00e9rieur rustique et historique mis en valeur par un design et une technologie modernes et l&rsquo;exp\u00e9rience du whisky propos\u00e9e, le concept de whisky de l&rsquo;Irish Pub Company ajoutera de la valeur \u00e0 n&rsquo;importe quelle destination. <\/p>\n<p>Con\u00e7u pour les groupes et les \u00e9v\u00e9nements, ce concept fera de votre entreprise une destination incontournable et permettra aux clients de d\u00e9couvrir le whisky dans toute sa splendeur dans un bar de d\u00e9gustation \u00e9l\u00e9gant avec un barman comp\u00e9tent.<\/p>\n<p>Fin 2014, l&rsquo;Irish Pub Company a con\u00e7u l&rsquo;<span><a style=\"color: #ffcc00;\" title=\"Irish Whiskey Museum\" href=\"http:\/\/www.irishwhiskeymuseum.ie\/\" target=\"_blank\" rel=\"noopener noreferrer\">Irish Whiskey Museum<\/a><\/span> situ\u00e9 \u00e0 Dublin 2. Ce design innovant \u00e9tait le premier de son type en Irlande \u2013 le tout premier Irish Whiskey Museum au monde. <span><a style=\"color: #ffcc00;\" title=\"Conception de l'Irish Whiskey Museum par l'Irish Pub Company\" href=\"http:\/\/irishpubcompany.com\/portfolio-view\/irish-whiskey-museum\/\" target=\"_blank\" rel=\"noopener noreferrer\"> D\u00e9couvrez ici la conception de l&rsquo;Irish Whiskey Museum par l&rsquo;Irish Pub Company.<\/a><\/span><\/p>\n<p><a title=\"Contact the Irish Pub Company\" href=\"http:\/\/irishpubcompany.com\/contact\/\" target=\"_blank\" rel=\"noopener noreferrer\"><span>Contact us to find out more about this design concept.  <\/span><\/a><\/p>\n<p style=\"text-align: center;\"><strong><span style=\"color: #ff0000;\">ATTENTION !<\/span><\/strong><br \/>\n<strong><span style=\"color: #ff0000;\"> Avis de droit d\u2019auteur !<\/span><\/strong><br \/>\n<strong><span style=\"color: #ff0000;\"> Ces conceptions conceptuelles sont la propri\u00e9t\u00e9 intellectuelle de l&rsquo;Irish Pub Company.<\/span><\/strong><\/p>\n<p style=\"text-align: center;\"><a title=\"Inscription \u00e0 la newsletter\" href=\"http:\/\/irishpubcompany.com\/newsletter-signup\/\"><span>Inscrivez-vous \u00e0 notre newsletter pour recevoir des nouvelles et des opinions.<\/span><\/a><\/p>\n","protected":false},"excerpt":{"rendered":"<p>L&rsquo;essor du client averti et \u00e9duqu\u00e9 a un impact sur la conception des bars et des pubs ces derni\u00e8res ann\u00e9es. Les clients ne se contentent plus de demander une \u00ab bi\u00e8re \u00bb ou un \u00ab whisky \u00bb. Les clients ne sont plus satisfaits d&rsquo;\u00eatre servis, ils veulent \u00eatre impliqu\u00e9s et ils veulent \u00eatre \u00e9duqu\u00e9s. Le [&hellip;]<\/p>\n","protected":false},"author":1,"featured_media":0,"parent":0,"menu_order":0,"comment_status":"closed","ping_status":"closed","template":"","meta":{"_et_pb_use_builder":"","_et_pb_old_content":"","_et_gb_content_width":"","_uag_custom_page_level_css":"","footnotes":""},"class_list":["post-16201","page","type-page","status-publish","hentry"],"uagb_featured_image_src":{"full":false,"thumbnail":false,"medium":false,"medium_large":false,"large":false,"1536x1536":false,"2048x2048":false,"et-pb-post-main-image":false,"et-pb-post-main-image-fullwidth":false,"et-pb-portfolio-image":false,"et-pb-portfolio-module-image":false,"et-pb-portfolio-image-single":false,"et-pb-gallery-module-image-portrait":false,"et-pb-post-main-image-fullwidth-large":false,"et-pb-image--responsive--desktop":false,"et-pb-image--responsive--tablet":false,"et-pb-image--responsive--phone":false},"uagb_author_info":{"display_name":"dn_admin","author_link":"https:\/\/irishpubcompany.com\/fr\/author\/dn_admin\/"},"uagb_comment_info":0,"uagb_excerpt":"L&rsquo;essor du client averti et \u00e9duqu\u00e9 a un impact sur la conception des bars et des pubs ces derni\u00e8res ann\u00e9es. Les clients ne se contentent plus de demander une \u00ab bi\u00e8re \u00bb ou un \u00ab whisky \u00bb. Les clients ne sont plus satisfaits d&rsquo;\u00eatre servis, ils veulent \u00eatre impliqu\u00e9s et ils veulent \u00eatre \u00e9duqu\u00e9s. Le\u2026","_links":{"self":[{"href":"https:\/\/irishpubcompany.com\/fr\/wp-json\/wp\/v2\/pages\/16201","targetHints":{"allow":["GET"]}}],"collection":[{"href":"https:\/\/irishpubcompany.com\/fr\/wp-json\/wp\/v2\/pages"}],"about":[{"href":"https:\/\/irishpubcompany.com\/fr\/wp-json\/wp\/v2\/types\/page"}],"author":[{"embeddable":true,"href":"https:\/\/irishpubcompany.com\/fr\/wp-json\/wp\/v2\/users\/1"}],"replies":[{"embeddable":true,"href":"https:\/\/irishpubcompany.com\/fr\/wp-json\/wp\/v2\/comments?post=16201"}],"version-history":[{"count":0,"href":"https:\/\/irishpubcompany.com\/fr\/wp-json\/wp\/v2\/pages\/16201\/revisions"}],"wp:attachment":[{"href":"https:\/\/irishpubcompany.com\/fr\/wp-json\/wp\/v2\/media?parent=16201"}],"curies":[{"name":"wp","href":"https:\/\/api.w.org\/{rel}","templated":true}]}}