{"id":16202,"date":"2015-04-16T11:19:34","date_gmt":"2015-04-16T10:19:34","guid":{"rendered":"https:\/\/irishpubcompany.com\/quand-le-contemporain-rencontre-lheritage-catalan\/"},"modified":"2015-04-16T11:19:34","modified_gmt":"2015-04-16T10:19:34","slug":"quand-le-contemporain-rencontre-lheritage-catalan","status":"publish","type":"page","link":"https:\/\/irishpubcompany.com\/fr\/quand-le-contemporain-rencontre-lheritage-catalan\/","title":{"rendered":"Quand le contemporain rencontre l&rsquo;h\u00e9ritage catalan"},"content":{"rendered":"<h3>Quand le contemporain rencontre l&rsquo;h\u00e9ritage catalan<\/h3>\n<p>Ce concept est une fusion de deux \u00e9poques avec une inspiration de design provenant de la Barcelone contemporaine et de son pass\u00e9 culturel.<\/p>\n<p><a href=\"http:\/\/irishpubcompany.com\/wp-content\/uploads\/2015\/04\/Catalonian-Pic.jpg\" rel=\"http:\/\/plus.google.com\/114548325852759416630?rel=publisher\"><img loading=\"lazy\" decoding=\"async\" class=\"aligncenter wp-image-3948 size-medium\" src=\"http:\/\/irishpubcompany.com\/wp-content\/uploads\/2015\/04\/Catalonian-Pic-300x225.jpg\" alt=\"Image catalane\" width=\"300\" height=\"225\"><\/a><\/p>\n<p><strong><em>Le concept g\u00e9n\u00e9ral est un amalgame de deux \u00e9poques&nbsp;: un design inspir\u00e9 de la Barcelone contemporaine et de son pass\u00e9 culturel.<\/em><\/strong><\/p>\n<p>Les \u00e9l\u00e9ments de design sont omnipr\u00e9sents dans ce concept et expriment l&rsquo;h\u00e9ritage catalan de mani\u00e8re contemporaine&nbsp;:<\/p>\n<p>~ Cascades de lumi\u00e8re<br \/>\n~ Bar arri\u00e8re spectaculaire<br \/>\n~ Pr\u00e9sentoirs de spiritueux<br \/>\n~ Carreaux barcelonais<br \/>\n~ Miroirs anciens<br \/>\n~ Tables suspendues<br \/>\n~ Murs en cuivre avec lettrage catalan en relief<\/p>\n<p><strong>Voici quelques \u00e9l\u00e9ments de design de ce concept&nbsp;:<\/strong><\/p>\n<p>Les si\u00e8ges dans les espaces lounge doivent \u00eatre confortables et accueillants, avec des tables aux courbes m\u00e9talliques qui rappellent le travail inspir\u00e9 de Gehry.<br \/>\n<strong><em>La zone de si\u00e8ges autour de la zone inf\u00e9rieure du lounge est confortable et accueillante, avec des tables aux courbes m\u00e9talliques, de Nuevo inspirado en la obra de GEHRY.<\/em><\/strong><\/p>\n<p>Des pi\u00e8ces de r\u00e9cup\u00e9ration associ\u00e9es \u00e0 des \u00e9l\u00e9ments classiques se fondent pour apporter l&rsquo;h\u00e9ritage catalan au consommateur d&rsquo;une mani\u00e8re qui r\u00e9pond aux pr\u00e9f\u00e9rences et aux influences des consommateurs d&rsquo;aujourd&rsquo;hui.<\/p>\n<p>Les fen\u00eatres auraient des motifs subtils, sugg\u00e9rant un reflet des carreaux catalans, cr\u00e9ant un sentiment d&rsquo;intimit\u00e9 tout en permettant \u00e0 la lumi\u00e8re de les traverser.<br \/>\n<strong><em>El cielo falso general es tratado en plateado y un c\u00e1lido dorado, suavemente reflectante donde se ve reforzada por la iluminacion de la org\u00e1nica esculture aerea.<\/em><\/strong><\/p>\n<p>Ce design promet d&rsquo;attirer et d&rsquo;enthousiasmer les clients, d&rsquo;ajouter de la valeur pour l&rsquo;exploitant et de refl\u00e9ter v\u00e9ritablement l&rsquo;h\u00e9ritage catalan et les influences culturelles.<\/p>\n<p style=\"text-align: center;\"><a title=\"Envoyez un e-mail \u00e0 l'\u00e9quipe d'Irish Pub Company\" href=\"mailto:info@irishpubcompany.com\"><span><strong>Ce design est-il fait pour vous&nbsp;? Contactez-nous d\u00e8s aujourd&rsquo;hui pour en savoir plus.  <\/strong><\/span><\/a><\/p>\n<p style=\"text-align: center;\"><a title=\"Envoyez un e-mail \u00e0 l'\u00e9quipe d'Irish Pub Company\" href=\"mailto:info@irishpubcompany.com\"><span><strong>  \u00bfEs este el dise\u00f1o para usted ? P\u00f3ngase en contacto con nosotros hoy para saber c\u00f3mo podemos hacer que este concepto de dise\u00f1o de trabajo para usted. <\/strong><\/span><\/a><\/p>\n<p style=\"text-align: center;\"><span style=\"color: #ff0000;\">ATTENTION !<\/span><br \/>\n<span style=\"color: #ff0000;\"> Avis de droit d\u2019auteur !<\/span><\/p>\n<p style=\"text-align: center;\"><span style=\"color: #ff0000;\">Ces concepts de design sont la propri\u00e9t\u00e9 intellectuelle de l\u2019Irish Pub Company.<\/span><\/p>\n<p style=\"text-align: center;\"><a title=\"Inscription \u00e0 la newsletter\" href=\"http:\/\/irishpubcompany.com\/newsletter-signup\/\"><span>Inscrivez-vous \u00e0 notre newsletter pour recevoir des nouvelles et des opinions. <\/span><\/a><\/p>\n<p style=\"text-align: center;\"><span style=\"color: #ffffff;\"><a style=\"color: #ffffff;\" title=\"Inscription \u00e0 la newsletter \" href=\"http:\/\/irishpubcompany.com\/newsletter-signup\/\">Inscrivez-vous \u00e0 notre newsletter pour recevoir des nouvelles et des opinions. <\/a><\/span><\/p>\n","protected":false},"excerpt":{"rendered":"<p>Quand le contemporain rencontre l&rsquo;h\u00e9ritage catalan Ce concept est une fusion de deux \u00e9poques avec une inspiration de design provenant de la Barcelone contemporaine et de son pass\u00e9 culturel. Le concept g\u00e9n\u00e9ral est un amalgame de deux \u00e9poques&nbsp;: un design inspir\u00e9 de la Barcelone contemporaine et de son pass\u00e9 culturel. Les \u00e9l\u00e9ments de design sont [&hellip;]<\/p>\n","protected":false},"author":1,"featured_media":0,"parent":0,"menu_order":0,"comment_status":"closed","ping_status":"closed","template":"","meta":{"_et_pb_use_builder":"","_et_pb_old_content":"","_et_gb_content_width":"","_uag_custom_page_level_css":"","footnotes":""},"class_list":["post-16202","page","type-page","status-publish","hentry"],"uagb_featured_image_src":{"full":false,"thumbnail":false,"medium":false,"medium_large":false,"large":false,"1536x1536":false,"2048x2048":false,"et-pb-post-main-image":false,"et-pb-post-main-image-fullwidth":false,"et-pb-portfolio-image":false,"et-pb-portfolio-module-image":false,"et-pb-portfolio-image-single":false,"et-pb-gallery-module-image-portrait":false,"et-pb-post-main-image-fullwidth-large":false,"et-pb-image--responsive--desktop":false,"et-pb-image--responsive--tablet":false,"et-pb-image--responsive--phone":false},"uagb_author_info":{"display_name":"dn_admin","author_link":"https:\/\/irishpubcompany.com\/fr\/author\/dn_admin\/"},"uagb_comment_info":0,"uagb_excerpt":"Quand le contemporain rencontre l&rsquo;h\u00e9ritage catalan Ce concept est une fusion de deux \u00e9poques avec une inspiration de design provenant de la Barcelone contemporaine et de son pass\u00e9 culturel. Le concept g\u00e9n\u00e9ral est un amalgame de deux \u00e9poques&nbsp;: un design inspir\u00e9 de la Barcelone contemporaine et de son pass\u00e9 culturel. Les \u00e9l\u00e9ments de design sont\u2026","_links":{"self":[{"href":"https:\/\/irishpubcompany.com\/fr\/wp-json\/wp\/v2\/pages\/16202","targetHints":{"allow":["GET"]}}],"collection":[{"href":"https:\/\/irishpubcompany.com\/fr\/wp-json\/wp\/v2\/pages"}],"about":[{"href":"https:\/\/irishpubcompany.com\/fr\/wp-json\/wp\/v2\/types\/page"}],"author":[{"embeddable":true,"href":"https:\/\/irishpubcompany.com\/fr\/wp-json\/wp\/v2\/users\/1"}],"replies":[{"embeddable":true,"href":"https:\/\/irishpubcompany.com\/fr\/wp-json\/wp\/v2\/comments?post=16202"}],"version-history":[{"count":0,"href":"https:\/\/irishpubcompany.com\/fr\/wp-json\/wp\/v2\/pages\/16202\/revisions"}],"wp:attachment":[{"href":"https:\/\/irishpubcompany.com\/fr\/wp-json\/wp\/v2\/media?parent=16202"}],"curies":[{"name":"wp","href":"https:\/\/api.w.org\/{rel}","templated":true}]}}