{"id":16204,"date":"2015-09-21T10:20:58","date_gmt":"2015-09-21T09:20:58","guid":{"rendered":"https:\/\/irishpubcompany.com\/irish-pub-company-concepteur-de-bars-et-pubs-irlandais\/"},"modified":"2015-09-21T10:20:58","modified_gmt":"2015-09-21T09:20:58","slug":"irish-pub-company-concepteur-de-bars-et-pubs-irlandais","status":"publish","type":"page","link":"https:\/\/irishpubcompany.com\/fr\/irish-pub-company-concepteur-de-bars-et-pubs-irlandais\/","title":{"rendered":"Irish Pub Company \u2013 Concepteur de bars et pubs irlandais"},"content":{"rendered":"<p>The Irish Pub Company est sp\u00e9cialis\u00e9e dans la conception, la fabrication, l\u2019installation et la modernisation d\u2019authentiques pubs irlandais, bars, restaurants et bo\u00eetes de nuit \u00e0 travers le monde.<\/p>\n<p><a href=\"http:\/\/irishpubcompany.com\/portfolio\/portfolio\/\" target=\"_blank\" rel=\"noopener noreferrer\">Notre portfolio de conceptions<\/a> est vaste et vari\u00e9. Aucun site n&rsquo;est trop grand et aucun projet trop petit pour un concept de design de l&rsquo;Irish Pub Company de classe mondiale. <\/p>\n<div id=\"attachment_5035\" style=\"width: 310px\" class=\"wp-caption aligncenter\"><a href=\"http:\/\/irishpubcompany.com\/wp-content\/uploads\/2015\/12\/Capture1.jpg\"><img loading=\"lazy\" decoding=\"async\" aria-describedby=\"caption-attachment-5035\" class=\"size-medium wp-image-5035\" src=\"http:\/\/irishpubcompany.com\/wp-content\/uploads\/2015\/12\/Capture1-300x199.jpg\" alt=\"Kilkenny Irish Pub Berlin, Guinness Irish Pub de l\u2019ann\u00e9e, Concept de pub irlandais\" width=\"300\" height=\"199\"><\/a><p id=\"caption-attachment-5035\" class=\"wp-caption-text\">Kilkenny Irish Pub Berlin, Guinness Irish Pub de l\u2019ann\u00e9e, Concept de pub irlandais<\/p><\/div>\n<h2 style=\"text-align: center;\"><em><strong>Le processus de conception et de construction de The Irish Pub Company<\/strong><\/em><\/h2>\n<p>Gr\u00e2ce \u00e0 la nature sans stress de nos services de conception et de construction, nous sommes devenus le leader du march\u00e9 pour la conception et la construction de pubs irlandais. Nous offrons un service cl\u00e9 en main, de la conversation initiale au d\u00e9veloppement du concept de design, jusqu&rsquo;\u00e0 l&rsquo;arriv\u00e9e sur votre site o\u00f9 nous am\u00e9nageons votre pub. <\/p>\n<h2 style=\"text-align: center;\"><em><strong>Nous concevons des pubs irlandais authentiques qui font leurs preuves.<\/strong><\/em><\/h2>\n<p>Nos conceptions prim\u00e9es sont bas\u00e9es sur des principes commerciaux solides qui :<br \/>\n~ apportent une valeur ajout\u00e9e,<br \/>\n~ rehaussent les normes et<br \/>\n~ am\u00e9liorent la marque d&rsquo;un propri\u00e9taire et exploitant de projet.<\/p>\n<p><a href=\"http:\/\/irishpubcompany.com\/wp-content\/uploads\/2011\/07\/stamps-victorian.jpg\" rel=\"http:\/\/plus.google.com\/114548325852759416630?rel=publisher\"><img loading=\"lazy\" decoding=\"async\" class=\"aligncenter wp-image-3227 size-medium\" title=\"Stamps Landing Canada, conception et construction de pub de style victorien par l'Irish Pub Company\" src=\"http:\/\/irishpubcompany.com\/wp-content\/uploads\/2011\/07\/stamps-victorian-300x200.jpg\" alt=\"Stamps Landing Canada, conception et construction de pub de style victorien par l'Irish Pub Company\" width=\"300\" height=\"200\"><\/a><\/p>\n<h2 style=\"text-align: left;\"><em><strong>Irish Pub Company \u2013 Nos services :<\/strong><\/em><\/h2>\n<ul>\n<li>D\u00e9veloppement de concept<\/li>\n<li>Design d&rsquo;int\u00e9rieur<\/li>\n<li>Am\u00e9nagement et construction<\/li>\n<li>\u00c9clairage et mobilier<\/li>\n<li>Conception de la fa\u00e7ade du magasin<\/li>\n<li>Modernisation<\/li>\n<li>Conseil<\/li>\n<li>Image de marque<\/li>\n<li>Architecture<\/li>\n<li>Gestion de projet et passation de march\u00e9s<\/li>\n<\/ul>\n<p style=\"text-align: left;\"><a href=\"http:\/\/irishpubcompany.com\/wp-content\/uploads\/2015\/05\/8311173418_181d79f52a_b.jpg\" rel=\"http:\/\/plus.google.com\/114548325852759416630?rel=publisher\"><img loading=\"lazy\" decoding=\"async\" class=\"aligncenter wp-image-4200 size-medium\" title=\"Fad\u00f3 Pub Seattle, con\u00e7u et construit par l'Irish Pub Company\" src=\"http:\/\/irishpubcompany.com\/wp-content\/uploads\/2015\/05\/8311173418_181d79f52a_b-300x200.jpg\" alt=\"Fad\u00f3 Pub Seattle, con\u00e7u et construit par l'Irish Pub Company\" width=\"300\" height=\"200\"><\/a><\/p>\n<h2 style=\"text-align: left;\"><strong>Pourquoi choisir The Irish Pub Company ?<\/strong><\/h2>\n<p style=\"text-align: center;\">~ Nous avons de l&rsquo;exp\u00e9rience dans le travail en Allemagne<br \/>\n~ Nos pubs font leurs preuves<br \/>\n~ Nous avons cr\u00e9\u00e9 certains des pubs les plus prosp\u00e8res au monde<br \/>\n~ Nous cr\u00e9ons des pubs de tous les styles<br \/>\n~ Nous sommes le SEUL partenaire officiel du concept Guinness Irish Pub<\/p>\n<p style=\"text-align: center;\"><span><em><strong><a href=\"mailto:info@irishpubcompany.com\" target=\"_blank\" rel=\"noopener noreferrer\">D\u00e9cidez de moderniser et de r\u00e9am\u00e9nager votre pub, club, bar ou restaurant<\/a><\/strong><\/em><\/span><\/p>\n<div id=\"attachment_4181\" style=\"width: 310px\" class=\"wp-caption aligncenter\"><a href=\"http:\/\/irishpubcompany.com\/wp-content\/uploads\/2015\/05\/Victorian-Collage.jpg\" rel=\"http:\/\/plus.google.com\/114548325852759416630?rel=publisher\"><img loading=\"lazy\" decoding=\"async\" aria-describedby=\"caption-attachment-4181\" class=\"wp-image-4181 size-medium\" title=\"Victorian Irish Pub Concept de l\u2019Irish Pub Company\" src=\"http:\/\/irishpubcompany.com\/wp-content\/uploads\/2015\/05\/Victorian-Collage-300x209.jpg\" alt=\"Victorian Irish Pub Concept de l\u2019Irish Pub Company\" width=\"300\" height=\"209\"><\/a><p id=\"caption-attachment-4181\" class=\"wp-caption-text\">Victorian Irish Pub Concept de l\u2019Irish Pub Company<\/p><\/div>\n<h2 style=\"text-align: center;\">Le processus de conception et de construction de l&rsquo;Irish Pub Company<\/h2>\n<p><a href=\"http:\/\/irishpubcompany.com\/wp-content\/uploads\/2015\/07\/three-steps.jpg\" rel=\"http:\/\/plus.google.com\/114548325852759416630?rel=publisher\"><img loading=\"lazy\" decoding=\"async\" class=\"aligncenter wp-image-4331\" src=\"http:\/\/irishpubcompany.com\/wp-content\/uploads\/2015\/07\/three-steps-300x86.jpg\" alt=\"trois \u00e9tapes\" width=\"499\" height=\"143\"><\/a><\/p>\n<p style=\"text-align: center;\"><a href=\"emailto:info@irishpubcompany.com\" target=\"_blank\" rel=\"noopener noreferrer\">Contactez l&rsquo;\u00e9quipe de l&rsquo;Irish Pub Company<\/a><br \/>\n<a href=\"emailto:info@irishpubcompany.com\" target=\"_blank\" rel=\"noopener noreferrer\">Email : info@irishpubcompany.com<\/a><\/p>\n<p style=\"text-align: center;\"><strong>Nous sommes impatients de vous lire !<\/strong><\/p>\n","protected":false},"excerpt":{"rendered":"<p>The Irish Pub Company est sp\u00e9cialis\u00e9e dans la conception, la fabrication, l\u2019installation et la modernisation d\u2019authentiques pubs irlandais, bars, restaurants et bo\u00eetes de nuit \u00e0 travers le monde. Notre portfolio de conceptions est vaste et vari\u00e9. Aucun site n&rsquo;est trop grand et aucun projet trop petit pour un concept de design de l&rsquo;Irish Pub Company [&hellip;]<\/p>\n","protected":false},"author":1,"featured_media":0,"parent":0,"menu_order":0,"comment_status":"closed","ping_status":"closed","template":"","meta":{"_et_pb_use_builder":"","_et_pb_old_content":"","_et_gb_content_width":"","_uag_custom_page_level_css":"","footnotes":""},"class_list":["post-16204","page","type-page","status-publish","hentry"],"uagb_featured_image_src":{"full":false,"thumbnail":false,"medium":false,"medium_large":false,"large":false,"1536x1536":false,"2048x2048":false,"et-pb-post-main-image":false,"et-pb-post-main-image-fullwidth":false,"et-pb-portfolio-image":false,"et-pb-portfolio-module-image":false,"et-pb-portfolio-image-single":false,"et-pb-gallery-module-image-portrait":false,"et-pb-post-main-image-fullwidth-large":false,"et-pb-image--responsive--desktop":false,"et-pb-image--responsive--tablet":false,"et-pb-image--responsive--phone":false},"uagb_author_info":{"display_name":"dn_admin","author_link":"https:\/\/irishpubcompany.com\/fr\/author\/dn_admin\/"},"uagb_comment_info":0,"uagb_excerpt":"The Irish Pub Company est sp\u00e9cialis\u00e9e dans la conception, la fabrication, l\u2019installation et la modernisation d\u2019authentiques pubs irlandais, bars, restaurants et bo\u00eetes de nuit \u00e0 travers le monde. Notre portfolio de conceptions est vaste et vari\u00e9. Aucun site n&rsquo;est trop grand et aucun projet trop petit pour un concept de design de l&rsquo;Irish Pub Company\u2026","_links":{"self":[{"href":"https:\/\/irishpubcompany.com\/fr\/wp-json\/wp\/v2\/pages\/16204","targetHints":{"allow":["GET"]}}],"collection":[{"href":"https:\/\/irishpubcompany.com\/fr\/wp-json\/wp\/v2\/pages"}],"about":[{"href":"https:\/\/irishpubcompany.com\/fr\/wp-json\/wp\/v2\/types\/page"}],"author":[{"embeddable":true,"href":"https:\/\/irishpubcompany.com\/fr\/wp-json\/wp\/v2\/users\/1"}],"replies":[{"embeddable":true,"href":"https:\/\/irishpubcompany.com\/fr\/wp-json\/wp\/v2\/comments?post=16204"}],"version-history":[{"count":0,"href":"https:\/\/irishpubcompany.com\/fr\/wp-json\/wp\/v2\/pages\/16204\/revisions"}],"wp:attachment":[{"href":"https:\/\/irishpubcompany.com\/fr\/wp-json\/wp\/v2\/media?parent=16204"}],"curies":[{"name":"wp","href":"https:\/\/api.w.org\/{rel}","templated":true}]}}