{"id":16208,"date":"2015-09-10T11:14:17","date_gmt":"2015-09-10T10:14:17","guid":{"rendered":"https:\/\/irishpubcompany.com\/histoire-des-pubs-irlandais\/"},"modified":"2015-09-10T11:14:17","modified_gmt":"2015-09-10T10:14:17","slug":"histoire-des-pubs-irlandais","status":"publish","type":"page","link":"https:\/\/irishpubcompany.com\/fr\/histoire-des-pubs-irlandais\/","title":{"rendered":"Histoire des pubs irlandais"},"content":{"rendered":"<p><img loading=\"lazy\" decoding=\"async\" class=\"alignleft wp-image-2263 size-medium\" src=\"http:\/\/irishpubcompany.com\/wp-content\/uploads\/2014\/08\/Victorian-Image_680x450-300x198.jpg\" alt=\"Nine Fine Irishmen Las Vegas&nbsp;: conception et construction d\u2019un pub irlandais par The Irish Pub Company\" width=\"300\" height=\"198\">  Un pub irlandais, c\u2019est bien plus qu\u2019un simple endroit o\u00f9 boire un verre. La culture des pubs en Irlande a une tr\u00e8s longue histoire, mais elle repose essentiellement sur un sentiment de camaraderie et d\u2019amiti\u00e9. Au cours du si\u00e8cle dernier, le pub irlandais a \u00e9t\u00e9 un centre social et communautaire pour les Irlandais. Il sert \u00e0 la fois de lieu de consommation d\u2019alcool et de lieu de rencontre entre amis, voisins et m\u00eame parfaits inconnus, pour converser dans une atmosph\u00e8re d\u00e9tendue. Les f\u00eates sont c\u00e9l\u00e9br\u00e9es dans le pub irlandais&nbsp;: mariages, fun\u00e9railles, veill\u00e9es mortuaires, bapt\u00eames, anniversaires et toutes les autres c\u00e9l\u00e9brations auxquelles vous pouvez penser.    <\/p>\n<p>Les Irlandais ont ce qu\u2019on appelle \u00ab&nbsp;le local&nbsp;\u00bb, c\u2019est-\u00e0-dire le pub qu\u2019ils fr\u00e9quentent peut-\u00eatre tous les jours. Il existe g\u00e9n\u00e9ralement une compr\u00e9hension et une informalit\u00e9 tr\u00e8s \u00e9troites et mutuelles entre le client et le personnel du bar et, dans de nombreux cas, en particulier dans les pubs de campagne, pratiquement tous les clients se connaissent bien. En effet, pour un barman, demander \u00e0 un habitu\u00e9 ce qu\u2019il aimerait boire reviendrait \u00e0 lui demander son nom. L\u2019Irlande compte plus de 10&nbsp;000&nbsp;pubs, vous n\u2019aurez donc pas \u00e0 aller bien loin pour boire un verre. Les pubs sont des creusets de rencontres sociales, dans lesquels toutes les classes sociales se rencontrent.    <\/p>\n<p><img loading=\"lazy\" decoding=\"async\" class=\"alignleft wp-image-2451 size-medium\" src=\"http:\/\/irishpubcompany.com\/wp-content\/uploads\/2014\/08\/PJ-Gallaghers_Sydney1-300x199.jpg\" alt=\"PJ-Gallagher's_Sydney1\" width=\"300\" height=\"199\">L\u2019Irlande produit les meilleures stouts et les meilleurs whiskeys au monde, et les Irlandais sont r\u00e9put\u00e9s pour leurs habitudes de consommation. La Guinness est en effet non seulement la bi\u00e8re la plus courante en Irlande, mais aussi une sorte de symbole national. Le whiskey irlandais, qu\u2019il s\u2019agisse de Bushmills, de Jameson ou de Blackbush, jouit d\u2019une grande popularit\u00e9 aupr\u00e8s des connaisseurs de whiskey et se trouve dans tous les bons bars irlandais du monde.  <\/p>\n<p>Le pub irlandais est un \u00e9l\u00e9ment important de la culture irlandaise. Le pub irlandais a produit bon nombre de nos grands \u00e9crivains. James Joyce, Samuel Beckett, Oscar Wilde et Brendan Behan ont tous \u00e9crit des histoires dont le centre \u00e9tait le pub irlandais. Bon nombre de grands \u00e9crivains ont cherch\u00e9 leur inspiration dans les pubs irlandais.   <\/p>\n<p><img loading=\"lazy\" decoding=\"async\" class=\"alignleft wp-image-2452 size-medium\" src=\"http:\/\/irishpubcompany.com\/wp-content\/uploads\/2014\/08\/PJ-Gallaghers_Sydney2-300x199.jpg\" alt=\"PJ-Gallagher's_Sydney2\" width=\"300\" height=\"199\">Un autre ph\u00e9nom\u00e8ne est le pub de musique irlandaise traditionnelle, o\u00f9 des musiciens de tous horizons se r\u00e9unissent pour des sessions o\u00f9 tous ceux qui le souhaitent peuvent se joindre spontan\u00e9ment. C\u2019est g\u00e9n\u00e9ralement gratuit et de nombreux propri\u00e9taires de pubs rendent la pareille en offrant des boissons gratuites aux musiciens assoiff\u00e9s. Il est rare qu\u2019un touriste revienne d\u2019un voyage en Irlande sans qu\u2019un air m\u00e9morable ne soit grav\u00e9 dans son c\u0153ur. Ces sessions de musique traditionnelle contiennent toute la gamme de l\u2019existence humaine, et souvent ils chantent l\u2019affection passionn\u00e9e pour la boisson et ses cons\u00e9quences.   <\/p>\n<p>Lorsque quelqu\u2019un vous invite dans un pub irlandais, il est de coutume qu\u2019il paie les premi\u00e8res consommations. Mais vous devriez commander la prochaine tourn\u00e9e avant que les autres ne terminent leurs boissons afin de rester dans l\u2019esprit. <\/p>\n<p>LE PUB IRLANDAIS reste l\u2019attraction num\u00e9ro un pour les visiteurs.<\/p>\n<p><a href=\"http:\/\/irishpubcompany.com\/contact\/\">Cliquez ici si vous voulez savoir comment poss\u00e9der et g\u00e9rer votre propre pub irlandais partout dans le monde<\/a><\/p>\n","protected":false},"excerpt":{"rendered":"<p>Un pub irlandais, c\u2019est bien plus qu\u2019un simple endroit o\u00f9 boire un verre. La culture des pubs en Irlande a une tr\u00e8s longue histoire, mais elle repose essentiellement sur un sentiment de camaraderie et d\u2019amiti\u00e9. Au cours du si\u00e8cle dernier, le pub irlandais a \u00e9t\u00e9 un centre social et communautaire pour les Irlandais. Il sert [&hellip;]<\/p>\n","protected":false},"author":1,"featured_media":0,"parent":0,"menu_order":0,"comment_status":"closed","ping_status":"closed","template":"","meta":{"_et_pb_use_builder":"","_et_pb_old_content":"","_et_gb_content_width":"","_uag_custom_page_level_css":"","footnotes":""},"class_list":["post-16208","page","type-page","status-publish","hentry"],"uagb_featured_image_src":{"full":false,"thumbnail":false,"medium":false,"medium_large":false,"large":false,"1536x1536":false,"2048x2048":false,"et-pb-post-main-image":false,"et-pb-post-main-image-fullwidth":false,"et-pb-portfolio-image":false,"et-pb-portfolio-module-image":false,"et-pb-portfolio-image-single":false,"et-pb-gallery-module-image-portrait":false,"et-pb-post-main-image-fullwidth-large":false,"et-pb-image--responsive--desktop":false,"et-pb-image--responsive--tablet":false,"et-pb-image--responsive--phone":false},"uagb_author_info":{"display_name":"dn_admin","author_link":"https:\/\/irishpubcompany.com\/fr\/author\/dn_admin\/"},"uagb_comment_info":0,"uagb_excerpt":"Un pub irlandais, c\u2019est bien plus qu\u2019un simple endroit o\u00f9 boire un verre. La culture des pubs en Irlande a une tr\u00e8s longue histoire, mais elle repose essentiellement sur un sentiment de camaraderie et d\u2019amiti\u00e9. Au cours du si\u00e8cle dernier, le pub irlandais a \u00e9t\u00e9 un centre social et communautaire pour les Irlandais. Il sert\u2026","_links":{"self":[{"href":"https:\/\/irishpubcompany.com\/fr\/wp-json\/wp\/v2\/pages\/16208","targetHints":{"allow":["GET"]}}],"collection":[{"href":"https:\/\/irishpubcompany.com\/fr\/wp-json\/wp\/v2\/pages"}],"about":[{"href":"https:\/\/irishpubcompany.com\/fr\/wp-json\/wp\/v2\/types\/page"}],"author":[{"embeddable":true,"href":"https:\/\/irishpubcompany.com\/fr\/wp-json\/wp\/v2\/users\/1"}],"replies":[{"embeddable":true,"href":"https:\/\/irishpubcompany.com\/fr\/wp-json\/wp\/v2\/comments?post=16208"}],"version-history":[{"count":0,"href":"https:\/\/irishpubcompany.com\/fr\/wp-json\/wp\/v2\/pages\/16208\/revisions"}],"wp:attachment":[{"href":"https:\/\/irishpubcompany.com\/fr\/wp-json\/wp\/v2\/media?parent=16208"}],"curies":[{"name":"wp","href":"https:\/\/api.w.org\/{rel}","templated":true}]}}